{"id":99603,"date":"2025-10-04T13:07:38","date_gmt":"2025-10-04T11:07:38","guid":{"rendered":"https:\/\/www.raschvin.com\/?post_type=product&#038;p=99603"},"modified":"2025-10-04T13:15:05","modified_gmt":"2025-10-04T11:15:05","slug":"ricard-70-cl-45-kopier","status":"publish","type":"product","link":"https:\/\/www.raschvin.com\/sv\/produkt\/ricard-70-cl-45-kopier\/","title":{"rendered":"Ricard Plantes Fraiches 70 cl. 45%"},"content":{"rendered":"<p>Ricard Plantes Fra\u00eeches \u00e4r en innovativ version av pastis fr\u00e5n Marseille, tillverkad uteslutande med f\u00e4rsk anis. Denna variant \u00e4r resultatet av ett samarbete med producenter p\u00e5 Valensole-plat\u00e5n, som odlar de f\u00e4rska v\u00e4xterna i hj\u00e4rtat av Haute-Provence. V\u00e4xterna destilleras samma dag som de sk\u00f6rdas, vilket ger en unik aromatisk kvalitet. Ricard Plantes Fra\u00eeches utm\u00e4rker sig genom sin typiska anis- och \u00f6rtkarakt\u00e4r samt sin l\u00e4tta och delikata smak.<\/p>\n","protected":false},"excerpt":{"rendered":"<p>Pastis de Marseille &#8211; France<\/p>\n","protected":false},"featured_media":99633,"template":"","meta":{"_acf_changed":false,"rs_blank_template":"","rs_page_bg_color":"","slide_template_v7":""},"product_brand":[],"product_cat":[2406],"product_tag":[],"class_list":{"0":"post-99603","1":"product","2":"type-product","3":"status-publish","4":"has-post-thumbnail","6":"product_cat-ouzo-raki-pastis-sv","7":"pa_land-frankrike","8":"pa_procent-45-sv","9":"pa_producent-pernod-ricard-sv","10":"pa_volume-70-sv-2","12":"first","13":"instock","14":"taxable","15":"shipping-taxable","16":"purchasable","17":"product-type-simple"},"bundled_by":[],"bundle_stock_status":"instock","bundle_stock_quantity":null,"bundle_virtual":false,"bundle_layout":"","bundle_add_to_cart_form_location":"","bundle_editable_in_cart":false,"bundle_sold_individually_context":"","bundle_item_grouping":"","bundle_min_size":"","bundle_max_size":"","bundle_price":[],"bundled_items":[],"bundle_sell_ids":[],"acf":[],"_links":{"self":[{"href":"https:\/\/www.raschvin.com\/sv\/wp-json\/wp\/v2\/product\/99603","targetHints":{"allow":["GET"]}}],"collection":[{"href":"https:\/\/www.raschvin.com\/sv\/wp-json\/wp\/v2\/product"}],"about":[{"href":"https:\/\/www.raschvin.com\/sv\/wp-json\/wp\/v2\/types\/product"}],"wp:featuredmedia":[{"embeddable":true,"href":"https:\/\/www.raschvin.com\/sv\/wp-json\/wp\/v2\/media\/99633"}],"wp:attachment":[{"href":"https:\/\/www.raschvin.com\/sv\/wp-json\/wp\/v2\/media?parent=99603"}],"wp:term":[{"taxonomy":"product_brand","embeddable":true,"href":"https:\/\/www.raschvin.com\/sv\/wp-json\/wp\/v2\/product_brand?post=99603"},{"taxonomy":"product_cat","embeddable":true,"href":"https:\/\/www.raschvin.com\/sv\/wp-json\/wp\/v2\/product_cat?post=99603"},{"taxonomy":"product_tag","embeddable":true,"href":"https:\/\/www.raschvin.com\/sv\/wp-json\/wp\/v2\/product_tag?post=99603"}],"curies":[{"name":"wp","href":"https:\/\/api.w.org\/{rel}","templated":true}]}}