{"id":99598,"date":"2025-10-04T12:53:49","date_gmt":"2025-10-04T10:53:49","guid":{"rendered":"https:\/\/www.raschvin.com\/?post_type=product&#038;p=99598"},"modified":"2025-10-04T13:01:43","modified_gmt":"2025-10-04T11:01:43","slug":"laphroaig-30-years-70-cl-459-kopier","status":"publish","type":"product","link":"https:\/\/www.raschvin.com\/sv\/produkt\/laphroaig-30-years-70-cl-459-kopier\/","title":{"rendered":"Laphroaig 36 Years Archive Collection 70 cl. 40,2%"},"content":{"rendered":"<p>The Archive Collection 36 Year Old tar dig med p\u00e5 en decennium-f\u00f6r-decennium resa genom smaker. Detta \u00e4r den f\u00f6rsta utg\u00e5van i en ny serie av mycket begr\u00e4nsade lagrade whiskies. Varje flaska \u00e4r handbl\u00e5st och inspirerad av det gr\u00f6na havsglas man hittar p\u00e5 Islays str\u00e4nder.<\/p>\n<p>F\u00e4rg: Rik, honungsf\u00e4rgad b\u00e4rnsten.<br \/>\nDoft: S\u00f6t honung med inslag av vit persika och mango, f\u00f6ljt av kr\u00e4mig m\u00f6rk kola, vanilj och cedertr\u00e4 samt subtila toner av vintergr\u00f6na oljor, br\u00e4nd salvia och lakritsrot.<\/p>\n<p>Smak: Livlig och s\u00f6t med smak av apelsin och tropiska frukter.<\/p>\n<p>Smaken fyller f\u00f6rst munnen och \u00f6verg\u00e5r sedan gradvis till en mer torr k\u00e4nsla.<\/p>\n<p>Eftersmak: Varm och l\u00e5ngvarig med tydlig torvr\u00f6k i munnen och en salt touch p\u00e5 l\u00e4pparna.<\/p>\n<p>Lagring: Mogen p\u00e5 amerikanska ekfat och avslutad p\u00e5 ett Oloroso-sherryfat, vilket ger rik smak och djup.<\/p>\n<p>Med endast 400 flaskor v\u00e4rlden \u00f6ver \u00e4r detta en s\u00e4llsynt upplevelse. Destillerichef Barry MacAffer beskriver den f\u00f6rsta provningen som en sl\u00e5ende och raffinerad upplevelse, d\u00e4r sherryfadet ger whiskyn en fyllig och komplex karakt\u00e4r.<\/p>\n<p>Whiskys av denna \u00e5lder g\u00e5r ofta igenom en \u201csmakkurva\u201d, d\u00e4r olika smaker f\u00e5r sin stund i rampljuset. F\u00f6rst den klassiska torvr\u00f6ken, d\u00e4refter tropisk frukt, och sedan tillbaka till torv. Som Barry s\u00e4ger: \u201cTorvr\u00f6k \u00e4r en envis smak \u2013 den f\u00f6rsvinner aldrig, den drar sig bara lite tillbaka.\u201d<\/p>\n<p>The Archive Collection 36 Year Old \u00e4r fyllig, r\u00f6kig och med en salt kant, formad och rundad \u00f6ver decennier \u2013 precis som det gr\u00f6na havsglas som inspirerat flaskans kurvor och texturerade hals. Varje flaska \u00e4r handbl\u00e5st, laserskuren och utan etiketter, vilket g\u00f6r den till ett unikt samlarobjekt.<\/p>\n<p>Den \u00f6verraskande fruktiga smaken under Laphroaigs signaturr\u00f6k \u00e4r perfekt balanserad tack vare lagring f\u00f6rst p\u00e5 ex-bourbonfat och sedan p\u00e5 Oloroso-sherryfat. Sherryfadet tillf\u00f6r subtila lager av komplexitet och djup till den klassiska Laphroaig-smaken.<\/p>\n<p>Denna whisky \u00e4r ett bevis p\u00e5 master-distillerns skicklighet i att bevara och framh\u00e4va torvr\u00f6ken i en 36-\u00e5rig single malt.<\/p>\n","protected":false},"excerpt":{"rendered":"<p>Islay Single Malt Scotch Whisky<\/p>\n","protected":false},"featured_media":99660,"template":"","meta":{"_acf_changed":false,"rs_blank_template":"","rs_page_bg_color":"","slide_template_v7":""},"product_brand":[],"product_cat":[2387,4651,2392],"product_tag":[],"class_list":{"0":"post-99598","1":"product","2":"type-product","3":"status-publish","4":"has-post-thumbnail","6":"product_cat-avec-sv","7":"product_cat-single-malt-sv","8":"product_cat-whisky-sv","9":"pa_land-skottland","10":"pa_procent-40-2-sv","11":"pa_producent-laphroaig-sv","12":"pa_region-islay-sv","13":"pa_volume-70-sv-2","15":"first","16":"instock","17":"taxable","18":"shipping-taxable","19":"purchasable","20":"product-type-simple"},"bundled_by":[],"bundle_stock_status":"instock","bundle_stock_quantity":null,"bundle_virtual":false,"bundle_layout":"","bundle_add_to_cart_form_location":"","bundle_editable_in_cart":false,"bundle_sold_individually_context":"","bundle_item_grouping":"","bundle_min_size":"","bundle_max_size":"","bundle_price":[],"bundled_items":[],"bundle_sell_ids":[],"acf":[],"_links":{"self":[{"href":"https:\/\/www.raschvin.com\/sv\/wp-json\/wp\/v2\/product\/99598","targetHints":{"allow":["GET"]}}],"collection":[{"href":"https:\/\/www.raschvin.com\/sv\/wp-json\/wp\/v2\/product"}],"about":[{"href":"https:\/\/www.raschvin.com\/sv\/wp-json\/wp\/v2\/types\/product"}],"wp:featuredmedia":[{"embeddable":true,"href":"https:\/\/www.raschvin.com\/sv\/wp-json\/wp\/v2\/media\/99660"}],"wp:attachment":[{"href":"https:\/\/www.raschvin.com\/sv\/wp-json\/wp\/v2\/media?parent=99598"}],"wp:term":[{"taxonomy":"product_brand","embeddable":true,"href":"https:\/\/www.raschvin.com\/sv\/wp-json\/wp\/v2\/product_brand?post=99598"},{"taxonomy":"product_cat","embeddable":true,"href":"https:\/\/www.raschvin.com\/sv\/wp-json\/wp\/v2\/product_cat?post=99598"},{"taxonomy":"product_tag","embeddable":true,"href":"https:\/\/www.raschvin.com\/sv\/wp-json\/wp\/v2\/product_tag?post=99598"}],"curies":[{"name":"wp","href":"https:\/\/api.w.org\/{rel}","templated":true}]}}