{"id":99595,"date":"2025-11-20T00:01:57","date_gmt":"2025-11-19T23:01:57","guid":{"rendered":"https:\/\/www.raschvin.com\/?post_type=product&p=99595"},"modified":"2025-11-20T00:01:57","modified_gmt":"2025-11-19T23:01:57","slug":"beaujolais-villages-nouveau-domaine-du-bois-des-chenes-2025-75-cl","status":"publish","type":"product","link":"https:\/\/www.raschvin.com\/sv\/produkt\/beaujolais-villages-nouveau-domaine-du-bois-des-chenes-2025-75-cl\/","title":{"rendered":"Beaujolais-Villages Nouveau Domaine du Bois des Ch\u00eanes 2025 75 cl."},"content":{"rendered":"<p>Beaujolais-Villages Nouveau Domaine du Bois des Ch\u00eanes \u00e4r ett friskt och fruktigt r\u00f6dvin gjort p\u00e5 100\u202f% Gamay-druvor. Vinet kommer fr\u00e5n den norra delen av Beaujolais, d\u00e4r det gynnas av det s\u00e4rskilda solskenet i omr\u00e5det. Vinet lagras i 6\u20137 m\u00e5nader i st\u00e5ltankar, vilket bevarar dess ungdomliga friskhet och fruktighet.<\/p>\n<p>Smaknoter:<br \/>\nF\u00e4rg: Klar k\u00f6rsb\u00e4rsr\u00f6d<br \/>\nDoft: Friska noter av r\u00f6da och svarta b\u00e4r<br \/>\nSmak: L\u00e4tt och fruktig med livlig syra och en behaglig munk\u00e4nsla<br \/>\nServering: Idealiskt vid en temperatur mellan 12\u201313\u202f\u00b0C. Vinet \u00e4r b\u00e4st n\u00e4r det konsumeras ungt, g\u00e4rna inom 3 \u00e5r, f\u00f6r att bevara dess fruktiga karakt\u00e4r.<br \/>\nMatparning: Passar bra till klassiska r\u00e4tter som kaninpat\u00e9 med plommon eller grillade r\u00e4kor med citrongr\u00e4s.<\/p>\n","protected":false},"excerpt":{"rendered":"<p>Domaine du Bois des Ch\u00eanes &#8211; France<\/p>\n","protected":false},"featured_media":99636,"template":"","meta":{"_acf_changed":false,"rs_blank_template":"","rs_page_bg_color":"","slide_template_v7":""},"product_brand":[],"product_cat":[2788,2798],"product_tag":[],"class_list":{"0":"post-99595","1":"product","2":"type-product","3":"status-publish","4":"has-post-thumbnail","6":"product_cat-vin-sv","7":"product_cat-roedvin-sv","8":"pa_aargang-2025-sv","9":"pa_drue-gamay-sv","10":"pa_land-frankrike","11":"pa_procent-12-5-sv","12":"pa_producent-domaine-du-bois-des-chenes-sv","13":"pa_region-beaujolais-sv","14":"pa_serveringstemperatur-12-13-sv","15":"pa_volume-75-sv","17":"first","18":"instock","19":"taxable","20":"shipping-taxable","21":"purchasable","22":"product-type-simple"},"bundled_by":[],"bundle_stock_status":"instock","bundle_stock_quantity":null,"bundle_virtual":false,"bundle_layout":"","bundle_add_to_cart_form_location":"","bundle_editable_in_cart":false,"bundle_sold_individually_context":"","bundle_item_grouping":"","bundle_min_size":"","bundle_max_size":"","bundle_price":[],"bundled_items":[],"bundle_sell_ids":[],"acf":[],"_links":{"self":[{"href":"https:\/\/www.raschvin.com\/sv\/wp-json\/wp\/v2\/product\/99595","targetHints":{"allow":["GET"]}}],"collection":[{"href":"https:\/\/www.raschvin.com\/sv\/wp-json\/wp\/v2\/product"}],"about":[{"href":"https:\/\/www.raschvin.com\/sv\/wp-json\/wp\/v2\/types\/product"}],"wp:featuredmedia":[{"embeddable":true,"href":"https:\/\/www.raschvin.com\/sv\/wp-json\/wp\/v2\/media\/99636"}],"wp:attachment":[{"href":"https:\/\/www.raschvin.com\/sv\/wp-json\/wp\/v2\/media?parent=99595"}],"wp:term":[{"taxonomy":"product_brand","embeddable":true,"href":"https:\/\/www.raschvin.com\/sv\/wp-json\/wp\/v2\/product_brand?post=99595"},{"taxonomy":"product_cat","embeddable":true,"href":"https:\/\/www.raschvin.com\/sv\/wp-json\/wp\/v2\/product_cat?post=99595"},{"taxonomy":"product_tag","embeddable":true,"href":"https:\/\/www.raschvin.com\/sv\/wp-json\/wp\/v2\/product_tag?post=99595"}],"curies":[{"name":"wp","href":"https:\/\/api.w.org\/{rel}","templated":true}]}}