{"id":99573,"date":"2025-10-04T11:41:45","date_gmt":"2025-10-04T09:41:45","guid":{"rendered":"https:\/\/www.raschvin.com\/?post_type=product&#038;p=99573"},"modified":"2025-10-04T11:49:06","modified_gmt":"2025-10-04T09:49:06","slug":"isle-of-fionia-12-years-salt-sjael-dk-eco-70-cl-567-kopier","status":"publish","type":"product","link":"https:\/\/www.raschvin.com\/sv\/produkt\/isle-of-fionia-12-years-salt-sjael-dk-eco-70-cl-567-kopier\/","title":{"rendered":"Isle Of Fionia &#8211; 8 Years Skumering Vintage 2017 (DK) (ECO) 70 cl. 56,3%"},"content":{"rendered":"<p>Exklusiv buteljering \u2013 endast 638 flaskor.<\/p>\n<p>Skymning \u2013 n\u00e4r dagen l\u00e5ngsamt ger vika f\u00f6r natten, gl\u00f6der denna whisky vidare och bevarar v\u00e4rmen fr\u00e5n solens sista str\u00e5lar.<br \/>\nSkymning \u2013 n\u00e4r dagen blir till natt, gl\u00f6der whiskyn fortfarande varmt.<br \/>\nDansk Single Malt Whisky \u2013 Nyborg, Fyn<\/p>\n<p>Lagrad i 8 \u00e5r p\u00e5 ett 1st Fill Oloroso Sherry Butt.<\/p>\n<p>Smaknoter:<br \/>\nDoft: Torkad frukt, vanilj, karamell, torr oloroso.<br \/>\nSmak: Karamell, nejlika, tobak.<br \/>\nEftersmak: L\u00e4der, tobak och torra landskap.<\/p>\n<p>Fat nr.: 10000071 \u2013 1st Fill Oloroso Sherry Butt<\/p>\n<p>Nyborg Destilleri har skapat whisky med passion sedan 2009.<\/p>\n<p>Sedan 2017 destilleras och lagras all whisky i de historiska byggnaderna vid hamnfronten i Nyborg p\u00e5 Fyn \u2013 i hj\u00e4rtat av Danmark.<\/p>\n","protected":false},"excerpt":{"rendered":"<p>Single Malt Danish Whisky \u2013 Nyborg Destilleri<\/p>\n","protected":false},"featured_media":99651,"template":"","meta":{"_acf_changed":false,"rs_blank_template":"","rs_page_bg_color":"","slide_template_v7":""},"product_brand":[],"product_cat":[2387,4651,2392],"product_tag":[],"class_list":{"0":"post-99573","1":"product","2":"type-product","3":"status-publish","4":"has-post-thumbnail","6":"product_cat-avec-sv","7":"product_cat-single-malt-sv","8":"product_cat-whisky-sv","9":"pa_champagne-type-single-cask-sv","10":"pa_land-danmark-sv","11":"pa_oekologisk-organisk","12":"pa_procent-56-7-sv","13":"pa_producent-nyborg-destilleri-sv","14":"pa_region-fyn-sv","15":"pa_volume-70-sv-2","17":"first","18":"outofstock","19":"sale","20":"taxable","21":"shipping-taxable","22":"purchasable","23":"product-type-simple"},"bundled_by":[],"bundle_stock_status":"outofstock","bundle_stock_quantity":0,"bundle_virtual":false,"bundle_layout":"","bundle_add_to_cart_form_location":"","bundle_editable_in_cart":false,"bundle_sold_individually_context":"","bundle_item_grouping":"","bundle_min_size":"","bundle_max_size":"","bundle_price":[],"bundled_items":[],"bundle_sell_ids":[],"acf":[],"_links":{"self":[{"href":"https:\/\/www.raschvin.com\/sv\/wp-json\/wp\/v2\/product\/99573","targetHints":{"allow":["GET"]}}],"collection":[{"href":"https:\/\/www.raschvin.com\/sv\/wp-json\/wp\/v2\/product"}],"about":[{"href":"https:\/\/www.raschvin.com\/sv\/wp-json\/wp\/v2\/types\/product"}],"wp:featuredmedia":[{"embeddable":true,"href":"https:\/\/www.raschvin.com\/sv\/wp-json\/wp\/v2\/media\/99651"}],"wp:attachment":[{"href":"https:\/\/www.raschvin.com\/sv\/wp-json\/wp\/v2\/media?parent=99573"}],"wp:term":[{"taxonomy":"product_brand","embeddable":true,"href":"https:\/\/www.raschvin.com\/sv\/wp-json\/wp\/v2\/product_brand?post=99573"},{"taxonomy":"product_cat","embeddable":true,"href":"https:\/\/www.raschvin.com\/sv\/wp-json\/wp\/v2\/product_cat?post=99573"},{"taxonomy":"product_tag","embeddable":true,"href":"https:\/\/www.raschvin.com\/sv\/wp-json\/wp\/v2\/product_tag?post=99573"}],"curies":[{"name":"wp","href":"https:\/\/api.w.org\/{rel}","templated":true}]}}