{"id":99569,"date":"2025-10-04T11:34:18","date_gmt":"2025-10-04T09:34:18","guid":{"rendered":"https:\/\/www.raschvin.com\/?post_type=product&#038;p=99569"},"modified":"2025-10-04T11:40:07","modified_gmt":"2025-10-04T09:40:07","slug":"isle-of-fionia-10-years-dk-eco-70-cl-599-kopier","status":"publish","type":"product","link":"https:\/\/www.raschvin.com\/sv\/produkt\/isle-of-fionia-10-years-dk-eco-70-cl-599-kopier\/","title":{"rendered":"Isle Of Fionia &#8211; 12 Years Salt &#038; Sj\u00e6l (DK) (ECO) 70 cl. 56,7%"},"content":{"rendered":"<p>Salt &#038; Sj\u00e6l 12-\u00e5rig whisky \u2013 lagrad p\u00e5 Manzanilla-fat<br \/>\nDenna whisky har tillbringat hela sin lagringstid i ett stort Manzanilla-fat. Den l\u00e5nga mognaden m\u00e4rks tydligt b\u00e5de i doften och smaken.<\/p>\n<p>Smaknoter:<br \/>\nDoft: Torr och salt med en mild ton av s\u00f6tma, som p\u00e5minner om saltade n\u00f6tter och iberisk skinka.<\/p>\n<p>Smak: Kraftfullt salt med tydligt mineralisk och n\u00f6taktig karakt\u00e4r.<br \/>\nEftersmak: L\u00e5ng, med ih\u00e5llande s\u00e4lta och subtila toner av n\u00f6tter.<\/p>\n<p>Fat nr.: 10000072 \u2013 Manzanilla Butt<\/p>\n<p>Nyborg Destilleri har skapat whisky med passion sedan 2009.<br \/>\nSedan 2017 destilleras och lagras all whisky i de historiska byggnaderna vid hamnfronten i Nyborg p\u00e5 Fyn \u2013 mitt i hj\u00e4rtat av Danmark.<\/p>\n","protected":false},"excerpt":{"rendered":"<p>Single Malt Danish Whisky \u2013 Nyborg Destilleri<\/p>\n","protected":false},"featured_media":99648,"template":"","meta":{"_acf_changed":false,"rs_blank_template":"","rs_page_bg_color":"","slide_template_v7":""},"product_brand":[],"product_cat":[2387,4651,2392],"product_tag":[],"class_list":{"0":"post-99569","1":"product","2":"type-product","3":"status-publish","4":"has-post-thumbnail","6":"product_cat-avec-sv","7":"product_cat-single-malt-sv","8":"product_cat-whisky-sv","9":"pa_champagne-type-single-cask-sv","10":"pa_land-danmark-sv","11":"pa_oekologisk-organisk","12":"pa_procent-56-7-sv","13":"pa_producent-nyborg-destilleri-sv","14":"pa_region-fyn-sv","15":"pa_volume-70-sv-2","17":"first","18":"instock","19":"sale","20":"taxable","21":"shipping-taxable","22":"purchasable","23":"product-type-simple"},"bundled_by":[],"bundle_stock_status":"instock","bundle_stock_quantity":1,"bundle_virtual":false,"bundle_layout":"","bundle_add_to_cart_form_location":"","bundle_editable_in_cart":false,"bundle_sold_individually_context":"","bundle_item_grouping":"","bundle_min_size":"","bundle_max_size":"","bundle_price":[],"bundled_items":[],"bundle_sell_ids":[],"acf":[],"_links":{"self":[{"href":"https:\/\/www.raschvin.com\/sv\/wp-json\/wp\/v2\/product\/99569","targetHints":{"allow":["GET"]}}],"collection":[{"href":"https:\/\/www.raschvin.com\/sv\/wp-json\/wp\/v2\/product"}],"about":[{"href":"https:\/\/www.raschvin.com\/sv\/wp-json\/wp\/v2\/types\/product"}],"wp:featuredmedia":[{"embeddable":true,"href":"https:\/\/www.raschvin.com\/sv\/wp-json\/wp\/v2\/media\/99648"}],"wp:attachment":[{"href":"https:\/\/www.raschvin.com\/sv\/wp-json\/wp\/v2\/media?parent=99569"}],"wp:term":[{"taxonomy":"product_brand","embeddable":true,"href":"https:\/\/www.raschvin.com\/sv\/wp-json\/wp\/v2\/product_brand?post=99569"},{"taxonomy":"product_cat","embeddable":true,"href":"https:\/\/www.raschvin.com\/sv\/wp-json\/wp\/v2\/product_cat?post=99569"},{"taxonomy":"product_tag","embeddable":true,"href":"https:\/\/www.raschvin.com\/sv\/wp-json\/wp\/v2\/product_tag?post=99569"}],"curies":[{"name":"wp","href":"https:\/\/api.w.org\/{rel}","templated":true}]}}