{"id":99414,"date":"2025-10-03T08:49:10","date_gmt":"2025-10-03T06:49:10","guid":{"rendered":"https:\/\/www.raschvin.com\/?post_type=product&#038;p=99414"},"modified":"2025-10-03T09:08:02","modified_gmt":"2025-10-03T07:08:02","slug":"laphroaig-18-years-70-cl-48-kopier","status":"publish","type":"product","link":"https:\/\/www.raschvin.com\/sv\/produkt\/laphroaig-18-years-70-cl-48-kopier\/","title":{"rendered":"Laphroaig 30 Years 70 cl. 45,9%"},"content":{"rendered":"<p><iframe loading=\"lazy\" title=\"Laphroaig 30 Year Old Tasting Notes with our Rare Whisky Director, Daryl Haldane\" width=\"1080\" height=\"608\" src=\"https:\/\/www.youtube.com\/embed\/KwUduWqPhJw?feature=oembed\" frameborder=\"0\" allow=\"accelerometer; autoplay; clipboard-write; encrypted-media; gyroscope; picture-in-picture; web-share\" referrerpolicy=\"strict-origin-when-cross-origin\" allowfullscreen><\/iframe><\/p>\n<p>Vi presenterar Laphroaig 30-Year-Old Single Malt Whisky \u2013 en s\u00e4llsynt juvel destillerad \u00e5r 1994 f\u00f6r att fira starten av Friends of Laphroaig-programmet. Aftappad 2024 representerar denna exklusiva whisky sj\u00e4lva essensen av Islay, k\u00e4nt v\u00e4rlden \u00f6ver f\u00f6r sina dj\u00e4rva smaker och sin ikoniska r\u00f6kiga karakt\u00e4r.<\/p>\n<p>Den har lagrats i en refill American Oak ex-Bourbon seasoned hogshead, vilket ger en harmonisk balans mellan fruktiga och r\u00f6kiga nyanser: frisk citron, mogen melon och kr\u00e4miga toner m\u00f6ter Laphroaigs klassiska torvr\u00f6k, havssalt och t\u00e5ng. Med ett mycket begr\u00e4nsat antal flaskor och buteljerad vid naturlig fatstyrka p\u00e5 45,9 % \u00e4r detta en skatt f\u00f6r b\u00e5de samlare och whiskyk\u00e4nnare.<\/p>\n<p>F\u00e4rg<br \/>\nLjus halm<\/p>\n<p>Arom<br \/>\n\u00d6rtig, gr\u00e4sig och citrusfrisk. En intensiv \u00f6rtig tr\u00e4\u00adr\u00f6k visar sig f\u00f6rst, f\u00f6ljd av citron\u00adsorbet och ett l\u00e4tt inslag av n\u00f6tighet, som cashewn\u00f6tter. Mycket frisk och aromatisk med drag av mogen honungsmelon. Med n\u00e5gra droppar vatten utvecklas mjukare nyanser av kr\u00e4mig vanilj, citrongr\u00e4s och citrus.<\/p>\n<p>Smak<br \/>\nEtt utbrott av \u00f6rtig, gr\u00e4sig r\u00f6k som \u00f6verg\u00e5r i en mentollik friskhet. Toner av citronblom, vaniljkr\u00e4m och en antydan av kokos dr\u00f6jer sig kvar. Eftersmaken \u00e4r l\u00e5ng, intensiv och komplex med inslag av Lapsang Souchong-teblad och friska citrusnoter.<\/p>\n<p>Eftersmak<br \/>\nS\u00f6t, fruktig, r\u00f6kig<\/p>\n<p>Lagring<br \/>\nRefill American Oak ex-Bourbon seasoned Hogshead<\/p>\n","protected":false},"excerpt":{"rendered":"<p>Islay Single Malt Scotch Whisky<\/p>\n","protected":false},"featured_media":99431,"template":"","meta":{"_acf_changed":false,"rs_blank_template":"","rs_page_bg_color":"","slide_template_v7":""},"product_brand":[],"product_cat":[2387,4651,2392],"product_tag":[],"class_list":{"0":"post-99414","1":"product","2":"type-product","3":"status-publish","4":"has-post-thumbnail","6":"product_cat-avec-sv","7":"product_cat-single-malt-sv","8":"product_cat-whisky-sv","9":"pa_land-skottland","10":"pa_procent-45-9-sv","11":"pa_producent-laphroaig-sv","12":"pa_region-islay-sv","13":"pa_volume-70-sv-2","15":"first","16":"instock","17":"sale","18":"taxable","19":"shipping-taxable","20":"purchasable","21":"product-type-simple"},"bundled_by":[],"bundle_stock_status":"instock","bundle_stock_quantity":null,"bundle_virtual":false,"bundle_layout":"","bundle_add_to_cart_form_location":"","bundle_editable_in_cart":false,"bundle_sold_individually_context":"","bundle_item_grouping":"","bundle_min_size":"","bundle_max_size":"","bundle_price":[],"bundled_items":[],"bundle_sell_ids":[],"acf":[],"_links":{"self":[{"href":"https:\/\/www.raschvin.com\/sv\/wp-json\/wp\/v2\/product\/99414","targetHints":{"allow":["GET"]}}],"collection":[{"href":"https:\/\/www.raschvin.com\/sv\/wp-json\/wp\/v2\/product"}],"about":[{"href":"https:\/\/www.raschvin.com\/sv\/wp-json\/wp\/v2\/types\/product"}],"wp:featuredmedia":[{"embeddable":true,"href":"https:\/\/www.raschvin.com\/sv\/wp-json\/wp\/v2\/media\/99431"}],"wp:attachment":[{"href":"https:\/\/www.raschvin.com\/sv\/wp-json\/wp\/v2\/media?parent=99414"}],"wp:term":[{"taxonomy":"product_brand","embeddable":true,"href":"https:\/\/www.raschvin.com\/sv\/wp-json\/wp\/v2\/product_brand?post=99414"},{"taxonomy":"product_cat","embeddable":true,"href":"https:\/\/www.raschvin.com\/sv\/wp-json\/wp\/v2\/product_cat?post=99414"},{"taxonomy":"product_tag","embeddable":true,"href":"https:\/\/www.raschvin.com\/sv\/wp-json\/wp\/v2\/product_tag?post=99414"}],"curies":[{"name":"wp","href":"https:\/\/api.w.org\/{rel}","templated":true}]}}