{"id":99251,"date":"2025-10-02T09:32:11","date_gmt":"2025-10-02T07:32:11","guid":{"rendered":"https:\/\/www.raschvin.com\/?post_type=product&#038;p=99251"},"modified":"2025-10-02T09:38:23","modified_gmt":"2025-10-02T07:38:23","slug":"chateau-la-serre-grand-cru-classe-2022-75-cl-kopier","status":"publish","type":"product","link":"https:\/\/www.raschvin.com\/sv\/produkt\/chateau-la-serre-grand-cru-classe-2022-75-cl-kopier\/","title":{"rendered":"Ch\u00e2teau La Serre Grand Cru Class\u00e9 2021 75 cl."},"content":{"rendered":"<p>Intensivt rubinr\u00f6d f\u00e4rg med lila reflexer mot glaskanten.<br \/>\n\u00d6rtiga toner och fina nyanser av bj\u00f6rnb\u00e4rskompott med apelsinskal och tobak i aromen. Saftig, chokladig och v\u00e4lstrukturerad med inslag av kryddnejlika och mogna k\u00f6rsb\u00e4r, samt eleganta tanniner p\u00e5 tungan. Mycket l\u00e5ng och ih\u00e5llande eftersmak med stort lagringspotential.<\/p>\n<p>92 PO\u00c4NG<br \/>\nThe Wine Cellar Insider<br \/>\nDrick 2023\u20132038<br \/>\nSilkeslen, mjuk och frisk, med en underbar elegans i de m\u00f6rkr\u00f6da frukterna som blir \u00e4nnu mer intressanta tack vare blommiga inslag. Frukten har en fin s\u00f6tma, tanninerna \u00e4r mjuka och silkiga, och avslutet har en h\u00e4rlig fr\u00e4sch\u00f6r. Jag uppskattar den kryddiga kakaotonen som framtr\u00e4der p\u00e5 slutet.<br \/>\n92 PO\u00c4NG<br \/>\nJeff Leve<br \/>\nDrick 2023\u20132038<br \/>\nSilkeslen, mjuk och frisk, med en underbar elegans i de m\u00f6rkr\u00f6da frukterna som blir \u00e4nnu mer intressanta tack vare blommiga inslag. Frukten har en fin s\u00f6tma, tanninerna \u00e4r mjuka och silkiga, och avslutet har en h\u00e4rlig fr\u00e4sch\u00f6r. Jag uppskattar den kryddiga kakaotonen som framtr\u00e4der p\u00e5 slutet.<br \/>\n92 PO\u00c4NG<br \/>\nJane Anson<br \/>\nDrick 2026\u20132040<br \/>\n91 PO\u00c4NG<br \/>\nFalstaff<br \/>\nIntensivt rubinr\u00f6d med lila reflexer mot kanten. \u00d6rtig friskhet, fina nyanser av bj\u00f6rnb\u00e4rskompott med apelsinskal och tobak. Saftig, chokladig, elegant, v\u00e4lstrukturerad, med kryddnejlika, fina tanniner, mogna k\u00f6rsb\u00e4r. Mycket l\u00e5ng och ih\u00e5llande eftersmak; redan tillg\u00e4nglig men med god lagringspotential.<\/p>\n<p>Om Ch\u00e2teau La Serre<br \/>\nCh\u00e2teau La Serres sju hektar vinmarker ligger l\u00e4ngs kanten av Saint-\u00c9milions ber\u00f6mda kalkstensplat\u00e5, bara n\u00e5gra meter fr\u00e5n den medeltida stadens centrum. Ving\u00e5rden \u00e4r planterad p\u00e5 ett sydv\u00e4nd kalkstensplat\u00e5 (d\u00e4rav namnet &#8221;La Serre&#8221;, vilket betyder &#8221;drivhuset&#8221; p\u00e5 franska), t\u00e4ckt av ett tunt lager lera och med en genomsnitts\u00e5lder p\u00e5 35 \u00e5r. H\u00e4r v\u00e4xer 80% Merlot och 20% Cabernet Franc.<\/p>\n<p>Godsets passionerade \u00e4gare, M. Luc d\u2019Arfeuille, f\u00f6respr\u00e5kar en traditionell metod i b\u00e5de ving\u00e5rd och vineri. Marken bearbetas manuellt f\u00f6r att undvika anv\u00e4ndning av herbicider, och vinmarksarbetet h\u00e5lls till ett minimum f\u00f6r att l\u00e5ta den naturliga karakt\u00e4ren komma fram. Traditionella metoder som besk\u00e4rning och gallring \u00e4r tillr\u00e4ckliga f\u00f6r att kontrollera avkastningen. P\u00e5 senare tid har vissa moderna inslag inf\u00f6rts, s\u00e5som kallmaceration f\u00f6re j\u00e4sning och optisk sortering. Vinerna \u00e4r typiskt djupa och gener\u00f6sa med en tydlig strimma av mineralitet.<\/p>\n","protected":false},"excerpt":{"rendered":"<p>Saint-\u00c9milion \u2013 Bordeaux France<\/p>\n","protected":false},"featured_media":81884,"template":"","meta":{"_acf_changed":false,"rs_blank_template":"","rs_page_bg_color":"","slide_template_v7":""},"product_brand":[],"product_cat":[2788,2798],"product_tag":[],"class_list":{"0":"post-99251","1":"product","2":"type-product","3":"status-publish","4":"has-post-thumbnail","6":"product_cat-vin-sv","7":"product_cat-roedvin-sv","8":"pa_aargang-2021-sv","9":"pa_drue-cabernet-franc-sv","10":"pa_drue-merlot-sv","11":"pa_land-frankrike","12":"pa_procent-13-5-sv","13":"pa_producent-chateau-la-serre-sv","14":"pa_region-bordeaux-sv","15":"pa_serveringstemperatur-18-20-sv","16":"pa_volume-75-sv","18":"first","19":"instock","20":"taxable","21":"shipping-taxable","22":"purchasable","23":"product-type-simple"},"bundled_by":[],"bundle_stock_status":"instock","bundle_stock_quantity":null,"bundle_virtual":false,"bundle_layout":"","bundle_add_to_cart_form_location":"","bundle_editable_in_cart":false,"bundle_sold_individually_context":"","bundle_item_grouping":"","bundle_min_size":"","bundle_max_size":"","bundle_price":[],"bundled_items":[],"bundle_sell_ids":[],"acf":[],"_links":{"self":[{"href":"https:\/\/www.raschvin.com\/sv\/wp-json\/wp\/v2\/product\/99251","targetHints":{"allow":["GET"]}}],"collection":[{"href":"https:\/\/www.raschvin.com\/sv\/wp-json\/wp\/v2\/product"}],"about":[{"href":"https:\/\/www.raschvin.com\/sv\/wp-json\/wp\/v2\/types\/product"}],"wp:featuredmedia":[{"embeddable":true,"href":"https:\/\/www.raschvin.com\/sv\/wp-json\/wp\/v2\/media\/81884"}],"wp:attachment":[{"href":"https:\/\/www.raschvin.com\/sv\/wp-json\/wp\/v2\/media?parent=99251"}],"wp:term":[{"taxonomy":"product_brand","embeddable":true,"href":"https:\/\/www.raschvin.com\/sv\/wp-json\/wp\/v2\/product_brand?post=99251"},{"taxonomy":"product_cat","embeddable":true,"href":"https:\/\/www.raschvin.com\/sv\/wp-json\/wp\/v2\/product_cat?post=99251"},{"taxonomy":"product_tag","embeddable":true,"href":"https:\/\/www.raschvin.com\/sv\/wp-json\/wp\/v2\/product_tag?post=99251"}],"curies":[{"name":"wp","href":"https:\/\/api.w.org\/{rel}","templated":true}]}}