{"id":99242,"date":"2025-10-23T00:01:41","date_gmt":"2025-10-22T22:01:41","guid":{"rendered":"https:\/\/www.raschvin.com\/?post_type=product&#038;p=99242"},"modified":"2025-10-02T08:49:17","modified_gmt":"2025-10-02T06:49:17","slug":"old-st-croix-elixir-orange-grove-70-cl-40","status":"publish","type":"product","link":"https:\/\/www.raschvin.com\/sv\/produkt\/old-st-croix-elixir-orange-grove-70-cl-40\/","title":{"rendered":"Old St. Croix ELIXIR Orange Grove 70 cl. 40%"},"content":{"rendered":"<p>En solmogen apelsinlik\u00f6r med r\u00f6tter i St. Croix historia<\/p>\n<p>Old St. Croix Orange Grove \u00e4r inspirerad av det historiska omr\u00e5det Orange Grove p\u00e5 \u00f6n St. Croix, d\u00e4r apelsinodlingar och sockerr\u00f6r v\u00e4xte sida vid sida under den karibiska solen. Orange Grove \u00e4r en hyllning till det sk\u00f6na, milda klimatet och de fantastiska frukterna, som med sin arom och naturliga s\u00f6tma ger lik\u00f6ren dess karakteristiska, varma apelsinprofil med tropiska inslag. Lik\u00f6ren f\u00f6r vidare de v\u00e4stindiska traditionerna av smak och hantverk. Aromer av solmogna apelsiner f\u00f6renas med friska citrusnoter och varma kryddor i en harmonisk komposition som balanserar s\u00f6tma, fr\u00e4sch\u00f6r och djup. Lagring p\u00e5 ekfat tillf\u00f6r komplexitet och toner av vanilj, rostat tr\u00e4 och brun farin. Orange Grove kan avnjutas ren, med is \u2013 eller som en s\u00f6t och aromatisk ingrediens i klassiska cocktails med apelsinlik\u00f6r, s\u00e5som Margarita, Cosmopolitan eller Mai Tai. Smaken av solsken fr\u00e5n Karibien.<\/p>\n<p>Smaknoter \u00e4r inte en ingrediensf\u00f6rteckning, utan en subjektiv beskrivning av smaken.<\/p>\n<p>Doft<br \/>\nTorkad apelsin och aprikos f\u00f6ljt av en l\u00e4tt och frisk ton av krusmynta<\/p>\n<p>Smak<br \/>\nKryddigt fruktgodis med djupa, koncentrerade smaknoter av apelsin och mandarin. F\u00f6ljt av nyanser av l\u00e4tt rostad brun farin. Avslutas med en antydan av rostat tr\u00e4<\/p>\n<p>Eftersmak<br \/>\nKrusmynta med en hint av torkad apelsin och en harmonisk avrundning av tropiska frukter<\/p>\n","protected":false},"excerpt":{"rendered":"<p>Premium Aged Spirit Drink<\/p>\n","protected":false},"featured_media":99397,"template":"","meta":{"_acf_changed":false,"rs_blank_template":"","rs_page_bg_color":"","slide_template_v7":""},"product_brand":[],"product_cat":[2387,4634,4678,2390,2391],"product_tag":[],"class_list":{"0":"post-99242","1":"product","2":"type-product","3":"status-publish","4":"has-post-thumbnail","6":"product_cat-avec-sv","7":"product_cat-premium-aged-sv","8":"product_cat-romlikor","9":"product_cat-sprit","10":"product_cat-rom-sv","11":"pa_land-tyskland-sv","12":"pa_procent-40-sv-2","13":"pa_producent-old-st-croix-sv","14":"pa_volume-70-sv-2","16":"first","17":"instock","18":"sale","19":"taxable","20":"shipping-taxable","21":"purchasable","22":"product-type-simple"},"bundled_by":[],"bundle_stock_status":"instock","bundle_stock_quantity":null,"bundle_virtual":false,"bundle_layout":"","bundle_add_to_cart_form_location":"","bundle_editable_in_cart":false,"bundle_sold_individually_context":"","bundle_item_grouping":"","bundle_min_size":"","bundle_max_size":"","bundle_price":[],"bundled_items":[],"bundle_sell_ids":[],"acf":[],"_links":{"self":[{"href":"https:\/\/www.raschvin.com\/sv\/wp-json\/wp\/v2\/product\/99242","targetHints":{"allow":["GET"]}}],"collection":[{"href":"https:\/\/www.raschvin.com\/sv\/wp-json\/wp\/v2\/product"}],"about":[{"href":"https:\/\/www.raschvin.com\/sv\/wp-json\/wp\/v2\/types\/product"}],"wp:featuredmedia":[{"embeddable":true,"href":"https:\/\/www.raschvin.com\/sv\/wp-json\/wp\/v2\/media\/99397"}],"wp:attachment":[{"href":"https:\/\/www.raschvin.com\/sv\/wp-json\/wp\/v2\/media?parent=99242"}],"wp:term":[{"taxonomy":"product_brand","embeddable":true,"href":"https:\/\/www.raschvin.com\/sv\/wp-json\/wp\/v2\/product_brand?post=99242"},{"taxonomy":"product_cat","embeddable":true,"href":"https:\/\/www.raschvin.com\/sv\/wp-json\/wp\/v2\/product_cat?post=99242"},{"taxonomy":"product_tag","embeddable":true,"href":"https:\/\/www.raschvin.com\/sv\/wp-json\/wp\/v2\/product_tag?post=99242"}],"curies":[{"name":"wp","href":"https:\/\/api.w.org\/{rel}","templated":true}]}}