{"id":99080,"date":"2025-10-01T09:01:49","date_gmt":"2025-10-01T07:01:49","guid":{"rendered":"https:\/\/www.raschvin.com\/?post_type=product&#038;p=99080"},"modified":"2025-10-01T09:08:30","modified_gmt":"2025-10-01T07:08:30","slug":"teeling-whiskey-wonders-of-wood-2nd-ed-portuguese-oak-single-pot-still-70-cl-50-kopier","status":"publish","type":"product","link":"https:\/\/www.raschvin.com\/sv\/produkt\/teeling-whiskey-wonders-of-wood-2nd-ed-portuguese-oak-single-pot-still-70-cl-50-kopier\/","title":{"rendered":"Teeling Whiskey \u2013 Wonders of Wood 3:rd Ed. Virgin Swedish Oak Single Pot Still 70 cl. 50%"},"content":{"rendered":"<p>en tredje utg\u00e5van i Teelings Wonders of Wood-serie best\u00e5r av deras Single Pot Still, skapad enligt ett recept med 50\u202f% m\u00e4ltat korn och 50\u202f% om\u00e4ltat korn. Whiskyn har trippeldestillerats i Teelings destilleri i Dublin och lagrats helt i nya svenska ekfat. Denna speciella utg\u00e5va buteljeras vid 50\u202f% ABV utan kallfiltrering.<\/p>\n<p>I samarbete med Tree Council of Ireland kommer varje utg\u00e5va i Wonders of Wood\u2011serien att bidra till att plantera enbart inhemska irl\u00e4ndska tr\u00e4darter p\u00e5 Teelings egen avsatta mark i Irland.<\/p>\n<p>Doft: L\u00e4tt och blommig med inslag av citrusfrukter, toner av karamell och kokt korn.<br \/>\nSmak: Rik och fyllig med \u00f6rter, kandad ingef\u00e4ra, mandel och sirap.<br \/>\nEftersmak: Torr med l\u00e4tt kryddighet av svartpeppar och muskot.<\/p>\n","protected":false},"excerpt":{"rendered":"<p>Single Pot Still Irish Whiskey<\/p>\n","protected":false},"featured_media":99111,"template":"","meta":{"_acf_changed":false,"rs_blank_template":"","rs_page_bg_color":"","slide_template_v7":""},"product_brand":[],"product_cat":[2387,4768,2392],"product_tag":[],"class_list":{"0":"post-99080","1":"product","2":"type-product","3":"status-publish","4":"has-post-thumbnail","6":"product_cat-avec-sv","7":"product_cat-irish-pot-still-sv","8":"product_cat-whisky-sv","9":"pa_land-irland-sv","10":"pa_procent-50-sv","11":"pa_producent-teeling-sv","12":"pa_region-dublin-sv","13":"pa_traefad-virgin-swedish-oak-sv","14":"pa_volume-70-sv-2","16":"first","17":"instock","18":"taxable","19":"shipping-taxable","20":"purchasable","21":"product-type-simple"},"bundled_by":[],"bundle_stock_status":"instock","bundle_stock_quantity":null,"bundle_virtual":false,"bundle_layout":"","bundle_add_to_cart_form_location":"","bundle_editable_in_cart":false,"bundle_sold_individually_context":"","bundle_item_grouping":"","bundle_min_size":"","bundle_max_size":"","bundle_price":[],"bundled_items":[],"bundle_sell_ids":[],"acf":[],"_links":{"self":[{"href":"https:\/\/www.raschvin.com\/sv\/wp-json\/wp\/v2\/product\/99080","targetHints":{"allow":["GET"]}}],"collection":[{"href":"https:\/\/www.raschvin.com\/sv\/wp-json\/wp\/v2\/product"}],"about":[{"href":"https:\/\/www.raschvin.com\/sv\/wp-json\/wp\/v2\/types\/product"}],"wp:featuredmedia":[{"embeddable":true,"href":"https:\/\/www.raschvin.com\/sv\/wp-json\/wp\/v2\/media\/99111"}],"wp:attachment":[{"href":"https:\/\/www.raschvin.com\/sv\/wp-json\/wp\/v2\/media?parent=99080"}],"wp:term":[{"taxonomy":"product_brand","embeddable":true,"href":"https:\/\/www.raschvin.com\/sv\/wp-json\/wp\/v2\/product_brand?post=99080"},{"taxonomy":"product_cat","embeddable":true,"href":"https:\/\/www.raschvin.com\/sv\/wp-json\/wp\/v2\/product_cat?post=99080"},{"taxonomy":"product_tag","embeddable":true,"href":"https:\/\/www.raschvin.com\/sv\/wp-json\/wp\/v2\/product_tag?post=99080"}],"curies":[{"name":"wp","href":"https:\/\/api.w.org\/{rel}","templated":true}]}}