{"id":99075,"date":"2025-10-01T08:49:41","date_gmt":"2025-10-01T06:49:41","guid":{"rendered":"https:\/\/www.raschvin.com\/produkt\/bowmore-aston-martin-masters-selection-22-years-70-cl-51\/"},"modified":"2025-10-01T08:49:41","modified_gmt":"2025-10-01T06:49:41","slug":"bowmore-aston-martin-masters-selection-22-years-70-cl-51","status":"publish","type":"product","link":"https:\/\/www.raschvin.com\/sv\/produkt\/bowmore-aston-martin-masters-selection-22-years-70-cl-51\/","title":{"rendered":"Bowmore Aston Martin Masters Selection 22 Years 70 cl. 51%"},"content":{"rendered":"<p>Den tredje i en serie fr\u00e5n tv\u00e5 stora namn, Edition 3 av Bowmore 22 Years Aston Martin Masters\u2019 Selection har mognat i europeiska ekfat med Oloroso-sherry och amerikanska ek\u2011hogsheads innan den buteljerades vid 51 % ABV.<\/p>\n<p>Whiskyn skapades som ett kontinuerligt samarbete mellan Ron Welsh, Master Blender p\u00e5 Bowmore, och Marek Reichman, Chief Creative Officer p\u00e5 Aston Martin. Detta \u00e4r deras tredje gemensamma projekt. De f\u00f6renades p\u00e5 ett kraftfullt och inspirerande s\u00e4tt med m\u00e5let att skapa n\u00e5got som uttrycker sk\u00f6nhet, harmoni och perfekt balans.<\/p>\n<p>Den har smaker av citronskal, r\u00f6da b\u00e4r, pocherade persikor, vanilj, sirap, salted toffee, muscovadosocker, rostade kastanjer och ett elegant lager av torvr\u00f6k.<br \/>\nDetta \u00e4r en stark, s\u00f6t whisky med stor djup, rikedom och intensitet.<\/p>\n","protected":false},"excerpt":{"rendered":"<p>Islay, Single Malt Scotch Whisky <\/p>\n","protected":false},"featured_media":99087,"template":"","meta":{"_acf_changed":false,"rs_blank_template":"","rs_page_bg_color":"","slide_template_v7":""},"product_brand":[],"product_cat":[2387,4651,2392],"product_tag":[],"class_list":{"0":"post-99075","1":"product","2":"type-product","3":"status-publish","4":"has-post-thumbnail","6":"product_cat-avec-sv","7":"product_cat-single-malt-sv","8":"product_cat-whisky-sv","9":"pa_land-skottland","10":"pa_procent-51-sv","11":"pa_producent-bowmore-sv","12":"pa_region-islay-sv","13":"pa_traefad-hogshead-sv","14":"pa_traefad-oloroso-sv","15":"pa_volume-75-sv","17":"first","18":"instock","19":"taxable","20":"shipping-taxable","21":"purchasable","22":"product-type-simple"},"bundled_by":[],"bundle_stock_status":"instock","bundle_stock_quantity":null,"bundle_virtual":false,"bundle_layout":"","bundle_add_to_cart_form_location":"","bundle_editable_in_cart":false,"bundle_sold_individually_context":"","bundle_item_grouping":"","bundle_min_size":"","bundle_max_size":"","bundle_price":[],"bundled_items":[],"bundle_sell_ids":[],"acf":[],"_links":{"self":[{"href":"https:\/\/www.raschvin.com\/sv\/wp-json\/wp\/v2\/product\/99075","targetHints":{"allow":["GET"]}}],"collection":[{"href":"https:\/\/www.raschvin.com\/sv\/wp-json\/wp\/v2\/product"}],"about":[{"href":"https:\/\/www.raschvin.com\/sv\/wp-json\/wp\/v2\/types\/product"}],"wp:featuredmedia":[{"embeddable":true,"href":"https:\/\/www.raschvin.com\/sv\/wp-json\/wp\/v2\/media\/99087"}],"wp:attachment":[{"href":"https:\/\/www.raschvin.com\/sv\/wp-json\/wp\/v2\/media?parent=99075"}],"wp:term":[{"taxonomy":"product_brand","embeddable":true,"href":"https:\/\/www.raschvin.com\/sv\/wp-json\/wp\/v2\/product_brand?post=99075"},{"taxonomy":"product_cat","embeddable":true,"href":"https:\/\/www.raschvin.com\/sv\/wp-json\/wp\/v2\/product_cat?post=99075"},{"taxonomy":"product_tag","embeddable":true,"href":"https:\/\/www.raschvin.com\/sv\/wp-json\/wp\/v2\/product_tag?post=99075"}],"curies":[{"name":"wp","href":"https:\/\/api.w.org\/{rel}","templated":true}]}}