{"id":99066,"date":"2025-10-01T08:14:56","date_gmt":"2025-10-01T06:14:56","guid":{"rendered":"https:\/\/www.raschvin.com\/produkt\/beaujolais-villages-joseph-drouhin-aop-2022-75-cl\/"},"modified":"2025-10-01T08:14:56","modified_gmt":"2025-10-01T06:14:56","slug":"beaujolais-villages-joseph-drouhin-aop-2022-75-cl","status":"publish","type":"product","link":"https:\/\/www.raschvin.com\/sv\/produkt\/beaujolais-villages-joseph-drouhin-aop-2022-75-cl\/","title":{"rendered":"Beaujolais-Villages Joseph Drouhin AOP 2022 75 cl."},"content":{"rendered":"<p>Friskt, raffinerat och intensivt vin med vackra toner av viol, pioner och r\u00f6d fruktsirap. Silkeslent och okomplicerat njutbart \u2013 precis som det ska vara. Druvorna sk\u00f6rdades f\u00f6r hand och vinifierades helt enligt traditionen i Beaujolais: hela druvklasar, maceration i 4\u201310 dagar och lagring i rostfria st\u00e5ltankar.<br \/>\n\u00c4ven om Beaujolais \u00e4r en del av Bourgogne skiljer sig omr\u00e5det fr\u00e5n Bourgogne p\u00e5 m\u00e5nga s\u00e4tt. Av de 35 000 hektar Gamay som \u00e4r planterade i hela v\u00e4rlden ligger 22 000 hektar i Beaujolais, f\u00f6rdelade p\u00e5 38 byar. Maison Joseph Drouhin har alltid haft en s\u00e4rskild anknytning till omr\u00e5det, och sedan deras pionj\u00e4rarbete i b\u00f6rjan av 1950-talet har de outtr\u00f6ttligt fr\u00e4mjat det v\u00e4rlden \u00f6ver. Maison Joseph Drouhins Beaujolais-Villages g\u00f6rs av druvor fr\u00e5n byar som \u00e4r k\u00e4nda f\u00f6r sitt kvalitativa terroir och mikroklimat \u2013 en verkligt fin representant f\u00f6r Beaujolais-Villages.<br \/>\nOm Maison Joseph Drouhin<br \/>\nDrouhin \u2013 det autentiska Bourgogne med fokus p\u00e5 Chardonnay och Pinot Noir. Hos Maison Joseph Drouhin finns en stark medvetenhet om att ta hand om milj\u00f6n runt vinrankorna. Man undviker att spruta mer \u00e4n absolut n\u00f6dv\u00e4ndigt och f\u00f6redrar ist\u00e4llet att rensa ogr\u00e4s mellan stockarna. I stor utstr\u00e4ckning anv\u00e4nds organiskt g\u00f6dsel f\u00f6r att berika jorden, och biologiska medel anv\u00e4nds f\u00f6r att skydda vinrankorna.<\/p>\n<p>Framtiden st\u00e5r alltid i centrum, utifr\u00e5n familjens \u00f6vertygande filosofi om att det \u00e4ven m\u00e5ste finnas n\u00e5got kvar till n\u00e4sta generation. Faktum \u00e4r att man redan har kommit s\u00e5 l\u00e5ngt i processen att husets Chablis-viner numera odlas helt ekologiskt. Endast i Bourgogne anv\u00e4nds fortfarande i viss m\u00e5n moderna hj\u00e4lpmedel.<\/p>\n<p>Maison Joseph Drouhin \u00e4r inte bara vinproducent utan \u00e4ven n\u00e9gociant, vilket inneb\u00e4r att man k\u00f6per druvor fr\u00e5n noga utvalda vinodlare f\u00f6r att sj\u00e4lv vinifiera vinerna s\u00e5 att de kan leva upp till husets h\u00f6ga standard. Huvudkontoret ligger i Beaunes gamla stadsk\u00e4rna och best\u00e5r av l\u00e5nga, djupa g\u00e5ngar och k\u00e4llare som str\u00e4cker sig som ett underjordiskt spindeln\u00e4t under gatorna. Det \u00e4r i dessa k\u00e4llare som alla viner lagras innan de sl\u00e4pps, till gl\u00e4dje f\u00f6r alla \u00e4lskare av klassisk Bourgogne.<\/p>\n","protected":false},"excerpt":{"rendered":"<p>Maison Joseph Drouhin &#8211; Bourgogne France<\/p>\n","protected":false},"featured_media":99117,"template":"","meta":{"_acf_changed":false,"rs_blank_template":"","rs_page_bg_color":"","slide_template_v7":""},"product_brand":[],"product_cat":[7776,2788,2798],"product_tag":[],"class_list":{"0":"post-99066","1":"product","2":"type-product","3":"status-publish","4":"has-post-thumbnail","6":"product_cat-sommer-pinot-noir-sv","7":"product_cat-vin-sv","8":"product_cat-roedvin-sv","9":"pa_aargang-2022-sv","10":"pa_drue-gamay-sv","11":"pa_land-frankrike","12":"pa_procent-12-5-sv","13":"pa_producent-maison-joseph-drouhin-sv","14":"pa_region-bourgogne-sv","15":"pa_serveringstemperatur-10-14-sv","16":"pa_volume-75-sv","18":"first","19":"instock","20":"taxable","21":"shipping-taxable","22":"purchasable","23":"product-type-simple"},"bundled_by":[],"bundle_stock_status":"instock","bundle_stock_quantity":null,"bundle_virtual":false,"bundle_layout":"","bundle_add_to_cart_form_location":"","bundle_editable_in_cart":false,"bundle_sold_individually_context":"","bundle_item_grouping":"","bundle_min_size":"","bundle_max_size":"","bundle_price":[],"bundled_items":[],"bundle_sell_ids":[],"acf":[],"_links":{"self":[{"href":"https:\/\/www.raschvin.com\/sv\/wp-json\/wp\/v2\/product\/99066","targetHints":{"allow":["GET"]}}],"collection":[{"href":"https:\/\/www.raschvin.com\/sv\/wp-json\/wp\/v2\/product"}],"about":[{"href":"https:\/\/www.raschvin.com\/sv\/wp-json\/wp\/v2\/types\/product"}],"wp:featuredmedia":[{"embeddable":true,"href":"https:\/\/www.raschvin.com\/sv\/wp-json\/wp\/v2\/media\/99117"}],"wp:attachment":[{"href":"https:\/\/www.raschvin.com\/sv\/wp-json\/wp\/v2\/media?parent=99066"}],"wp:term":[{"taxonomy":"product_brand","embeddable":true,"href":"https:\/\/www.raschvin.com\/sv\/wp-json\/wp\/v2\/product_brand?post=99066"},{"taxonomy":"product_cat","embeddable":true,"href":"https:\/\/www.raschvin.com\/sv\/wp-json\/wp\/v2\/product_cat?post=99066"},{"taxonomy":"product_tag","embeddable":true,"href":"https:\/\/www.raschvin.com\/sv\/wp-json\/wp\/v2\/product_tag?post=99066"}],"curies":[{"name":"wp","href":"https:\/\/api.w.org\/{rel}","templated":true}]}}