{"id":97320,"date":"2025-09-13T08:51:08","date_gmt":"2025-09-13T06:51:08","guid":{"rendered":"https:\/\/www.raschvin.com\/?post_type=product&#038;p=97320"},"modified":"2025-09-13T08:53:28","modified_gmt":"2025-09-13T06:53:28","slug":"lakrids-kompagniet-licorice-chili-madago-120g-kopier-2","status":"publish","type":"product","link":"https:\/\/www.raschvin.com\/sv\/produkt\/lakrids-kompagniet-licorice-chili-madago-120g-kopier-2\/","title":{"rendered":"Lakrids Kompagniet &#8211; Extra Strong Salmiak Licorice Chili \u201cHAGGA\u201d 120g"},"content":{"rendered":"<p>Den unika kombinationen av salmiak och lakrits skapar en smakupplevelse som b\u00e5de \u00e4r syrlig och tydlig. Den intensiva och skarpa smaken fr\u00e5n salmiak balanseras av lakritsrotens s\u00f6tma. Det ger en komplex och minnesv\u00e4rd smakupplevelse.<\/p>\n<p>All v\u00e5r lakrits \u00e4r l\u00e5ngkokt, vilket ger den den perfekta kombinationen av mjukhet och seghet.<br \/>\nHandgjord och f\u00f6rpackad p\u00e5 Bornholm.<\/p>\n<p>Id\u00e9givare och grundare, Christos Kakavogiannis, st\u00e5r bakom Lakrids Kompagniet. Med stor passion f\u00f6r det traditionella lakritshantverket har han skapat sin version av en bornholmsk lakrits \u2014 en mjuk lakrits med rik smak och toner fr\u00e5n bornholmska r\u00e5varor.<br \/>\nChristos v\u00e4xte upp med en stark k\u00e4rlek till handgjord konfektyr, inspirerad av sina f\u00f6r\u00e4ldrar som driver den bornholmska glasskedjan Chris &#038; Mario. Hos Lakrids Kompagniet \u00e4r allt handgjort fr\u00e5n grunden utifr\u00e5n traditionella processer. Den bornholmska lakritsen fr\u00e5n Lakrids Kompagniet \u00e4r en villkorsl\u00f6s k\u00e4rlek till b\u00e5de det s\u00f6ta och det bornholmska. Med en passion f\u00f6r s\u00f6tsaker och den kvalitetsmedvetenhet som k\u00e4nnetecknar \u00f6ns lokala matscen, \u00e4r den bornholmska lakritsen en unik f\u00f6rening av smak och lyx.<br \/>\nLakritsen tillverkas genom en l\u00e5ng kokprocess som g\u00f6r den extra intensiv, d\u00e4r bara en bit ger en stor smakupplevelse. Allt \u00e4r handgjort efter Christos egen hemliga recept, med gamla traditioner d\u00e4r man r\u00f6r i grytan f\u00f6r hand under hela kokningen. Lakritsen formas p\u00e5 familjens autentiska maskin, som Christos minns fr\u00e5n sin barndom och som nu har g\u00e5tt vidare till n\u00e4sta generation.<\/p>\n","protected":false},"excerpt":{"rendered":"<p>Quality Licorice &#8211; Bornholm Denmark<\/p>\n","protected":false},"featured_media":97366,"template":"","meta":{"_acf_changed":false,"rs_blank_template":"","rs_page_bg_color":"","slide_template_v7":""},"product_brand":[],"product_cat":[8024,8697],"product_tag":[],"class_list":{"0":"post-97320","1":"product","2":"type-product","3":"status-publish","4":"has-post-thumbnail","6":"product_cat-delikatesser-sv","7":"product_cat-lakritser","8":"pa_land-danmark-sv","9":"pa_procent-0-sv","10":"pa_producent-lakrids-kompagniet-sv","11":"pa_region-bornholm-sv","12":"pa_volume-120g-sv","14":"first","15":"instock","16":"taxable","17":"shipping-taxable","18":"purchasable","19":"product-type-simple"},"bundled_by":[],"bundle_stock_status":"instock","bundle_stock_quantity":null,"bundle_virtual":false,"bundle_layout":"","bundle_add_to_cart_form_location":"","bundle_editable_in_cart":false,"bundle_sold_individually_context":"","bundle_item_grouping":"","bundle_min_size":"","bundle_max_size":"","bundle_price":[],"bundled_items":[],"bundle_sell_ids":[],"acf":[],"_links":{"self":[{"href":"https:\/\/www.raschvin.com\/sv\/wp-json\/wp\/v2\/product\/97320","targetHints":{"allow":["GET"]}}],"collection":[{"href":"https:\/\/www.raschvin.com\/sv\/wp-json\/wp\/v2\/product"}],"about":[{"href":"https:\/\/www.raschvin.com\/sv\/wp-json\/wp\/v2\/types\/product"}],"wp:featuredmedia":[{"embeddable":true,"href":"https:\/\/www.raschvin.com\/sv\/wp-json\/wp\/v2\/media\/97366"}],"wp:attachment":[{"href":"https:\/\/www.raschvin.com\/sv\/wp-json\/wp\/v2\/media?parent=97320"}],"wp:term":[{"taxonomy":"product_brand","embeddable":true,"href":"https:\/\/www.raschvin.com\/sv\/wp-json\/wp\/v2\/product_brand?post=97320"},{"taxonomy":"product_cat","embeddable":true,"href":"https:\/\/www.raschvin.com\/sv\/wp-json\/wp\/v2\/product_cat?post=97320"},{"taxonomy":"product_tag","embeddable":true,"href":"https:\/\/www.raschvin.com\/sv\/wp-json\/wp\/v2\/product_tag?post=97320"}],"curies":[{"name":"wp","href":"https:\/\/api.w.org\/{rel}","templated":true}]}}