{"id":97316,"date":"2025-09-13T08:19:16","date_gmt":"2025-09-13T06:19:16","guid":{"rendered":"https:\/\/www.raschvin.com\/?post_type=product&#038;p=97316"},"modified":"2025-09-13T08:24:58","modified_gmt":"2025-09-13T06:24:58","slug":"lakrids-kompagniet-licorice-chili-madago-120g-kopier","status":"publish","type":"product","link":"https:\/\/www.raschvin.com\/sv\/produkt\/lakrids-kompagniet-licorice-chili-madago-120g-kopier\/","title":{"rendered":"Lakrids Kompagniet &#8211; Sweet Licorice Espresso &#038; Milk Chocolate \u201cSJ\u00d8DDAD NAD\u201d 130g"},"content":{"rendered":"<p>S\u00d6T LAKRITS \u00d6VERT\u00c4CKT MED MJ\u00d6LKCHOKLAD SMAK AV ESPRESSO, 130g<\/p>\n<p>\u201cF\u00e5r i sj\u00f8ddad nad?\u201d \u00e4r f\u00f6r den sanna livsnjutaren. Smakkombinationen av s\u00f6t lakrits t\u00e4ckt med mj\u00f6lkchoklad i samspel med den fylliga och aromatiska essensen av kaffeb\u00f6nor, skapar en balanserad smakupplevelse. All v\u00e5r lakrits \u00e4r l\u00e5ngkokt, vilket ger den den perfekta kombinationen av mjukhet och seghet. Handgjord och f\u00f6rpackad p\u00e5 Bornholm.<\/p>\n<p>Id\u00e9givare och grundare, Christos Kakavogiannis, st\u00e5r bakom Lakrids Kompagniet. Med stor passion f\u00f6r det traditionella lakritshantverket har han skapat sin version av en bornholmsk lakrits \u2014 en mjuk lakrits med rik smak och toner fr\u00e5n bornholmska r\u00e5varor.<\/p>\n<p>Christos v\u00e4xte upp med en stark k\u00e4rlek till handgjord konfektyr, inspirerad av sina f\u00f6r\u00e4ldrar som driver den bornholmska glasskedjan Chris &#038; Mario. Hos Lakrids Kompagniet \u00e4r allt handgjort fr\u00e5n grunden utifr\u00e5n traditionella processer. Den bornholmska lakritsen fr\u00e5n Lakrids Kompagniet \u00e4r en villkorsl\u00f6s k\u00e4rlek till b\u00e5de det s\u00f6ta och det bornholmska. Med en passion f\u00f6r s\u00f6tsaker och den kvalitetsmedvetenhet som k\u00e4nnetecknar \u00f6ns lokala matscen, \u00e4r den bornholmska lakritsen en unik f\u00f6rening av smak och lyx.<\/p>\n<p>Lakritsen tillverkas genom en l\u00e5ng kokprocess som g\u00f6r den extra intensiv, d\u00e4r bara en bit ger en stor smakupplevelse. Allt \u00e4r handgjort efter Christos egen hemliga recept, med gamla traditioner d\u00e4r man r\u00f6r i grytan f\u00f6r hand under hela kokningen. Lakritsen formas p\u00e5 familjens autentiska maskin, som Christos minns fr\u00e5n sin barndom och som nu har g\u00e5tt vidare till n\u00e4sta generation.<\/p>\n","protected":false},"excerpt":{"rendered":"<p>Quality Licorice &#8211; Bornholm Denmark<\/p>\n","protected":false},"featured_media":97357,"template":"","meta":{"_acf_changed":false,"rs_blank_template":"","rs_page_bg_color":"","slide_template_v7":""},"product_brand":[],"product_cat":[8024,8697],"product_tag":[],"class_list":{"0":"post-97316","1":"product","2":"type-product","3":"status-publish","4":"has-post-thumbnail","6":"product_cat-delikatesser-sv","7":"product_cat-lakritser","8":"pa_land-danmark-sv","9":"pa_procent-0-sv","10":"pa_producent-lakrids-kompagniet-sv","11":"pa_region-bornholm-sv","12":"pa_volume-130g-sv","14":"first","15":"instock","16":"taxable","17":"shipping-taxable","18":"purchasable","19":"product-type-simple"},"bundled_by":[],"bundle_stock_status":"instock","bundle_stock_quantity":null,"bundle_virtual":false,"bundle_layout":"","bundle_add_to_cart_form_location":"","bundle_editable_in_cart":false,"bundle_sold_individually_context":"","bundle_item_grouping":"","bundle_min_size":"","bundle_max_size":"","bundle_price":[],"bundled_items":[],"bundle_sell_ids":[],"acf":[],"_links":{"self":[{"href":"https:\/\/www.raschvin.com\/sv\/wp-json\/wp\/v2\/product\/97316","targetHints":{"allow":["GET"]}}],"collection":[{"href":"https:\/\/www.raschvin.com\/sv\/wp-json\/wp\/v2\/product"}],"about":[{"href":"https:\/\/www.raschvin.com\/sv\/wp-json\/wp\/v2\/types\/product"}],"wp:featuredmedia":[{"embeddable":true,"href":"https:\/\/www.raschvin.com\/sv\/wp-json\/wp\/v2\/media\/97357"}],"wp:attachment":[{"href":"https:\/\/www.raschvin.com\/sv\/wp-json\/wp\/v2\/media?parent=97316"}],"wp:term":[{"taxonomy":"product_brand","embeddable":true,"href":"https:\/\/www.raschvin.com\/sv\/wp-json\/wp\/v2\/product_brand?post=97316"},{"taxonomy":"product_cat","embeddable":true,"href":"https:\/\/www.raschvin.com\/sv\/wp-json\/wp\/v2\/product_cat?post=97316"},{"taxonomy":"product_tag","embeddable":true,"href":"https:\/\/www.raschvin.com\/sv\/wp-json\/wp\/v2\/product_tag?post=97316"}],"curies":[{"name":"wp","href":"https:\/\/api.w.org\/{rel}","templated":true}]}}