{"id":96790,"date":"2025-09-10T08:24:39","date_gmt":"2025-09-10T06:24:39","guid":{"rendered":"https:\/\/www.raschvin.com\/produkt\/drumshanbo-gunpowder-irish-gin-panda-conservation-edition-70-cl-43\/"},"modified":"2025-09-10T08:24:39","modified_gmt":"2025-09-10T06:24:39","slug":"drumshanbo-gunpowder-irish-gin-panda-conservation-edition-70-cl-43","status":"publish","type":"product","link":"https:\/\/www.raschvin.com\/sv\/produkt\/drumshanbo-gunpowder-irish-gin-panda-conservation-edition-70-cl-43\/","title":{"rendered":"Drumshanbo Gunpowder Irish Gin Panda Conservation Edition 70 cl 43%"},"content":{"rendered":"<p>Drumshanbo Gunpowder Irish Gin har lanserat en unik och begr\u00e4nsad utg\u00e5va i en handgjord keramikflaska med panda-design. Flaskans eleganta svartvita utseende \u00e4r inte bara i\u00f6gonfallande, utan b\u00e4r ocks\u00e5 p\u00e5 ett viktigt budskap: en del av int\u00e4kterna fr\u00e5n f\u00f6rs\u00e4ljningen g\u00e5r direkt till Sichuan Green Foundation i Kina, som arbetar f\u00f6r att skydda j\u00e4ttepandans livsmilj\u00f6 och st\u00f6tta de lokala samh\u00e4llen som v\u00e5rdar pandorna.<\/p>\n<p>Bakom denna specialutg\u00e5va st\u00e5r The Shed Distillery i Drumshanbo, Irland \u2013 k\u00e4nd f\u00f6r sitt hantverk och sin passion f\u00f6r kvalitet. Precis som originalet \u00e4r ginen destillerad p\u00e5 12 noggrant utvalda botanicals, d\u00e4ribland enb\u00e4r, kaffirlime, orientaliska citrusfrukter och det karakteristiska Gunpowder-gr\u00f6na teet. Resultatet \u00e4r en gin med en fr\u00e4sch, komplex och harmonisk smakprofil: livliga citrusnoter balanseras av kryddiga toner och en subtil \u00f6rtighet, som mynnar ut i en ren och uppfriskande eftersmak.<\/p>\n<p>Med sin alkoholhalt p\u00e5 43 % och sin rika smak \u00e4r Panda Conservation Edition b\u00e5de en hyllning till naturens m\u00e5ngfald och ett bevis p\u00e5 Drumshanbos f\u00f6rm\u00e5ga att skapa sprit i v\u00e4rldsklass. Den \u00e4r lika sj\u00e4lvklar i en klassisk gin &#038; tonic som den \u00e4r som samlarflaska \u2013 en kombination av exceptionell smak, unikt designhantverk och ett meningsfullt syfte.<\/p>\n","protected":false},"excerpt":{"rendered":"<p>Oriental Spiced Gin &#8211; Ireland<\/p>\n","protected":false},"featured_media":96847,"template":"","meta":{"_acf_changed":false,"rs_blank_template":"","rs_page_bg_color":"","slide_template_v7":""},"product_brand":[],"product_cat":[4711,2402,2404],"product_tag":[],"class_list":{"0":"post-96790","1":"product","2":"type-product","3":"status-publish","4":"has-post-thumbnail","6":"product_cat-andra-gins","7":"product_cat-sprit-sv","8":"product_cat-gin-sv","9":"pa_land-irland-sv","10":"pa_procent-43-sv","11":"pa_producent-the-shed-distillery-sv","12":"pa_volume-70-sv-2","14":"first","15":"instock","16":"sale","17":"taxable","18":"shipping-taxable","19":"purchasable","20":"product-type-simple"},"bundled_by":[],"bundle_stock_status":"instock","bundle_stock_quantity":null,"bundle_virtual":false,"bundle_layout":"","bundle_add_to_cart_form_location":"","bundle_editable_in_cart":false,"bundle_sold_individually_context":"","bundle_item_grouping":"","bundle_min_size":"","bundle_max_size":"","bundle_price":[],"bundled_items":[],"bundle_sell_ids":[],"acf":[],"_links":{"self":[{"href":"https:\/\/www.raschvin.com\/sv\/wp-json\/wp\/v2\/product\/96790","targetHints":{"allow":["GET"]}}],"collection":[{"href":"https:\/\/www.raschvin.com\/sv\/wp-json\/wp\/v2\/product"}],"about":[{"href":"https:\/\/www.raschvin.com\/sv\/wp-json\/wp\/v2\/types\/product"}],"wp:featuredmedia":[{"embeddable":true,"href":"https:\/\/www.raschvin.com\/sv\/wp-json\/wp\/v2\/media\/96847"}],"wp:attachment":[{"href":"https:\/\/www.raschvin.com\/sv\/wp-json\/wp\/v2\/media?parent=96790"}],"wp:term":[{"taxonomy":"product_brand","embeddable":true,"href":"https:\/\/www.raschvin.com\/sv\/wp-json\/wp\/v2\/product_brand?post=96790"},{"taxonomy":"product_cat","embeddable":true,"href":"https:\/\/www.raschvin.com\/sv\/wp-json\/wp\/v2\/product_cat?post=96790"},{"taxonomy":"product_tag","embeddable":true,"href":"https:\/\/www.raschvin.com\/sv\/wp-json\/wp\/v2\/product_tag?post=96790"}],"curies":[{"name":"wp","href":"https:\/\/api.w.org\/{rel}","templated":true}]}}