{"id":96548,"date":"2025-09-08T09:47:03","date_gmt":"2025-09-08T07:47:03","guid":{"rendered":"https:\/\/www.raschvin.com\/produkt\/tormore-9y-100-proof-edition-45-signatory-vintage-2015-2025-70-cl-571\/"},"modified":"2025-09-08T09:47:03","modified_gmt":"2025-09-08T07:47:03","slug":"tormore-9y-100-proof-edition-45-signatory-vintage-2015-2025-70-cl-571","status":"publish","type":"product","link":"https:\/\/www.raschvin.com\/sv\/produkt\/tormore-9y-100-proof-edition-45-signatory-vintage-2015-2025-70-cl-571\/","title":{"rendered":"Tormore 9Y 100 Proof Edition #45 Signatory Vintage 2015\/2025 70 cl. 57,1%"},"content":{"rendered":"<p>En Speyside single malt Scotch whisky, buteljerad av Signatory Vintage som en del av deras uppskattade 100 Proof Edition-serie. Denna exklusiva utg\u00e5va destillerades 2015 och har noggrant lagrats i 9 \u00e5r p\u00e5 en kombination av first-fill Oloroso sherry butts och bourbonfat. Whiskyn buteljerades 2025 vid 100 proof (57,1\u202f% ABV), utan tillsatt f\u00e4rg och utan kylfiltrering.<br \/>\nDoften \u00e4r aromatisk och inbjudande med inslag av torkad frukt, honung, vanilj och en hint av kryddor. P\u00e5 smaken \u00e4r whiskyn fyllig och komplex med toner av kola, rostade n\u00f6tter, mogen frukt och subtila sherrynoter, balanserade av l\u00e4tt kryddighet och en mjuk maltkarakt\u00e4r. Eftersmaken \u00e4r l\u00e5ng och v\u00e4rmande, med silkeslen textur och kvarh\u00e4ngande toner av ek och m\u00f6rk choklad, vilket ger en elegant och minnesv\u00e4rd dram.<\/p>\n","protected":false},"excerpt":{"rendered":"<p>Single Malt Scotch Whisky<\/p>\n","protected":false},"featured_media":96559,"template":"","meta":{"_acf_changed":false,"rs_blank_template":"","rs_page_bg_color":"","slide_template_v7":""},"product_brand":[],"product_cat":[2387,4651,2392],"product_tag":[],"class_list":{"0":"post-96548","1":"product","2":"type-product","3":"status-publish","4":"has-post-thumbnail","6":"product_cat-avec-sv","7":"product_cat-single-malt-sv","8":"product_cat-whisky-sv","9":"pa_land-skottland","10":"pa_procent-57-1-sv","11":"pa_producent-tormore-sv","12":"pa_region-speyside-sv","13":"pa_traefad-bourbon-sv","14":"pa_vintage-2015-sv","15":"pa_volume-70-sv-2","17":"first","18":"instock","19":"sale","20":"taxable","21":"shipping-taxable","22":"purchasable","23":"product-type-simple"},"bundled_by":[],"bundle_stock_status":"instock","bundle_stock_quantity":null,"bundle_virtual":false,"bundle_layout":"","bundle_add_to_cart_form_location":"","bundle_editable_in_cart":false,"bundle_sold_individually_context":"","bundle_item_grouping":"","bundle_min_size":"","bundle_max_size":"","bundle_price":[],"bundled_items":[],"bundle_sell_ids":[],"acf":[],"_links":{"self":[{"href":"https:\/\/www.raschvin.com\/sv\/wp-json\/wp\/v2\/product\/96548","targetHints":{"allow":["GET"]}}],"collection":[{"href":"https:\/\/www.raschvin.com\/sv\/wp-json\/wp\/v2\/product"}],"about":[{"href":"https:\/\/www.raschvin.com\/sv\/wp-json\/wp\/v2\/types\/product"}],"wp:featuredmedia":[{"embeddable":true,"href":"https:\/\/www.raschvin.com\/sv\/wp-json\/wp\/v2\/media\/96559"}],"wp:attachment":[{"href":"https:\/\/www.raschvin.com\/sv\/wp-json\/wp\/v2\/media?parent=96548"}],"wp:term":[{"taxonomy":"product_brand","embeddable":true,"href":"https:\/\/www.raschvin.com\/sv\/wp-json\/wp\/v2\/product_brand?post=96548"},{"taxonomy":"product_cat","embeddable":true,"href":"https:\/\/www.raschvin.com\/sv\/wp-json\/wp\/v2\/product_cat?post=96548"},{"taxonomy":"product_tag","embeddable":true,"href":"https:\/\/www.raschvin.com\/sv\/wp-json\/wp\/v2\/product_tag?post=96548"}],"curies":[{"name":"wp","href":"https:\/\/api.w.org\/{rel}","templated":true}]}}