{"id":96528,"date":"2025-09-08T08:30:32","date_gmt":"2025-09-08T06:30:32","guid":{"rendered":"https:\/\/www.raschvin.com\/?post_type=product&#038;p=96528"},"modified":"2025-09-08T08:37:51","modified_gmt":"2025-09-08T06:37:51","slug":"glen-grant-2000-25-years-symingtons-choice-signatory-vintage-decanter-70-cl-568","status":"publish","type":"product","link":"https:\/\/www.raschvin.com\/sv\/produkt\/glen-grant-2000-25-years-symingtons-choice-signatory-vintage-decanter-70-cl-568\/","title":{"rendered":"Glen Grant 2000 25 Years &#8211; Symington\u2019s Choice Signatory Vintage Decanter 70 cl. 56,8%"},"content":{"rendered":"<p>Glen Grant 2000 \u2013 25 Years, 56,8 % (Signatory Symington\u2019s Choice)<br \/>\nUrsprung &#038; buteljering:<br \/>\nDenna exklusiva Glen Grant single malt destillerades \u00e5r 2000 och har lagrats i 25 \u00e5r p\u00e5 ett first-fill Oloroso Sherry Butt (#6). Buteljeringen skedde i april 2025 under Signatory Vintage\u2019s Symington\u2019s Choice-serie. Totalt sl\u00e4pptes endast 679 individuellt numrerade flaskor, alla vid naturlig fatstyrka, utan kylfiltrering och utan tillsatt f\u00e4rg.<br \/>\nDoft:<br \/>\nFyllig och inbjudande med toner av bakat \u00e4pple, honungsmalt och subtil blomster, omslutet av s\u00f6ta inslag av russinsirap, apelsinskal och polerad ek.<br \/>\nSmak:<br \/>\nSilkeslen textur med fikonmarmelad och kolas\u00f6t toffee, som utvecklas till djupa lager av kryddig choklad, rostade hasseln\u00f6tter och en frisk ton av citrus.<br \/>\nEftersmak:<br \/>\nL\u00e5ng och v\u00e4rmande, med inslag av sherrydr\u00e4nkt fruktkaka, mjuka ektanniner och en kvarh\u00e4ngande ton av vaniljs\u00f6t malt.<br \/>\nSammanfattning:<br \/>\nEn elegant balanserad dram d\u00e4r Glen Grants typiska fruktighet och finess m\u00f6ter djupet fr\u00e5n ett first-fill Oloroso sherryfat. Den h\u00f6ga alkoholhalten ger b\u00e5de intensitet och textur \u2013 en s\u00e4llsynt och eftertraktad buteljering f\u00f6r samlare och whiskyk\u00e4nnare.<\/p>\n","protected":false},"excerpt":{"rendered":"<p>Limited Single Cask Scotch Whisky<\/p>\n","protected":false},"featured_media":96577,"template":"","meta":{"_acf_changed":false,"rs_blank_template":"","rs_page_bg_color":"","slide_template_v7":""},"product_brand":[],"product_cat":[2387,4651,2392],"product_tag":[],"class_list":{"0":"post-96528","1":"product","2":"type-product","3":"status-publish","4":"has-post-thumbnail","6":"product_cat-avec-sv","7":"product_cat-single-malt-sv","8":"product_cat-whisky-sv","9":"pa_champagne-type-single-cask-sv","10":"pa_land-skottland","11":"pa_procent-56-8-sv","12":"pa_producent-signatory-sv","13":"pa_region-speyside-sv","14":"pa_traefad-first-fill-sherry-butt-sv","15":"pa_vintage-2000-sv","16":"pa_volume-70-sv-2","18":"first","19":"instock","20":"taxable","21":"shipping-taxable","22":"purchasable","23":"product-type-simple"},"bundled_by":[],"bundle_stock_status":"instock","bundle_stock_quantity":null,"bundle_virtual":false,"bundle_layout":"","bundle_add_to_cart_form_location":"","bundle_editable_in_cart":false,"bundle_sold_individually_context":"","bundle_item_grouping":"","bundle_min_size":"","bundle_max_size":"","bundle_price":[],"bundled_items":[],"bundle_sell_ids":[],"acf":[],"_links":{"self":[{"href":"https:\/\/www.raschvin.com\/sv\/wp-json\/wp\/v2\/product\/96528","targetHints":{"allow":["GET"]}}],"collection":[{"href":"https:\/\/www.raschvin.com\/sv\/wp-json\/wp\/v2\/product"}],"about":[{"href":"https:\/\/www.raschvin.com\/sv\/wp-json\/wp\/v2\/types\/product"}],"wp:featuredmedia":[{"embeddable":true,"href":"https:\/\/www.raschvin.com\/sv\/wp-json\/wp\/v2\/media\/96577"}],"wp:attachment":[{"href":"https:\/\/www.raschvin.com\/sv\/wp-json\/wp\/v2\/media?parent=96528"}],"wp:term":[{"taxonomy":"product_brand","embeddable":true,"href":"https:\/\/www.raschvin.com\/sv\/wp-json\/wp\/v2\/product_brand?post=96528"},{"taxonomy":"product_cat","embeddable":true,"href":"https:\/\/www.raschvin.com\/sv\/wp-json\/wp\/v2\/product_cat?post=96528"},{"taxonomy":"product_tag","embeddable":true,"href":"https:\/\/www.raschvin.com\/sv\/wp-json\/wp\/v2\/product_tag?post=96528"}],"curies":[{"name":"wp","href":"https:\/\/api.w.org\/{rel}","templated":true}]}}