{"id":96278,"date":"2025-09-05T13:35:41","date_gmt":"2025-09-05T11:35:41","guid":{"rendered":"https:\/\/www.raschvin.com\/?post_type=product&#038;p=96278"},"modified":"2025-09-05T13:39:20","modified_gmt":"2025-09-05T11:39:20","slug":"thornaes-chestnut-double-cask-dk-eco-70-cl-494","status":"publish","type":"product","link":"https:\/\/www.raschvin.com\/sv\/produkt\/thornaes-chestnut-double-cask-dk-eco-70-cl-494\/","title":{"rendered":"Thorn\u00e6s \u2013 Chestnut Double Cask (DK) (ECO) 70 cl. 49,4%"},"content":{"rendered":"<p>Chestnut \u2013 Double Cask har lagrats i tv\u00e5 \u00e5r p\u00e5 112-liters kastanjefat och d\u00e4refter tappats om p\u00e5 200-liters bourbonfat. Kastanjefaten bidrar med en tydlig och intensiv smak, som b\u00e4r b\u00e5de igenk\u00e4nnbara toner av torkad aprikos, vanilj och karamell, men ocks\u00e5 en antydan av fenoler och kastanjens milt n\u00f6tiga karakt\u00e4r.<br \/>\nChestnut \u2013 Double Cask \u00e4r en elegant whisky som f\u00f6renar stor fyllighet med en fin och l\u00e5ng eftersmak.<\/p>\n<p>Doft: Torkad frukt och karamell<br \/>\nSmak: Aprikos, vanilj, s\u00f6t karamell och rostade n\u00f6tter<br \/>\nEftersmak: S\u00f6ta kryddor och en hint av fenoler<br \/>\nMalt: Dansk ekologisk kornmalt<br \/>\nMaltsort: Evergreen Pale Ale<br \/>\nAlkoholhalt: 49,4 %<br \/>\nAntal flaskor: 738<br \/>\nVolym: 70 cl<\/p>\n<p>Del av Crossroads-serien<br \/>\nDenna whisky ing\u00e5r i v\u00e5r Crossroads-serie, den andra serien i Thorn\u00e6s Danish Whiskys l\u00f6pande utg\u00e5vor. Varje utg\u00e5va skapas i korsningen mellan kunskapen fr\u00e5n tidigare sl\u00e4pp och nya, sp\u00e4nnande uppt\u00e4ckter i v\u00e5rt fatlager.<\/p>\n","protected":false},"excerpt":{"rendered":"<p>Danish Single Malt Whisky<\/p>\n","protected":false},"featured_media":96319,"template":"","meta":{"_acf_changed":false,"rs_blank_template":"","rs_page_bg_color":"","slide_template_v7":""},"product_brand":[],"product_cat":[2387,4651,2392],"product_tag":[],"class_list":{"0":"post-96278","1":"product","2":"type-product","3":"status-publish","4":"has-post-thumbnail","6":"product_cat-avec-sv","7":"product_cat-single-malt-sv","8":"product_cat-whisky-sv","9":"pa_land-danmark-sv","10":"pa_oekologisk-yes-sv","11":"pa_procent-49-4-sv","12":"pa_producent-thornaes-destilleri-sv","13":"pa_region-nordsjaelland-sv","14":"pa_volume-50-sv","16":"first","17":"instock","18":"sale","19":"taxable","20":"shipping-taxable","21":"purchasable","22":"product-type-simple"},"bundled_by":[],"bundle_stock_status":"instock","bundle_stock_quantity":null,"bundle_virtual":false,"bundle_layout":"","bundle_add_to_cart_form_location":"","bundle_editable_in_cart":false,"bundle_sold_individually_context":"","bundle_item_grouping":"","bundle_min_size":"","bundle_max_size":"","bundle_price":[],"bundled_items":[],"bundle_sell_ids":[],"acf":[],"_links":{"self":[{"href":"https:\/\/www.raschvin.com\/sv\/wp-json\/wp\/v2\/product\/96278","targetHints":{"allow":["GET"]}}],"collection":[{"href":"https:\/\/www.raschvin.com\/sv\/wp-json\/wp\/v2\/product"}],"about":[{"href":"https:\/\/www.raschvin.com\/sv\/wp-json\/wp\/v2\/types\/product"}],"wp:featuredmedia":[{"embeddable":true,"href":"https:\/\/www.raschvin.com\/sv\/wp-json\/wp\/v2\/media\/96319"}],"wp:attachment":[{"href":"https:\/\/www.raschvin.com\/sv\/wp-json\/wp\/v2\/media?parent=96278"}],"wp:term":[{"taxonomy":"product_brand","embeddable":true,"href":"https:\/\/www.raschvin.com\/sv\/wp-json\/wp\/v2\/product_brand?post=96278"},{"taxonomy":"product_cat","embeddable":true,"href":"https:\/\/www.raschvin.com\/sv\/wp-json\/wp\/v2\/product_cat?post=96278"},{"taxonomy":"product_tag","embeddable":true,"href":"https:\/\/www.raschvin.com\/sv\/wp-json\/wp\/v2\/product_tag?post=96278"}],"curies":[{"name":"wp","href":"https:\/\/api.w.org\/{rel}","templated":true}]}}