{"id":96275,"date":"2025-09-05T13:27:24","date_gmt":"2025-09-05T11:27:24","guid":{"rendered":"https:\/\/www.raschvin.com\/?post_type=product&#038;p=96275"},"modified":"2025-09-05T13:33:58","modified_gmt":"2025-09-05T11:33:58","slug":"thornaes-balkan-peat-double-cask-dk-eco-70-cl-488","status":"publish","type":"product","link":"https:\/\/www.raschvin.com\/sv\/produkt\/thornaes-balkan-peat-double-cask-dk-eco-70-cl-488\/","title":{"rendered":"Thorn\u00e6s \u2013 Balkan Peat Double Cask (DK) (ECO) 70 cl. 48,8%"},"content":{"rendered":"<p>Balkan Peat \u2013 Double Cask har lagrats i tv\u00e5 \u00e5r p\u00e5 sm\u00e5 bulgariska ekfat innan den tappats om p\u00e5 200-liters bourbonfat. Denna utg\u00e5va \u00e4r \u201cstorebror\u201d till v\u00e5r 3rd Release, som vann guld f\u00f6r b\u00e4sta Danish Small Batch Whisky vid World Whisky Awards 2025.<\/p>\n<p>Balkan Peat \u2013 Double Cask \u00e4r l\u00e4tt torvr\u00f6kt med florala och honungsliknande inslag. R\u00f6ken \u00e4r subtil och ulmande, och utvecklas p\u00e5 ett fint s\u00e4tt i eftersmaken.<\/p>\n<p>Doft: Tropisk frukt, honung och en hint av r\u00f6k<br \/>\nSmak: Vanilj, persika, blomsterhonung och s\u00f6ta kryddor<br \/>\nEftersmak: Florala toner och ulmande torvr\u00f6k<br \/>\nMalt: Dansk och belgisk ekologisk kornmalt<br \/>\nAlkoholhalt: 48,8 %<br \/>\nAntal flaskor: 487<br \/>\nVolym: 70 cl<\/p>\n<p>Del av Crossroads-serien<br \/>\nDenna whisky ing\u00e5r i Crossroads-serien, den andra serien i Thorn\u00e6s Danish Whiskys l\u00f6pande utg\u00e5vor. Utg\u00e5vorna skapas i korsningen mellan den kunskap vi f\u00e5tt fr\u00e5n tidigare utg\u00e5vor och nya sp\u00e4nnande uppt\u00e4ckter i v\u00e5rt fatlager.<\/p>\n","protected":false},"excerpt":{"rendered":"<p>Danish Single Malt Whisky<\/p>\n","protected":false},"featured_media":96307,"template":"","meta":{"_acf_changed":false,"rs_blank_template":"","rs_page_bg_color":"","slide_template_v7":""},"product_brand":[],"product_cat":[2387,4651,2392],"product_tag":[],"class_list":{"0":"post-96275","1":"product","2":"type-product","3":"status-publish","4":"has-post-thumbnail","6":"product_cat-avec-sv","7":"product_cat-single-malt-sv","8":"product_cat-whisky-sv","9":"pa_land-danmark-sv","10":"pa_oekologisk-yes-sv","11":"pa_procent-48-8-sv","12":"pa_producent-thornaes-destilleri-sv","13":"pa_region-nordsjaelland-sv","14":"pa_volume-50-sv","16":"first","17":"instock","18":"sale","19":"taxable","20":"shipping-taxable","21":"purchasable","22":"product-type-simple"},"bundled_by":[],"bundle_stock_status":"instock","bundle_stock_quantity":null,"bundle_virtual":false,"bundle_layout":"","bundle_add_to_cart_form_location":"","bundle_editable_in_cart":false,"bundle_sold_individually_context":"","bundle_item_grouping":"","bundle_min_size":"","bundle_max_size":"","bundle_price":[],"bundled_items":[],"bundle_sell_ids":[],"acf":[],"_links":{"self":[{"href":"https:\/\/www.raschvin.com\/sv\/wp-json\/wp\/v2\/product\/96275","targetHints":{"allow":["GET"]}}],"collection":[{"href":"https:\/\/www.raschvin.com\/sv\/wp-json\/wp\/v2\/product"}],"about":[{"href":"https:\/\/www.raschvin.com\/sv\/wp-json\/wp\/v2\/types\/product"}],"wp:featuredmedia":[{"embeddable":true,"href":"https:\/\/www.raschvin.com\/sv\/wp-json\/wp\/v2\/media\/96307"}],"wp:attachment":[{"href":"https:\/\/www.raschvin.com\/sv\/wp-json\/wp\/v2\/media?parent=96275"}],"wp:term":[{"taxonomy":"product_brand","embeddable":true,"href":"https:\/\/www.raschvin.com\/sv\/wp-json\/wp\/v2\/product_brand?post=96275"},{"taxonomy":"product_cat","embeddable":true,"href":"https:\/\/www.raschvin.com\/sv\/wp-json\/wp\/v2\/product_cat?post=96275"},{"taxonomy":"product_tag","embeddable":true,"href":"https:\/\/www.raschvin.com\/sv\/wp-json\/wp\/v2\/product_tag?post=96275"}],"curies":[{"name":"wp","href":"https:\/\/api.w.org\/{rel}","templated":true}]}}