{"id":96272,"date":"2025-09-05T13:17:49","date_gmt":"2025-09-05T11:17:49","guid":{"rendered":"https:\/\/www.raschvin.com\/?post_type=product&#038;p=96272"},"modified":"2025-09-05T13:23:30","modified_gmt":"2025-09-05T11:23:30","slug":"black-tot-master-blenders-reserve-rum-2025-70-cl-545","status":"publish","type":"product","link":"https:\/\/www.raschvin.com\/sv\/produkt\/black-tot-master-blenders-reserve-rum-2025-70-cl-545\/","title":{"rendered":"Black Tot Master Blender&#8217;s Reserve Rum 2025 70 cl. 54,5%"},"content":{"rendered":"<p>Alla man p\u00e5 d\u00e4ck! Rom i sikte!<\/p>\n<p>Black Tot Master Blender\u2019s Reserve 2025 har precis dykt upp \u00f6ver horisonten, och i \u00e5r \u00e4r det en riktig sk\u00f6nhet. Som du kanske vet sl\u00e4pps varje \u00e5r en ny \u201cblend\u201d i serien, och denna g\u00e5ng har Oliver Chillton, den ber\u00f6mda Master Blendern, \u00f6vertr\u00e4ffat sig sj\u00e4lv!<br \/>\nBlenden best\u00e5r av 40% Guyana-rom (upp till 21 \u00e5r gammal), 24% Barbados, 13% Jamaica, 4% Trinidad, och 19% fr\u00e5n Black Tots \u201cperpetual reserve\u201d, som bland annat inneh\u00e5ller rom fr\u00e5n de ursprungliga brittiska flottorna. De 4% fr\u00e5n Trinidad kanske l\u00e5ter lite, men de s\u00e4tter ett tydligt avtryck \u2013 Black Tot avsl\u00f6jar att det handlar om ett s\u00e4llsynt fat fr\u00e5n ett nedlagt destilleri. De flesta romfantaster vet vad det betyder\u2026 ja, det \u00e4r Caroni!<\/p>\n<p>Som vanligt \u00e4r varken socker eller f\u00e4rg tillsatt, och alkoholhalten ligger p\u00e5 potenta 54,5% ABV.<\/p>\n<p>F\u00e4rg: M\u00f6rkt b\u00e4rnsten<br \/>\nDoft: Ett kalejdoskop av aromer d\u00e4r lakrits och m\u00f6rk choklad m\u00f6ts med melass, tropisk frukt och grapefrukt<br \/>\nSmaknoter: Rik och intensiv rom med m\u00f6rka toner av varma kryddor, melass, sm\u00e4lt sm\u00f6r och kandiserad citrus<br \/>\nServeringsf\u00f6rslag: Avnjut ren, eventuellt med n\u00e5gra droppar vatten<\/p>\n<p>F\u00f6retaget \u2013 Elixir Distillers:<br \/>\nElixir Distillers grundades av br\u00f6derna Sukhinder och Rajbir Singh, som ocks\u00e5 driver The Whisky Exchange. De anv\u00e4nder sin stora erfarenhet fr\u00e5n n\u00e4stan alla h\u00f6rn av spritv\u00e4rlden f\u00f6r att f\u00f6rena traditionellt hantverk med en om\u00e4ttlig lust att experimentera och f\u00f6rnya. Huvudfokus ligger p\u00e5 skotsk whisky, men \u00e4ven japansk, irl\u00e4ndsk och amerikansk whiskey samt tequila och rom \u00e5terfinns i Elixir Distillers vackert designade flaskor. Bland de mest anm\u00e4rkningsv\u00e4rda m\u00e4rkena finns Elements of Islay, Port Askaig, Single Malts of Scotland och Black Tot.<\/p>\n<p>F\u00f6retaget hette ursprungligen Specialty Drinks, och bytte namn till Elixir Distillers f\u00f6rst 2017. Men om br\u00f6derna blender och buteljerar whisky, var kommer d\u00e5 \u201cDistillers\u201d-delen in? Jo, 2018 annonserade de planer p\u00e5 att bygga ett nytt destilleri p\u00e5 Islays sydkust. Framtiden ser ljus ut f\u00f6r fans av r\u00f6k och torv!<\/p>\n","protected":false},"excerpt":{"rendered":"<p>Blended Premium Aged Rum<\/p>\n","protected":false},"featured_media":96316,"template":"","meta":{"_acf_changed":false,"rs_blank_template":"","rs_page_bg_color":"","slide_template_v7":""},"product_brand":[],"product_cat":[2387,4634,2391],"product_tag":[],"class_list":{"0":"post-96272","1":"product","2":"type-product","3":"status-publish","4":"has-post-thumbnail","6":"product_cat-avec-sv","7":"product_cat-premium-aged-sv","8":"product_cat-rom-sv","9":"pa_procent-54-5-sv","10":"pa_producent-elixir-distillers-sv","11":"pa_vintage-2025-sv","12":"pa_volume-70-sv-2","14":"first","15":"instock","16":"sale","17":"taxable","18":"shipping-taxable","19":"purchasable","20":"product-type-simple"},"bundled_by":[],"bundle_stock_status":"instock","bundle_stock_quantity":null,"bundle_virtual":false,"bundle_layout":"","bundle_add_to_cart_form_location":"","bundle_editable_in_cart":false,"bundle_sold_individually_context":"","bundle_item_grouping":"","bundle_min_size":"","bundle_max_size":"","bundle_price":[],"bundled_items":[],"bundle_sell_ids":[],"acf":[],"_links":{"self":[{"href":"https:\/\/www.raschvin.com\/sv\/wp-json\/wp\/v2\/product\/96272","targetHints":{"allow":["GET"]}}],"collection":[{"href":"https:\/\/www.raschvin.com\/sv\/wp-json\/wp\/v2\/product"}],"about":[{"href":"https:\/\/www.raschvin.com\/sv\/wp-json\/wp\/v2\/types\/product"}],"wp:featuredmedia":[{"embeddable":true,"href":"https:\/\/www.raschvin.com\/sv\/wp-json\/wp\/v2\/media\/96316"}],"wp:attachment":[{"href":"https:\/\/www.raschvin.com\/sv\/wp-json\/wp\/v2\/media?parent=96272"}],"wp:term":[{"taxonomy":"product_brand","embeddable":true,"href":"https:\/\/www.raschvin.com\/sv\/wp-json\/wp\/v2\/product_brand?post=96272"},{"taxonomy":"product_cat","embeddable":true,"href":"https:\/\/www.raschvin.com\/sv\/wp-json\/wp\/v2\/product_cat?post=96272"},{"taxonomy":"product_tag","embeddable":true,"href":"https:\/\/www.raschvin.com\/sv\/wp-json\/wp\/v2\/product_tag?post=96272"}],"curies":[{"name":"wp","href":"https:\/\/api.w.org\/{rel}","templated":true}]}}