{"id":96269,"date":"2025-09-05T13:06:06","date_gmt":"2025-09-05T11:06:06","guid":{"rendered":"https:\/\/www.raschvin.com\/?post_type=product&#038;p=96269"},"modified":"2025-09-05T13:13:01","modified_gmt":"2025-09-05T11:13:01","slug":"tequila-don-fulano-extra-anejo-70-cl-40","status":"publish","type":"product","link":"https:\/\/www.raschvin.com\/sv\/produkt\/tequila-don-fulano-extra-anejo-70-cl-40\/","title":{"rendered":"Tequila Don Fulano Extra A\u00f1ejo 70 cl. 40%"},"content":{"rendered":"<p>Don Fulano A\u00f1ejo \u00e4r en lagrad tequila fr\u00e5n Jaliscos h\u00f6gland, gjord p\u00e5 100% bl\u00e5 agave, som endast sk\u00f6rdas n\u00e4r plantorna \u00e4r minst 10 \u00e5r gamla och perfekt mogna. Efter destillation lagras tequilan i minst tv\u00e5 och ett halvt \u00e5r p\u00e5 anv\u00e4nda franska vintunnor, d\u00e4r vissa lagras upp till fem \u00e5r! Samverkan mellan agaven och ekfaten \u00e4r helt enkelt gudomlig. Bravo!<\/p>\n<p>F\u00e4rg: Gyllene<br \/>\nDoft: Rika och fylliga aromer av bakad banan, rostade n\u00f6tter, choklad, kardemumma och kaprifol<br \/>\nSmaknoter: Fyllig och t\u00e4t smak med viss elegans, med inslag av choklad, honung, mandel, banan, agave och peppar<\/p>\n<p>Serveringsf\u00f6rslag: B\u00f6r avnjutas ren<\/p>\n<p>Producenten \u2013 Fonseca-familjen:<br \/>\nBakom Don Fulano st\u00e5r Fonseca-familjen, en helhj\u00e4rtad jordbruksfamilj i minst fem generationer. P\u00e5 1960-talet \u00f6vergav de spannm\u00e5l och frukt och koncentrerade sig helt p\u00e5 bl\u00e5 agave (Agave tequilana). H\u00e5llbarhet och ansvar \u00e4r k\u00e4rnan i familjens filosofi, som inte hyser mycket respekt f\u00f6r de stora industriella fabriker som p\u00e5 senare tid dominerat agavemarknaden.<\/p>\n<p>Idag produceras familjens exceptionella tequila p\u00e5 La Tequilena-destilleriet i Jalisco, alltid p\u00e5 100% agave och utan tillsatser. Som n\u00e5got unikt anv\u00e4nder Don Fulano b\u00e5de kolonnpanna och traditionell koppar-pot still, d\u00e4r de tv\u00e5 destillaten blandas i perfekt proportion, vanligtvis med cirka 85% fr\u00e5n pot still, f\u00f6r att skapa en tequila med djup och karakt\u00e4r.<\/p>\n","protected":false},"excerpt":{"rendered":"<p>Premium Aged Tequila &#8211; Mexico<\/p>\n","protected":false},"featured_media":96346,"template":"","meta":{"_acf_changed":false,"rs_blank_template":"","rs_page_bg_color":"","slide_template_v7":""},"product_brand":[],"product_cat":[2402,2408],"product_tag":[],"class_list":{"0":"post-96269","1":"product","2":"type-product","3":"status-publish","4":"has-post-thumbnail","6":"product_cat-sprit-sv","7":"product_cat-tequila-mescal-sv","8":"pa_champagne-type-anejo-sv","9":"pa_land-mexiko","10":"pa_procent-40-sv-2","11":"pa_producent-la-tequilena-sv","12":"pa_region-jalisco-sv","13":"pa_volume-70-sv-2","15":"first","16":"instock","17":"taxable","18":"shipping-taxable","19":"purchasable","20":"product-type-simple"},"bundled_by":[],"bundle_stock_status":"instock","bundle_stock_quantity":null,"bundle_virtual":false,"bundle_layout":"","bundle_add_to_cart_form_location":"","bundle_editable_in_cart":false,"bundle_sold_individually_context":"","bundle_item_grouping":"","bundle_min_size":"","bundle_max_size":"","bundle_price":[],"bundled_items":[],"bundle_sell_ids":[],"acf":[],"_links":{"self":[{"href":"https:\/\/www.raschvin.com\/sv\/wp-json\/wp\/v2\/product\/96269","targetHints":{"allow":["GET"]}}],"collection":[{"href":"https:\/\/www.raschvin.com\/sv\/wp-json\/wp\/v2\/product"}],"about":[{"href":"https:\/\/www.raschvin.com\/sv\/wp-json\/wp\/v2\/types\/product"}],"wp:featuredmedia":[{"embeddable":true,"href":"https:\/\/www.raschvin.com\/sv\/wp-json\/wp\/v2\/media\/96346"}],"wp:attachment":[{"href":"https:\/\/www.raschvin.com\/sv\/wp-json\/wp\/v2\/media?parent=96269"}],"wp:term":[{"taxonomy":"product_brand","embeddable":true,"href":"https:\/\/www.raschvin.com\/sv\/wp-json\/wp\/v2\/product_brand?post=96269"},{"taxonomy":"product_cat","embeddable":true,"href":"https:\/\/www.raschvin.com\/sv\/wp-json\/wp\/v2\/product_cat?post=96269"},{"taxonomy":"product_tag","embeddable":true,"href":"https:\/\/www.raschvin.com\/sv\/wp-json\/wp\/v2\/product_tag?post=96269"}],"curies":[{"name":"wp","href":"https:\/\/api.w.org\/{rel}","templated":true}]}}