{"id":96259,"date":"2025-09-05T11:48:17","date_gmt":"2025-09-05T09:48:17","guid":{"rendered":"https:\/\/www.raschvin.com\/?post_type=product&#038;p=96259"},"modified":"2025-09-05T12:10:54","modified_gmt":"2025-09-05T10:10:54","slug":"few-smashing-pumpkins-bourbon-whiskey-75-cl-465","status":"publish","type":"product","link":"https:\/\/www.raschvin.com\/sv\/produkt\/few-smashing-pumpkins-bourbon-whiskey-75-cl-465\/","title":{"rendered":"FEW Smashing Pumpkins Bourbon Whiskey 75 cl. 46,5%"},"content":{"rendered":"<p>FEW Spirits har efterhand samarbetat med flera band f\u00f6r att skapa s\u00e4rskilda whiskys, och Smashing Pumpkins-utg\u00e5van \u00e4r inget undantag. Smashing Pumpkins och FEW \u00e4r b\u00e5da institutioner i Chicago, och deras samarbete har resulterat i en verkligt unik whisky.<br \/>\nIst\u00e4llet f\u00f6r att sp\u00e4da whiskyn med vatten, som man normalt g\u00f6r, har de anv\u00e4nt \u201cmidnight rose tea\u201d fr\u00e5n bandets gitarrist och s\u00e5ngare, Billy Corgans, egen tebutik, Madam ZuZu\u2019s. Teen \u00e4r ett svart te smaksatt med rosenblad och anv\u00e4nds f\u00f6r att s\u00e4nka fadstyrkan (cirka 65%) till 46,5% ABV, som whiskyn tappas vid. Mycket ovanligt, men oerh\u00f6rt delikat!<br \/>\nF\u00e4rg: B\u00e4rnsten<br \/>\nDoft: Kraftig doft med varma kryddor, karamell, rosenvatten och svart te.<br \/>\nSmaknoter: Blommig och kryddig smak med en fin balans mellan s\u00f6tma och styrka. Teets p\u00e5verkan m\u00e4rks tydligt men tar inte \u00f6ver. Rolig och sp\u00e4nnande whisky!<br \/>\nServeringsf\u00f6rslag: Njut den ren eller i cocktails \u2013 kanske en Old Fashioned?<\/p>\n","protected":false},"excerpt":{"rendered":"<p>Straight Bourbon Whiskey<\/p>\n","protected":false},"featured_media":96289,"template":"","meta":{"_acf_changed":false,"rs_blank_template":"","rs_page_bg_color":"","slide_template_v7":""},"product_brand":[],"product_cat":[4657,2387,2392],"product_tag":[],"class_list":{"0":"post-96259","1":"product","2":"type-product","3":"status-publish","4":"has-post-thumbnail","6":"product_cat-american-bourbon-sv","7":"product_cat-avec-sv","8":"product_cat-whisky-sv","9":"pa_land-usa-sv","10":"pa_procent-46-5-sv","11":"pa_producent-few-sv","12":"pa_region-illinois-sv","13":"pa_volume-70-sv-2","15":"first","16":"instock","17":"sale","18":"taxable","19":"shipping-taxable","20":"purchasable","21":"product-type-simple"},"bundled_by":[],"bundle_stock_status":"instock","bundle_stock_quantity":null,"bundle_virtual":false,"bundle_layout":"","bundle_add_to_cart_form_location":"","bundle_editable_in_cart":false,"bundle_sold_individually_context":"","bundle_item_grouping":"","bundle_min_size":"","bundle_max_size":"","bundle_price":[],"bundled_items":[],"bundle_sell_ids":[],"acf":[],"_links":{"self":[{"href":"https:\/\/www.raschvin.com\/sv\/wp-json\/wp\/v2\/product\/96259","targetHints":{"allow":["GET"]}}],"collection":[{"href":"https:\/\/www.raschvin.com\/sv\/wp-json\/wp\/v2\/product"}],"about":[{"href":"https:\/\/www.raschvin.com\/sv\/wp-json\/wp\/v2\/types\/product"}],"wp:featuredmedia":[{"embeddable":true,"href":"https:\/\/www.raschvin.com\/sv\/wp-json\/wp\/v2\/media\/96289"}],"wp:attachment":[{"href":"https:\/\/www.raschvin.com\/sv\/wp-json\/wp\/v2\/media?parent=96259"}],"wp:term":[{"taxonomy":"product_brand","embeddable":true,"href":"https:\/\/www.raschvin.com\/sv\/wp-json\/wp\/v2\/product_brand?post=96259"},{"taxonomy":"product_cat","embeddable":true,"href":"https:\/\/www.raschvin.com\/sv\/wp-json\/wp\/v2\/product_cat?post=96259"},{"taxonomy":"product_tag","embeddable":true,"href":"https:\/\/www.raschvin.com\/sv\/wp-json\/wp\/v2\/product_tag?post=96259"}],"curies":[{"name":"wp","href":"https:\/\/api.w.org\/{rel}","templated":true}]}}