{"id":96176,"date":"2026-03-06T07:23:09","date_gmt":"2026-03-06T06:23:09","guid":{"rendered":"https:\/\/www.raschvin.com\/?post_type=product&#038;p=96176"},"modified":"2026-03-06T07:25:00","modified_gmt":"2026-03-06T06:25:00","slug":"springbank-5-years-100-proof-70-cl-571","status":"publish","type":"product","link":"https:\/\/www.raschvin.com\/sv\/produkt\/springbank-5-years-100-proof-70-cl-571\/","title":{"rendered":"Springbank 5 Years 100 Proof 70 cl. 57,1%"},"content":{"rendered":"<p data-start=\"13\" data-end=\"503\"><strong data-start=\"13\" data-end=\"45\">Springbank 5 Years 100 Proof<\/strong> \u00e4r en ung men seri\u00f6st byggd single malt fr\u00e5n Campbeltown \u2013 buteljerad vid klassisk <strong data-start=\"129\" data-end=\"157\">100 proof-styrka (57,1%)<\/strong> f\u00f6r maximal smak och energi. Springbank \u00e4r ett av Skottlands mest traditionsrika destillerier och dessutom ett av de f\u00e5 som g\u00f6r i princip allt p\u00e5 plats: fr\u00e5n m\u00e4ltning och torvr\u00f6kning till destillation, lagring och buteljering. Husstilen \u00e4r k\u00e4nd f\u00f6r sin \u201coily\u201d textur, kustn\u00e4ra s\u00e4lta och en fin balans mellan frukt, malt, l\u00e4tt r\u00f6k och kryddighet.<\/p>\n<p data-start=\"505\" data-end=\"764\">Den h\u00e4r 5-\u00e5ringen \u00e4r gjord f\u00f6r att visa destilleriets karakt\u00e4r tidigt och tydligt, med <strong data-start=\"592\" data-end=\"607\">torr profil<\/strong> och <strong data-start=\"612\" data-end=\"640\">lagring p\u00e5 ex-bourbonfat<\/strong> som l\u00e5ter spriten tala snarare \u00e4n att domineras av s\u00f6t sherryfatton. Stilen \u00e4r <strong data-start=\"720\" data-end=\"734\">l\u00e4tt r\u00f6kig<\/strong> och samtidigt friskt fruktig.<\/p>\n<p data-start=\"766\" data-end=\"1108\">I glaset brukar den \u00f6ppna med pigg, gr\u00f6n frukt (t\u00e4nk \u00e4pple) och mineralisk friskhet, f\u00f6ljt av en balanserad smak med en touch av torvr\u00f6k, s\u00f6tare toner som kan dra \u00e5t vit choklad\/glasyr, och mer \u201cSpringbank-typiska\u201d drag som \u00f6rtighet och oljig, n\u00f6tig struktur. Avslutet \u00e4r l\u00e5ngt, v\u00e4rmande och l\u00e4tt honungstonat med fruktig syra och kryddig ek.<\/p>\n<p data-start=\"1110\" data-end=\"1138\"><strong data-start=\"1110\" data-end=\"1138\">Servering och anv\u00e4ndning<\/strong><\/p>\n<ul data-start=\"1139\" data-end=\"1375\">\n<li data-start=\"1139\" data-end=\"1260\">\n<p data-start=\"1141\" data-end=\"1260\">Drick den helst <strong data-start=\"1157\" data-end=\"1164\">ren<\/strong> och prova sedan med <strong data-start=\"1185\" data-end=\"1209\">n\u00e5gra droppar vatten<\/strong> \u2013 det \u00f6ppnar fruktigheten och rundar av styrkan.<\/p>\n<\/li>\n<li data-start=\"1261\" data-end=\"1375\">\n<p data-start=\"1263\" data-end=\"1375\">Ett kraftfullt val f\u00f6r den som vill ha en <strong data-start=\"1305\" data-end=\"1343\">ung Springbank med full intensitet<\/strong> snarare \u00e4n mjuk, s\u00f6t fatprofil.<\/p>\n<\/li>\n<\/ul>\n","protected":false},"excerpt":{"rendered":"<p>Campbeltown Single Malt Scotch Whisky<\/p>\n","protected":false},"featured_media":96231,"template":"","meta":{"_acf_changed":false,"rs_blank_template":"","rs_page_bg_color":"","slide_template_v7":""},"product_brand":[],"product_cat":[2387,4651,40,2392],"product_tag":[],"class_list":{"0":"post-96176","1":"product","2":"type-product","3":"status-publish","4":"has-post-thumbnail","6":"product_cat-avec-sv","7":"product_cat-single-malt-sv","8":"product_cat-alla-produkter","9":"product_cat-whisky-sv","10":"pa_land-skottland","11":"pa_procent-57-1-sv","12":"pa_producent-springbank-sv","13":"pa_region-campbeltown-sv","14":"pa_volume-70-sv-2","16":"first","17":"instock","18":"sale","19":"taxable","20":"shipping-taxable","21":"purchasable","22":"product-type-simple"},"bundled_by":[],"bundle_stock_status":"instock","bundle_stock_quantity":6,"bundle_virtual":false,"bundle_layout":"","bundle_add_to_cart_form_location":"","bundle_editable_in_cart":false,"bundle_sold_individually_context":"","bundle_item_grouping":"","bundle_min_size":"","bundle_max_size":"","bundle_price":[],"bundled_items":[],"bundle_sell_ids":[],"acf":[],"_links":{"self":[{"href":"https:\/\/www.raschvin.com\/sv\/wp-json\/wp\/v2\/product\/96176","targetHints":{"allow":["GET"]}}],"collection":[{"href":"https:\/\/www.raschvin.com\/sv\/wp-json\/wp\/v2\/product"}],"about":[{"href":"https:\/\/www.raschvin.com\/sv\/wp-json\/wp\/v2\/types\/product"}],"wp:featuredmedia":[{"embeddable":true,"href":"https:\/\/www.raschvin.com\/sv\/wp-json\/wp\/v2\/media\/96231"}],"wp:attachment":[{"href":"https:\/\/www.raschvin.com\/sv\/wp-json\/wp\/v2\/media?parent=96176"}],"wp:term":[{"taxonomy":"product_brand","embeddable":true,"href":"https:\/\/www.raschvin.com\/sv\/wp-json\/wp\/v2\/product_brand?post=96176"},{"taxonomy":"product_cat","embeddable":true,"href":"https:\/\/www.raschvin.com\/sv\/wp-json\/wp\/v2\/product_cat?post=96176"},{"taxonomy":"product_tag","embeddable":true,"href":"https:\/\/www.raschvin.com\/sv\/wp-json\/wp\/v2\/product_tag?post=96176"}],"curies":[{"name":"wp","href":"https:\/\/api.w.org\/{rel}","templated":true}]}}