{"id":96172,"date":"2025-09-05T09:11:35","date_gmt":"2025-09-05T07:11:35","guid":{"rendered":"https:\/\/www.raschvin.com\/?post_type=product&#038;p=96172"},"modified":"2025-09-05T09:19:29","modified_gmt":"2025-09-05T07:19:29","slug":"hazelburn-8-years-oloroso-cask-matured-70-cl-482","status":"publish","type":"product","link":"https:\/\/www.raschvin.com\/sv\/produkt\/hazelburn-8-years-oloroso-cask-matured-70-cl-482\/","title":{"rendered":"Hazelburn 8 Years Oloroso Cask Matured 70 cl. 48,2%"},"content":{"rendered":"<p>Hazelburn 8 Years Oloroso Cask Matured 2025 Edition \u00e4r en efterl\u00e4ngtad lansering fr\u00e5n Springbank-destilleriet i Campbeltown, och en del av den popul\u00e4ra \u201dSherry Wood\u201d-serie. Denna utg\u00e5va destillerades i februari 2017 och buteljerades i mars 2025, med en total produktion p\u00e5 endast 10 500 flaskor. Som alltid med Hazelburn \u00e4r whiskyn trippeldestillerad, helt utan r\u00f6k och buteljerad i naturlig f\u00e4rg utan kylfiltrering. Den \u00e4r tappad vid 48,2 %, vilket ger b\u00e5de kraft och elegans.<br \/>\nWhiskyn har lagrats uteslutande p\u00e5 oloroso sherryfat, vilket genomsyrar b\u00e5de doft och smak. I glaset \u00f6ppnar den med en varm, kryddig arom av kanel, som gradvis utvecklas till toner av kakaopulver, tranb\u00e4r och r\u00f6da vinb\u00e4r. Under ytan finns ocks\u00e5 en antydan av russin och m\u00f6rk choklad, som f\u00f6r tankarna till klassiska sherrywhiskies med djup och tyngd.<\/p>\n<p>Smaken \u00e4r rik, fyllig och fruktig. H\u00e4r m\u00f6ts man av en explosion av blandade b\u00e4r, jordgubbsgodis och kladdig kola, tillsammans med mogna bj\u00f6rnb\u00e4r och en l\u00e4tt vin\u00f6s s\u00f6tma fr\u00e5n faten. Texturen \u00e4r oljig och rund, vilket g\u00f6r whiskyn gener\u00f6s men samtidigt v\u00e4lbalanserad. Sherryp\u00e5verkan \u00e4r tydlig utan att bli \u00f6verv\u00e4ldigande, och skapar ett harmoniskt samspel mellan frukt, s\u00f6tma och krydda.<\/p>\n<p>Eftersmaken \u00e4r l\u00e5ng, komplex och elegant. Den inleds med n\u00f6tiga nyanser av hasseln\u00f6t och valn\u00f6t, f\u00f6ljt av en l\u00e4tt torrhet som p\u00e5minner om ek och kryddnejlika. Helhetsintrycket \u00e4r en whisky som b\u00e5de bjuder p\u00e5 djup och intensitet, men samtidigt en raffinerad balans som g\u00f6r den l\u00e4ttillg\u00e4nglig f\u00f6r alla som uppskattar sherrylagrad whisky.<\/p>\n<p>Hazelburn 8 Years Oloroso Cask Matured 2025 \u00e4r ett str\u00e5lande exempel p\u00e5 hur Springbank kan skapa en whisky som kombinerar traditionellt hantverk med tydlig fatkarakt\u00e4r. Den \u00e4r mjukare och mer tillg\u00e4nglig \u00e4n m\u00e5nga andra sherrybomber, men \u00e4nd\u00e5 komplex nog f\u00f6r att imponera p\u00e5 den erfarne entusiasten. Med sin begr\u00e4nsade upplaga \u00e4r detta en flaska f\u00f6r b\u00e5de samlarhyllan och det speciella tillf\u00e4llet i glaset.<\/p>\n","protected":false},"excerpt":{"rendered":"<p>Campbeltown Single Malt Scotch Whisky<\/p>\n","protected":false},"featured_media":96186,"template":"","meta":{"_acf_changed":false,"rs_blank_template":"","rs_page_bg_color":"","slide_template_v7":""},"product_brand":[],"product_cat":[2387,4651,2392],"product_tag":[],"class_list":{"0":"post-96172","1":"product","2":"type-product","3":"status-publish","4":"has-post-thumbnail","6":"product_cat-avec-sv","7":"product_cat-single-malt-sv","8":"product_cat-whisky-sv","9":"pa_aargang-2025-sv","10":"pa_land-skottland","11":"pa_procent-48-2-sv","12":"pa_producent-springbank-sv","13":"pa_region-campbeltown-sv","14":"pa_volume-70-sv-2","16":"first","17":"instock","18":"taxable","19":"shipping-taxable","20":"purchasable","21":"product-type-simple"},"bundled_by":[],"bundle_stock_status":"instock","bundle_stock_quantity":null,"bundle_virtual":false,"bundle_layout":"","bundle_add_to_cart_form_location":"","bundle_editable_in_cart":false,"bundle_sold_individually_context":"","bundle_item_grouping":"","bundle_min_size":"","bundle_max_size":"","bundle_price":[],"bundled_items":[],"bundle_sell_ids":[],"acf":[],"_links":{"self":[{"href":"https:\/\/www.raschvin.com\/sv\/wp-json\/wp\/v2\/product\/96172","targetHints":{"allow":["GET"]}}],"collection":[{"href":"https:\/\/www.raschvin.com\/sv\/wp-json\/wp\/v2\/product"}],"about":[{"href":"https:\/\/www.raschvin.com\/sv\/wp-json\/wp\/v2\/types\/product"}],"wp:featuredmedia":[{"embeddable":true,"href":"https:\/\/www.raschvin.com\/sv\/wp-json\/wp\/v2\/media\/96186"}],"wp:attachment":[{"href":"https:\/\/www.raschvin.com\/sv\/wp-json\/wp\/v2\/media?parent=96172"}],"wp:term":[{"taxonomy":"product_brand","embeddable":true,"href":"https:\/\/www.raschvin.com\/sv\/wp-json\/wp\/v2\/product_brand?post=96172"},{"taxonomy":"product_cat","embeddable":true,"href":"https:\/\/www.raschvin.com\/sv\/wp-json\/wp\/v2\/product_cat?post=96172"},{"taxonomy":"product_tag","embeddable":true,"href":"https:\/\/www.raschvin.com\/sv\/wp-json\/wp\/v2\/product_tag?post=96172"}],"curies":[{"name":"wp","href":"https:\/\/api.w.org\/{rel}","templated":true}]}}