{"id":96163,"date":"2025-09-05T08:28:59","date_gmt":"2025-09-05T06:28:59","guid":{"rendered":"https:\/\/www.raschvin.com\/?post_type=product&#038;p=96163"},"modified":"2025-09-05T08:41:51","modified_gmt":"2025-09-05T06:41:51","slug":"macallan-the-harmony-collection-vol-5-jing-70-cl-439","status":"publish","type":"product","link":"https:\/\/www.raschvin.com\/sv\/produkt\/macallan-the-harmony-collection-vol-5-jing-70-cl-439\/","title":{"rendered":"Macallan \u2013 The Harmony Collection Vol.5 Jing 70 cl. 43,9%"},"content":{"rendered":"<p>Macallan \u2013 The Harmony Collection Vol. 5 Jing \u00e4r den femte utg\u00e5van i den hyllade Harmony-serien och har skapats i samarbete med det brittiska tehuset JING. Inspirationen kommer fr\u00e5n det s\u00e4llsynta och exklusiva Phoenix Honey Orchid Oolong-teet, k\u00e4nt f\u00f6r sina komplexa aromer av honung, frukt och blommor \u2013 en upplevelse som elegant speglas i whiskyns karakt\u00e4r.<\/p>\n<p>Whiskyn har lagrats fr\u00e4mst p\u00e5 sherrykryddade amerikanska ekfat, f\u00f6rdjupad av sherrykryddade europeiska fat och avrundad med en subtil komplexitet fr\u00e5n ex-bourbonfat. Resultatet \u00e4r en rik och balanserad single malt som f\u00f6renar fruktighet, s\u00f6tma och finst\u00e4mda kryddiga toner.<\/p>\n<p>Doften bjuder p\u00e5 saftiga persikor, mogna aprikoser och tropiska frukter, ackompanjerade av floral honung, toffee och ett str\u00e5k av ek. Smaken \u00e4r fyllig och silkeslen med inslag av sirapslik persika, citruszest och subtila florala nyanser, som \u00f6verg\u00e5r i en l\u00e5ng, elegant avslutning med en sofistikerad, te-liknande torrhet.<br \/>\nButeljerad vid 43,9% och presenterad i en h\u00e5llbar presentf\u00f6rpackning gjord av \u00e5tervunna teblad \u2013 en vacker hyllning till b\u00e5de whiskyn och dess te-inspiration.<\/p>\n<p>The Harmony Collection Vol. 5 Jing f\u00f6renar Macallans tidl\u00f6sa stil med en ny tolkning inspirerad av \u00f6stasiatisk tekultur. Det \u00e4r b\u00e5de en samlarutg\u00e5va och en smakupplevelse, skapad f\u00f6r dem som s\u00f6ker n\u00e5got verkligt unikt i glaset och p\u00e5 hyllan.<\/p>\n","protected":false},"excerpt":{"rendered":"<p>Limited Scotch Single Malt Whisky<\/p>\n","protected":false},"featured_media":96225,"template":"","meta":{"_acf_changed":false,"rs_blank_template":"","rs_page_bg_color":"","slide_template_v7":""},"product_brand":[],"product_cat":[2387,4651,2392],"product_tag":[],"class_list":{"0":"post-96163","1":"product","2":"type-product","3":"status-publish","4":"has-post-thumbnail","6":"product_cat-avec-sv","7":"product_cat-single-malt-sv","8":"product_cat-whisky-sv","9":"pa_aargang-2025-sv","10":"pa_land-skottland","11":"pa_procent-43-9-sv","12":"pa_producent-macallan-sv","13":"pa_region-speyside-sv","14":"pa_volume-70-sv-2","16":"first","17":"instock","18":"sale","19":"taxable","20":"shipping-taxable","21":"purchasable","22":"product-type-simple"},"bundled_by":[],"bundle_stock_status":"instock","bundle_stock_quantity":null,"bundle_virtual":false,"bundle_layout":"","bundle_add_to_cart_form_location":"","bundle_editable_in_cart":false,"bundle_sold_individually_context":"","bundle_item_grouping":"","bundle_min_size":"","bundle_max_size":"","bundle_price":[],"bundled_items":[],"bundle_sell_ids":[],"acf":[],"_links":{"self":[{"href":"https:\/\/www.raschvin.com\/sv\/wp-json\/wp\/v2\/product\/96163","targetHints":{"allow":["GET"]}}],"collection":[{"href":"https:\/\/www.raschvin.com\/sv\/wp-json\/wp\/v2\/product"}],"about":[{"href":"https:\/\/www.raschvin.com\/sv\/wp-json\/wp\/v2\/types\/product"}],"wp:featuredmedia":[{"embeddable":true,"href":"https:\/\/www.raschvin.com\/sv\/wp-json\/wp\/v2\/media\/96225"}],"wp:attachment":[{"href":"https:\/\/www.raschvin.com\/sv\/wp-json\/wp\/v2\/media?parent=96163"}],"wp:term":[{"taxonomy":"product_brand","embeddable":true,"href":"https:\/\/www.raschvin.com\/sv\/wp-json\/wp\/v2\/product_brand?post=96163"},{"taxonomy":"product_cat","embeddable":true,"href":"https:\/\/www.raschvin.com\/sv\/wp-json\/wp\/v2\/product_cat?post=96163"},{"taxonomy":"product_tag","embeddable":true,"href":"https:\/\/www.raschvin.com\/sv\/wp-json\/wp\/v2\/product_tag?post=96163"}],"curies":[{"name":"wp","href":"https:\/\/api.w.org\/{rel}","templated":true}]}}