{"id":95997,"date":"2025-09-03T09:14:31","date_gmt":"2025-09-03T07:14:31","guid":{"rendered":"https:\/\/www.raschvin.com\/?post_type=product&#038;p=95997"},"modified":"2025-09-03T09:34:20","modified_gmt":"2025-09-03T07:34:20","slug":"old-st-croix-julekalender-2025-a-h-riise-24x2-cl-4318","status":"publish","type":"product","link":"https:\/\/www.raschvin.com\/sv\/produkt\/old-st-croix-julekalender-2025-a-h-riise-24x2-cl-4318\/","title":{"rendered":"Old St. Croix Julekalender 2025 (A.H Riise) 24&#215;2 cl. 43,18%"},"content":{"rendered":"<p>December \u00e4r m\u00e5naden d\u00e5 vi r\u00e4knar ner till jul \u2013 och finns det n\u00e5got b\u00e4ttre s\u00e4tt att g\u00f6ra det p\u00e5 \u00e4n med en exklusiv rom-julkalender fr\u00e5n OLD ST. CROIX?<\/p>\n<p>Bakom de 24 luckorna d\u00f6ljer sig ett noga utvalt sortiment av rom av h\u00f6g kvalitet, d\u00e4r varje sort ber\u00e4ttar en historia om tradition, hantverk och passion. Varje dag i december kan du se fram emot att uppt\u00e4cka nya smaknyanser \u2013 fr\u00e5n de s\u00f6ta och kryddiga till de mer komplexa och kraftfulla uttrycken.<br \/>\nOLD ST. CROIX Julkalender 2025 \u00e4r inte bara en kalender, utan en resa genom romens m\u00e5ngfacetterade universum. Den \u00e4r skapad f\u00f6r b\u00e5de k\u00e4nnare och nyfikna som vill utforska romens djup p\u00e5 ett st\u00e4mningsfullt och smakrikt s\u00e4tt.<\/p>\n<p>\u2728 Perfekt g\u00e5va<br \/>\nDen perfekta presenten till rom\u00e4lskaren i ditt liv \u2013 eller till dig sj\u00e4lv, om du vill g\u00f6ra nedr\u00e4kningen till jul \u00e4nnu festligare.<br \/>\n\u2728 Unik upplevelse<br \/>\nMed 24 olika romsorter f\u00e5r du m\u00f6jlighet att uppt\u00e4cka nya favoriter och kanske till och med bredda dina smakhorisonter.<br \/>\n\u2728 Julst\u00e4mning<br \/>\nEtt litet \u00f6gonblick av ro, njutning och julgl\u00e4dje varje dag i december \u2013 precis som julen ska vara.<\/p>\n<p>\ud83d\udc49 Begr\u00e4nsat antal \u2013 best\u00e4ll i god tid f\u00f6r att vara s\u00e4ker p\u00e5 att f\u00e5 \u00e5rets mest smakfulla julkalender!<\/p>\n","protected":false},"excerpt":{"rendered":"<p>Premium Giftpack Spirit Calender<\/p>\n","protected":false},"featured_media":96028,"template":"","meta":{"_acf_changed":false,"rs_blank_template":"","rs_page_bg_color":"","slide_template_v7":""},"product_brand":[],"product_cat":[2387,2754,2753,4463,4465,4634,2758,2391],"product_tag":[],"class_list":{"0":"post-95997","1":"product","2":"type-product","3":"status-publish","4":"has-post-thumbnail","6":"product_cat-avec-sv","7":"product_cat-foeretagspresenter","8":"product_cat-gaavor","9":"product_cat-jul","10":"product_cat-julkalender","11":"product_cat-premium-aged-sv","12":"product_cat-provsmakning-set","13":"product_cat-rom-sv","14":"pa_land-tyskland-sv","15":"pa_procent-43-18-sv","16":"pa_producent-old-st-croix-sv","17":"pa_volume-48-sv","19":"first","20":"instock","21":"sale","22":"taxable","23":"shipping-taxable","24":"purchasable","25":"product-type-simple"},"bundled_by":[],"bundle_stock_status":"instock","bundle_stock_quantity":null,"bundle_virtual":false,"bundle_layout":"","bundle_add_to_cart_form_location":"","bundle_editable_in_cart":false,"bundle_sold_individually_context":"","bundle_item_grouping":"","bundle_min_size":"","bundle_max_size":"","bundle_price":[],"bundled_items":[],"bundle_sell_ids":[],"acf":[],"_links":{"self":[{"href":"https:\/\/www.raschvin.com\/sv\/wp-json\/wp\/v2\/product\/95997","targetHints":{"allow":["GET"]}}],"collection":[{"href":"https:\/\/www.raschvin.com\/sv\/wp-json\/wp\/v2\/product"}],"about":[{"href":"https:\/\/www.raschvin.com\/sv\/wp-json\/wp\/v2\/types\/product"}],"wp:featuredmedia":[{"embeddable":true,"href":"https:\/\/www.raschvin.com\/sv\/wp-json\/wp\/v2\/media\/96028"}],"wp:attachment":[{"href":"https:\/\/www.raschvin.com\/sv\/wp-json\/wp\/v2\/media?parent=95997"}],"wp:term":[{"taxonomy":"product_brand","embeddable":true,"href":"https:\/\/www.raschvin.com\/sv\/wp-json\/wp\/v2\/product_brand?post=95997"},{"taxonomy":"product_cat","embeddable":true,"href":"https:\/\/www.raschvin.com\/sv\/wp-json\/wp\/v2\/product_cat?post=95997"},{"taxonomy":"product_tag","embeddable":true,"href":"https:\/\/www.raschvin.com\/sv\/wp-json\/wp\/v2\/product_tag?post=95997"}],"curies":[{"name":"wp","href":"https:\/\/api.w.org\/{rel}","templated":true}]}}