{"id":95775,"date":"2025-08-30T08:16:44","date_gmt":"2025-08-30T06:16:44","guid":{"rendered":"https:\/\/www.raschvin.com\/?post_type=product&#038;p=95775"},"modified":"2025-08-30T08:22:12","modified_gmt":"2025-08-30T06:22:12","slug":"2025-julekalender-whisky-whisky-mac-24x2-cl-4525-kopier","status":"publish","type":"product","link":"https:\/\/www.raschvin.com\/sv\/produkt\/2025-julekalender-whisky-whisky-mac-24x2-cl-4525-kopier\/","title":{"rendered":"2025 Julekalender Whisky Bourbon &#038; Rye &#8211; Mac Bourbon &#038; Rye 24&#215;2 cl. 48,48"},"content":{"rendered":"<p>G\u00f6r december till en smakrik resa genom amerikansk whisky med Mac Y\u2019s Bourbon &#038; Rye-julkalender. Du f\u00e5r 24 sm\u00e5 flaskor \u00e0 2 cl som vardera inneh\u00e5ller bourbon eller rye-whisky \u2013 ett perfekt urval f\u00f6r nyfikna s\u00e5v\u00e4l som erfarna smak\u00e4lskare.<\/p>\n<p>Kalenderns baksida pryds av en alfabetisk inneh\u00e5llsf\u00f6rteckning och en QR-kod som leder till en interaktiv julkalender online. Varje dag \u00f6ppnar du en ny lucka och m\u00f6ts av information och korta videor om dagens dram \u2013 l\u00e4rorikt och delikat.<\/p>\n<p>Exempel p\u00e5 inneh\u00e5ll:<br \/>\nDavid Nicholson 1843<br \/>\nDavid Nicholson Reserve<br \/>\nEzra Brooks 99 Bourbon &#038; Port Finish<br \/>\nEzra Brooks Black Label Bourbon<br \/>\nEzra Brooks Old 7 Year Straight Rye<br \/>\nGun Fighter American Bourbon &#038; Rye (med dubbla fatfinish)<br \/>\nMinor Case Straight Rye<br \/>\nRebel Bourbon och Rebel Rye med olika fatfinish<br \/>\nRossville Straight Rye (6 \u00e5r, bottled-in-bond)<br \/>\nYellowstone-varianter med bourbon och rum-finish<br \/>\n\u2026och fler sp\u00e4nnande sorter<\/p>\n<p>Denna kalender ger en smakfull och kunskapsrik december \u2013 perfekt f\u00f6r den som uppskattar intensiva och kryddiga amerikanska whiskytyper.<\/p>\n","protected":false},"excerpt":{"rendered":"<p>Premium Whisky Giftpack-Calender<\/p>\n","protected":false},"featured_media":95793,"template":"","meta":{"_acf_changed":false,"rs_blank_template":"","rs_page_bg_color":"","slide_template_v7":""},"product_brand":[],"product_cat":[4657,2387,2754,2753,4463,4465,2758,4663,2392],"product_tag":[8642],"class_list":{"0":"post-95775","1":"product","2":"type-product","3":"status-publish","4":"has-post-thumbnail","6":"product_cat-american-bourbon-sv","7":"product_cat-avec-sv","8":"product_cat-foeretagspresenter","9":"product_cat-gaavor","10":"product_cat-jul","11":"product_cat-julkalender","12":"product_cat-provsmakning-set","13":"product_cat-rye-sv","14":"product_cat-whisky-sv","15":"product_tag-1-sv","16":"pa_land-worldwide-sv","17":"pa_procent-48-48-sv","18":"pa_producent-mac-y-sv","19":"pa_volume-48-sv","21":"first","22":"instock","23":"sale","24":"taxable","25":"shipping-taxable","26":"purchasable","27":"product-type-simple"},"bundled_by":[],"bundle_stock_status":"instock","bundle_stock_quantity":null,"bundle_virtual":false,"bundle_layout":"","bundle_add_to_cart_form_location":"","bundle_editable_in_cart":false,"bundle_sold_individually_context":"","bundle_item_grouping":"","bundle_min_size":"","bundle_max_size":"","bundle_price":[],"bundled_items":[],"bundle_sell_ids":[],"acf":[],"_links":{"self":[{"href":"https:\/\/www.raschvin.com\/sv\/wp-json\/wp\/v2\/product\/95775","targetHints":{"allow":["GET"]}}],"collection":[{"href":"https:\/\/www.raschvin.com\/sv\/wp-json\/wp\/v2\/product"}],"about":[{"href":"https:\/\/www.raschvin.com\/sv\/wp-json\/wp\/v2\/types\/product"}],"wp:featuredmedia":[{"embeddable":true,"href":"https:\/\/www.raschvin.com\/sv\/wp-json\/wp\/v2\/media\/95793"}],"wp:attachment":[{"href":"https:\/\/www.raschvin.com\/sv\/wp-json\/wp\/v2\/media?parent=95775"}],"wp:term":[{"taxonomy":"product_brand","embeddable":true,"href":"https:\/\/www.raschvin.com\/sv\/wp-json\/wp\/v2\/product_brand?post=95775"},{"taxonomy":"product_cat","embeddable":true,"href":"https:\/\/www.raschvin.com\/sv\/wp-json\/wp\/v2\/product_cat?post=95775"},{"taxonomy":"product_tag","embeddable":true,"href":"https:\/\/www.raschvin.com\/sv\/wp-json\/wp\/v2\/product_tag?post=95775"}],"curies":[{"name":"wp","href":"https:\/\/api.w.org\/{rel}","templated":true}]}}