{"id":95642,"date":"2025-08-29T08:49:42","date_gmt":"2025-08-29T06:49:42","guid":{"rendered":"https:\/\/www.raschvin.com\/?post_type=product&#038;p=95642"},"modified":"2025-08-29T08:58:52","modified_gmt":"2025-08-29T06:58:52","slug":"rammstein-rum-limited-ed-limoux-finish-70-cl-46-kopier","status":"publish","type":"product","link":"https:\/\/www.raschvin.com\/sv\/produkt\/rammstein-rum-limited-ed-limoux-finish-70-cl-46-kopier\/","title":{"rendered":"Rammstein Rum Limited Ed. Sauternes Cask Finish 70 cl. 46%"},"content":{"rendered":"<p>Denna Rammstein Rom \u00e4r en unik blandning av tropiska rom som lagrats upp till 12 \u00e5r. Denna limited edition har f\u00e5tt extra lagring i 39 m\u00e5nader p\u00e5 ex-Sauternes-fat. Resultatet \u00e4r en fruktig rom med s\u00f6ta toner av gyllene honung, mjuk karamell och mogna frukter fr\u00e5n Sauternes-faten.<\/p>\n<p>Utg\u00e5van \u00e4r begr\u00e4nsad till 6 085 flaskor.<\/p>\n<p>Doft: F\u00f6rtrollande aromer av m\u00f6rk melass, f\u00e4rsk citrus och solmogna, torkade aprikoser.<br \/>\nSmak: Rund och fyllig med s\u00f6ta toner av gyllene honung, mjuk karamell och saftiga, mogna frukter.<\/p>\n<p>Rammstein Rum \u00e4r ett samarbete mellan det v\u00e4rldsber\u00f6mda tyska metalbandet Rammstein och det danska destilleriet 1423 World Class Spirits. Serien lanserades 2018 och har sedan dess sl\u00e4ppt flera limiterade utg\u00e5vor, var och en med sin unika karakt\u00e4r och smakprofil. Varje flaska b\u00e4r bandets ikoniska estetik och speglar deras musikaliska intensitet.<\/p>\n<p>Rammstein Rum Limited Edition \u2013 French Ex-Sauternes Cask Finish \u00e4r ett samlarobjekt f\u00f6r b\u00e5de rom\u00e4lskare och bandets fans, och erbjuder en unik smakupplevelse som kombinerar traditionellt romhantverk med innovativ fatlagring.<\/p>\n","protected":false},"excerpt":{"rendered":"<p>Limited Rum Produced Corporated With Rammstein<\/p>\n","protected":false},"featured_media":95691,"template":"","meta":{"_acf_changed":false,"rs_blank_template":"","rs_page_bg_color":"","slide_template_v7":""},"product_brand":[],"product_cat":[2387,4634,2391],"product_tag":[],"class_list":{"0":"post-95642","1":"product","2":"type-product","3":"status-publish","4":"has-post-thumbnail","6":"product_cat-avec-sv","7":"product_cat-premium-aged-sv","8":"product_cat-rom-sv","9":"pa_land-jamaica-guyana-och-trinidad","10":"pa_procent-46-sv","11":"pa_producent-rammstein-sv","12":"pa_volume-70-sv-2","14":"first","15":"instock","16":"sale","17":"taxable","18":"shipping-taxable","19":"purchasable","20":"product-type-simple"},"bundled_by":[],"bundle_stock_status":"instock","bundle_stock_quantity":null,"bundle_virtual":false,"bundle_layout":"","bundle_add_to_cart_form_location":"","bundle_editable_in_cart":false,"bundle_sold_individually_context":"","bundle_item_grouping":"","bundle_min_size":"","bundle_max_size":"","bundle_price":[],"bundled_items":[],"bundle_sell_ids":[],"acf":[],"_links":{"self":[{"href":"https:\/\/www.raschvin.com\/sv\/wp-json\/wp\/v2\/product\/95642","targetHints":{"allow":["GET"]}}],"collection":[{"href":"https:\/\/www.raschvin.com\/sv\/wp-json\/wp\/v2\/product"}],"about":[{"href":"https:\/\/www.raschvin.com\/sv\/wp-json\/wp\/v2\/types\/product"}],"wp:featuredmedia":[{"embeddable":true,"href":"https:\/\/www.raschvin.com\/sv\/wp-json\/wp\/v2\/media\/95691"}],"wp:attachment":[{"href":"https:\/\/www.raschvin.com\/sv\/wp-json\/wp\/v2\/media?parent=95642"}],"wp:term":[{"taxonomy":"product_brand","embeddable":true,"href":"https:\/\/www.raschvin.com\/sv\/wp-json\/wp\/v2\/product_brand?post=95642"},{"taxonomy":"product_cat","embeddable":true,"href":"https:\/\/www.raschvin.com\/sv\/wp-json\/wp\/v2\/product_cat?post=95642"},{"taxonomy":"product_tag","embeddable":true,"href":"https:\/\/www.raschvin.com\/sv\/wp-json\/wp\/v2\/product_tag?post=95642"}],"curies":[{"name":"wp","href":"https:\/\/api.w.org\/{rel}","templated":true}]}}