{"id":95635,"date":"2025-08-29T08:02:27","date_gmt":"2025-08-29T06:02:27","guid":{"rendered":"https:\/\/www.raschvin.com\/?post_type=product&#038;p=95635"},"modified":"2025-08-29T08:16:44","modified_gmt":"2025-08-29T06:16:44","slug":"kilchoman-15-years-old-20th-anniversary-cask-series-70-cl-527-kopier","status":"publish","type":"product","link":"https:\/\/www.raschvin.com\/sv\/produkt\/kilchoman-15-years-old-20th-anniversary-cask-series-70-cl-527-kopier\/","title":{"rendered":"Kilchoman 14 Years Old 20th Anniversary Cask Series 70 cl. 55%"},"content":{"rendered":"<p>F\u00f6r att fira sitt 20-\u00e5rsjubileum har Kilchoman lanserat en unik serie whisky best\u00e5ende av 20 noggrant utvalda fat \u2013 ett f\u00f6r varje \u00e5r av destilleriets historia. Den 14-\u00e5riga utg\u00e5van \u00e4r den \u00e4ldsta whisky som Kilchoman n\u00e5gonsin buteljerat och visar tydligt hur destilleriets karakt\u00e4r utvecklas med tid och mognad. Whiskyn har lagrats p\u00e5 fem utvalda Oloroso sherryfat fr\u00e5n 2011 och buteljerades 2025 med en styrka p\u00e5 55 %. Resultatet \u00e4r en kraftfull men samtidigt elegant whisky, producerad i endast drygt 3 000 flaskor.<\/p>\n<p>Doften \u00f6ppnar med djupa och komplexa toner av torkad frukt som fikon och russin, tillsammans med m\u00f6rk choklad, apelsinskal, rostade n\u00f6tter och Kilchomans karakteristiska torvr\u00f6k. Smaken \u00e4r fyllig och sammetslen, d\u00e4r sherryns s\u00f6tma m\u00f6ter kryddig ek, l\u00e4der, jordig torv, k\u00f6rsb\u00e4r, kanel och kola. Helheten \u00e4r balanserad, rik och intensiv. Eftersmaken \u00e4r l\u00e5ng och v\u00e4rmande, med inslag av l\u00e4gereldsr\u00f6k, russin, br\u00e4nd ek och en l\u00e4tt s\u00e4lta som dr\u00f6jer kvar.<br \/>\nKilchoman grundades 2005 av Anthony Wills och har sedan starten etablerat sig som ett av Islays mest unika destillerier. Som ett av f\u00e5 g\u00e5rdsdestillerier i Skottland sker hela processen p\u00e5 plats \u2013 fr\u00e5n odling och m\u00e4ltning av kornet till destillering, lagring och buteljering. Filosofin \u201dfrom barley to bottle\u201d ger whiskyn en stark k\u00e4nsla av ursprung, d\u00e4r Islays vindpinade kustlandskap och torvjordar tydligt speglas i smaken.<\/p>\n<p>Kilchoman 14 Years Old \u2013 20th Anniversary Cask Series (55 %) \u00e4r en whisky f\u00f6r samlaren och finsmakaren \u2013 en hyllning till tv\u00e5 decennier av passion och hantverk. Det \u00e4r en dram som b\u00f6r avnjutas l\u00e5ngsamt, g\u00e4rna rent i ett tulpanformat glas, d\u00e4r varje nyans f\u00e5r tid att tr\u00e4da fram.<\/p>\n","protected":false},"excerpt":{"rendered":"<p>Islay Single Malt Scotch Whisky<\/p>\n","protected":false},"featured_media":95682,"template":"","meta":{"_acf_changed":false,"rs_blank_template":"","rs_page_bg_color":"","slide_template_v7":""},"product_brand":[],"product_cat":[2392,9248,9433],"product_tag":[],"class_list":{"0":"post-95635","1":"product","2":"type-product","3":"status-publish","4":"has-post-thumbnail","6":"product_cat-whisky-sv","7":"product_cat-scotch-whisky","8":"product_cat-single-malt-scotch-whisky","9":"pa_aargang-2025-sv","10":"pa_land-skottland","11":"pa_procent-55-sv","12":"pa_producent-kilchoman-distillery-sv","13":"pa_region-islay-sv","14":"pa_traefad-bourbon-sv","15":"pa_traefad-sherry-sv","16":"pa_volume-70-sv-2","18":"first","19":"instock","20":"sale","21":"taxable","22":"shipping-taxable","23":"purchasable","24":"product-type-simple"},"bundled_by":[],"bundle_stock_status":"instock","bundle_stock_quantity":null,"bundle_virtual":false,"bundle_layout":"","bundle_add_to_cart_form_location":"","bundle_editable_in_cart":false,"bundle_sold_individually_context":"","bundle_item_grouping":"","bundle_min_size":"","bundle_max_size":"","bundle_price":[],"bundled_items":[],"bundle_sell_ids":[],"acf":[],"_links":{"self":[{"href":"https:\/\/www.raschvin.com\/sv\/wp-json\/wp\/v2\/product\/95635","targetHints":{"allow":["GET"]}}],"collection":[{"href":"https:\/\/www.raschvin.com\/sv\/wp-json\/wp\/v2\/product"}],"about":[{"href":"https:\/\/www.raschvin.com\/sv\/wp-json\/wp\/v2\/types\/product"}],"wp:featuredmedia":[{"embeddable":true,"href":"https:\/\/www.raschvin.com\/sv\/wp-json\/wp\/v2\/media\/95682"}],"wp:attachment":[{"href":"https:\/\/www.raschvin.com\/sv\/wp-json\/wp\/v2\/media?parent=95635"}],"wp:term":[{"taxonomy":"product_brand","embeddable":true,"href":"https:\/\/www.raschvin.com\/sv\/wp-json\/wp\/v2\/product_brand?post=95635"},{"taxonomy":"product_cat","embeddable":true,"href":"https:\/\/www.raschvin.com\/sv\/wp-json\/wp\/v2\/product_cat?post=95635"},{"taxonomy":"product_tag","embeddable":true,"href":"https:\/\/www.raschvin.com\/sv\/wp-json\/wp\/v2\/product_tag?post=95635"}],"curies":[{"name":"wp","href":"https:\/\/api.w.org\/{rel}","templated":true}]}}