{"id":95566,"date":"2025-08-28T17:02:07","date_gmt":"2025-08-28T15:02:07","guid":{"rendered":"https:\/\/www.raschvin.com\/produkt\/coma-vella-priorat-2019-75-cl\/"},"modified":"2025-08-28T17:02:07","modified_gmt":"2025-08-28T15:02:07","slug":"coma-vella-priorat-2019-75-cl","status":"publish","type":"product","link":"https:\/\/www.raschvin.com\/sv\/produkt\/coma-vella-priorat-2019-75-cl\/","title":{"rendered":"Coma Vella Priorat 2019 75 cl."},"content":{"rendered":"<p>\u201dIntensiv och frisk med en balanserande silkeslen textur\u201d \u2013 Mas d\u2019en Gil \u00e4r stolta \u00f6ver det uttryck de lyckas ge sina Priorat-viner. Tack vare sitt unika terroir kan de, i denna annars varma region, skapa viner med en helt s\u00e4rskild elegans och l\u00e4tthet.<br \/>\nTill deras Coma Vella cuv\u00e9e kommer druvorna fr\u00e5n ving\u00e5rden med samma namn. H\u00e4r har Mas d\u2019en Gil sina \u00e4ldsta Grenache-stockar i hela Coma-dalen. Dalen uppn\u00e5r perfekta f\u00f6rh\u00e5llanden f\u00f6r druvmognad tack vare Garbinada-vinden som bl\u00e5ser in fr\u00e5n havet. Den h\u00e5ller temperaturen nere under de heta sommardagarna, vilket ger en l\u00e5ng mognadsperiod och bevarar druvornas elegans.<br \/>\nResultatet m\u00e4rks i vinet, d\u00e4r Priorats terroir uttrycker sig p\u00e5 ett n\u00e4stan burgundiskt s\u00e4tt. H\u00e4r finner man livlig syra, saftiga r\u00f6da b\u00e4r, en k\u00e4nsla av skogsbryn och h\u00f6st, tillsammans med en mjuk och behaglig textur. F\u00f6r vin\u00e4lskaren \u00e4r det en n\u00e4stintill trollbindande upplevelse att se hur mycket en skicklig vinmakare kan f\u00e5 fram ur ett unikt terroir.<br \/>\nNjut av vinet i stora Bourgogneglas vid ca 14\u00b0C, g\u00e4rna tillsammans med en bit grillat fl\u00e4skk\u00f6tt \u2013 f\u00f6r en \u00e4kta spansk upplevelse!<br \/>\nDe \u00e4ldsta stockarna till detta vin planterades p\u00e5 1960-talet. Vinet har lagrats i 14 m\u00e5nader p\u00e5 en blandning av 3000, 1500 och 225 liters ekfat, f\u00f6ljt av 24 m\u00e5naders flasklagring.<br \/>\n94 po\u00e4ng | Hudin.com<br \/>\n&#8221;Mycket behaglig smak med v\u00e4lintegrerade tanniner. Intensiv balans, kraftfullt och mycket smakrikt. H\u00e4r finns all den friskhet och silkeslena textur som k\u00e4nnetecknar Mas d\u2019en Gils viner.&#8221;<br \/>\n91 po\u00e4ng | Gu\u00eda Pe\u00f1\u00edn<br \/>\n&#8221;Kryddig doft med r\u00f6da frukter, vilda \u00f6rter och balsamiska toner. Smaken \u00e4r frisk, fruktig, smakrik, v\u00e4lbalanserad med en fruktig eftersmak och anm\u00e4rkningsv\u00e4rd uth\u00e5llighet.&#8221;<\/p>\n","protected":false},"excerpt":{"rendered":"<p>Mas d&#8217;en Gil &#8211; Spain<\/p>\n","protected":false},"featured_media":95587,"template":"","meta":{"_acf_changed":false,"rs_blank_template":"","rs_page_bg_color":"","slide_template_v7":""},"product_brand":[],"product_cat":[2788,2798],"product_tag":[],"class_list":{"0":"post-95566","1":"product","2":"type-product","3":"status-publish","4":"has-post-thumbnail","6":"product_cat-vin-sv","7":"product_cat-roedvin-sv","8":"pa_aargang-2019-sv","9":"pa_drue-carignan-sv","10":"pa_drue-grenache-sv","11":"pa_drue-shiraz-syrah-sv","12":"pa_land-spanien-sv","13":"pa_procent-14-5-sv","14":"pa_producent-mas-den-gil-sv","15":"pa_region-priorat-sv","16":"pa_serveringstemperatur-18-20-sv","17":"pa_volume-75-sv","19":"first","20":"instock","21":"taxable","22":"shipping-taxable","23":"purchasable","24":"product-type-simple"},"bundled_by":[],"bundle_stock_status":"instock","bundle_stock_quantity":null,"bundle_virtual":false,"bundle_layout":"","bundle_add_to_cart_form_location":"","bundle_editable_in_cart":false,"bundle_sold_individually_context":"","bundle_item_grouping":"","bundle_min_size":"","bundle_max_size":"","bundle_price":[],"bundled_items":[],"bundle_sell_ids":[],"acf":[],"_links":{"self":[{"href":"https:\/\/www.raschvin.com\/sv\/wp-json\/wp\/v2\/product\/95566","targetHints":{"allow":["GET"]}}],"collection":[{"href":"https:\/\/www.raschvin.com\/sv\/wp-json\/wp\/v2\/product"}],"about":[{"href":"https:\/\/www.raschvin.com\/sv\/wp-json\/wp\/v2\/types\/product"}],"wp:featuredmedia":[{"embeddable":true,"href":"https:\/\/www.raschvin.com\/sv\/wp-json\/wp\/v2\/media\/95587"}],"wp:attachment":[{"href":"https:\/\/www.raschvin.com\/sv\/wp-json\/wp\/v2\/media?parent=95566"}],"wp:term":[{"taxonomy":"product_brand","embeddable":true,"href":"https:\/\/www.raschvin.com\/sv\/wp-json\/wp\/v2\/product_brand?post=95566"},{"taxonomy":"product_cat","embeddable":true,"href":"https:\/\/www.raschvin.com\/sv\/wp-json\/wp\/v2\/product_cat?post=95566"},{"taxonomy":"product_tag","embeddable":true,"href":"https:\/\/www.raschvin.com\/sv\/wp-json\/wp\/v2\/product_tag?post=95566"}],"curies":[{"name":"wp","href":"https:\/\/api.w.org\/{rel}","templated":true}]}}