{"id":95319,"date":"2025-08-27T09:20:40","date_gmt":"2025-08-27T07:20:40","guid":{"rendered":"https:\/\/www.raschvin.com\/?post_type=product&#038;p=95319"},"modified":"2025-08-27T09:25:13","modified_gmt":"2025-08-27T07:25:13","slug":"smugglers-treasure-the-forbidden-blend-70-cl-40-kopier","status":"publish","type":"product","link":"https:\/\/www.raschvin.com\/sv\/produkt\/smugglers-treasure-the-forbidden-blend-70-cl-40-kopier\/","title":{"rendered":"Smuggler&#8217;s Treasure Jamaica 70 cl. 40%"},"content":{"rendered":"<p>Smuggler\u2019s Treasure Jamaica \u00e4r en hantverksm\u00e4ssigt producerad single origin-rom som hyllar Jamaicas rika romtradition. Den best\u00e5r av en noggrant utvald blandning fr\u00e5n fyra av Jamaicas mest prestigefyllda destillerier: Worthy Park, Monymusk, Hampden och New Yarmouth. Kombinationen av dessa k\u00e4llor ger en komplex, distinkt och genuint jamaicansk karakt\u00e4r.<br \/>\nUrsprung och tillverkning<br \/>\nRomen \u00e4r fr\u00e4mst destillerad i pot still, vilket ger djup och karakt\u00e4r, och ibland kombinerad med kolonnstill f\u00f6r en mjukare och mer elegant profil. Efter destillationen lagras rommen i tropiskt klimat p\u00e5 tidigare bourbonfat under 3\u20135 \u00e5r. Den tropiska lagringen bidrar till en intensivare mognad och djupare smakprofil, samtidigt som den framh\u00e4ver Jamaicas karakteristiska aromer. Alkoholhalten \u00e4r 40\u202f%, vilket ger en balanserad och l\u00e4ttillg\u00e4nglig upplevelse utan att kompromissa med intensitet eller komplexitet.<\/p>\n<p>Doft och arom<br \/>\nDoften \u00e4r inbjudande och rik, med tropiska frukttoner som banan i kombination med vanilj, karamell och m\u00f6rk melass. Underliggande toner av ristat fat och subtila kryddinslag skapar en komplex aromprofil som \u00e4r b\u00e5de varm och karakt\u00e4rsfull.<\/p>\n<p>Smak och finish<br \/>\nP\u00e5 gommen \u00e4r Smuggler\u2019s Treasure Jamaica fyllig och rund med en sammetslen textur. Smaken domineras av exotiska frukter, vanilj och karamell, medan milda kryddor, ristat kaffe och rostad kokos ger djup och struktur. Balansen mellan s\u00f6tma, fruktighet och ekton g\u00f6r rommen b\u00e5de rik och harmonisk.<br \/>\nFinishen \u00e4r l\u00e5ng och v\u00e4rmande, med kvarst\u00e5ende toner av vaniljkr\u00e4m, karamell och en l\u00e4tt kryddighet. Den karakt\u00e4ristiska jamaicanska \u201cfunk\u201d \u2013 en aromatisk, n\u00e4stan fruktig och jordig ton \u2013 bidrar till rommens autenticitet och g\u00f6r upplevelsen unik.<\/p>\n<p>Helhetsintryck<br \/>\nSmuggler\u2019s Treasure Jamaica \u00e4r en rom som kombinerar tradition och hantverk, med en tydlig identitet fr\u00e5n Jamaicas romkultur. Den \u00e4r perfekt att avnjutas ren f\u00f6r att uppskatta dess komplexitet och balans, men fungerar ocks\u00e5 som en elegant bas i cocktails. Romen \u00e4r b\u00e5de tillg\u00e4nglig f\u00f6r nyb\u00f6rjare och tillr\u00e4ckligt komplex f\u00f6r den erfarne romk\u00e4nnaren, vilket g\u00f6r den m\u00e5ngsidig och attraktiv i m\u00e5nga sammanhang.<\/p>\n","protected":false},"excerpt":{"rendered":"<p>Premium Aged Blended Rum<\/p>\n","protected":false},"featured_media":95358,"template":"","meta":{"_acf_changed":false,"rs_blank_template":"","rs_page_bg_color":"","slide_template_v7":""},"product_brand":[],"product_cat":[2387,4634,2391],"product_tag":[],"class_list":{"0":"post-95319","1":"product","2":"type-product","3":"status-publish","4":"has-post-thumbnail","6":"product_cat-avec-sv","7":"product_cat-premium-aged-sv","8":"product_cat-rom-sv","9":"pa_land-jamaica-sv","10":"pa_procent-40-sv-2","11":"pa_volume-70-sv-2","13":"first","14":"instock","15":"sale","16":"taxable","17":"shipping-taxable","18":"purchasable","19":"product-type-simple"},"bundled_by":[],"bundle_stock_status":"instock","bundle_stock_quantity":null,"bundle_virtual":false,"bundle_layout":"","bundle_add_to_cart_form_location":"","bundle_editable_in_cart":false,"bundle_sold_individually_context":"","bundle_item_grouping":"","bundle_min_size":"","bundle_max_size":"","bundle_price":[],"bundled_items":[],"bundle_sell_ids":[],"acf":[],"_links":{"self":[{"href":"https:\/\/www.raschvin.com\/sv\/wp-json\/wp\/v2\/product\/95319","targetHints":{"allow":["GET"]}}],"collection":[{"href":"https:\/\/www.raschvin.com\/sv\/wp-json\/wp\/v2\/product"}],"about":[{"href":"https:\/\/www.raschvin.com\/sv\/wp-json\/wp\/v2\/types\/product"}],"wp:featuredmedia":[{"embeddable":true,"href":"https:\/\/www.raschvin.com\/sv\/wp-json\/wp\/v2\/media\/95358"}],"wp:attachment":[{"href":"https:\/\/www.raschvin.com\/sv\/wp-json\/wp\/v2\/media?parent=95319"}],"wp:term":[{"taxonomy":"product_brand","embeddable":true,"href":"https:\/\/www.raschvin.com\/sv\/wp-json\/wp\/v2\/product_brand?post=95319"},{"taxonomy":"product_cat","embeddable":true,"href":"https:\/\/www.raschvin.com\/sv\/wp-json\/wp\/v2\/product_cat?post=95319"},{"taxonomy":"product_tag","embeddable":true,"href":"https:\/\/www.raschvin.com\/sv\/wp-json\/wp\/v2\/product_tag?post=95319"}],"curies":[{"name":"wp","href":"https:\/\/api.w.org\/{rel}","templated":true}]}}