{"id":94875,"date":"2025-08-19T09:09:13","date_gmt":"2025-08-19T07:09:13","guid":{"rendered":"https:\/\/www.raschvin.com\/?post_type=product&#038;p=94875"},"modified":"2025-08-19T09:16:30","modified_gmt":"2025-08-19T07:16:30","slug":"diplomatico-reserva-exclusiva-70-cl-40-kopier","status":"publish","type":"product","link":"https:\/\/www.raschvin.com\/sv\/produkt\/diplomatico-reserva-exclusiva-70-cl-40-kopier\/","title":{"rendered":"Diplom\u00e1tico Reserva Exclusiva 300 cl. 40%"},"content":{"rendered":"<p>Ron Diplomatico Reserva Exclusiva \u00e4r en fantastisk venezuelansk m\u00f6rk gyllene Rom. Lukten har intensiva anteckningar av t.ex. karamelll, kanel, mandel och honung. Ron Diplomatico Reserva \u00e4r ett s\u00f6tt och rundrum med en varm och s\u00f6t eftersmak. Detta \u00e4r en uppenbar g\u00e5va.<\/p>\n<p>Diplomatico Reserve Exclusiva ROM destilleras fr\u00e5n Molassis i kopparkruka och sedan lagras i sm\u00e5 ekfat i genomsnitt 12 \u00e5r innan den \u00e4r flaska.<\/p>\n<p>Diplomatico Reserva Exclusiva Distillery produceras i Venezuela, som har en rik rumshistoria fr\u00e5n 1896, och ligger p\u00e5 norra sluttningarna av Andes.<\/p>\n","protected":false},"excerpt":{"rendered":"<p>Ron de Venezuela<\/p>\n","protected":false},"featured_media":94891,"template":"","meta":{"_acf_changed":false,"rs_blank_template":"","rs_page_bg_color":"","slide_template_v7":""},"product_brand":[],"product_cat":[2387,4634,2391],"product_tag":[],"class_list":{"0":"post-94875","1":"product","2":"type-product","3":"status-publish","4":"has-post-thumbnail","6":"product_cat-avec-sv","7":"product_cat-premium-aged-sv","8":"product_cat-rom-sv","9":"pa_land-venezuela-sv","10":"pa_procent-40-sv-2","11":"pa_producent-destilerias-unidas-s-a-sv","12":"pa_volume-300-sv","14":"first","15":"instock","16":"sale","17":"taxable","18":"shipping-taxable","19":"purchasable","20":"product-type-simple"},"bundled_by":[],"bundle_stock_status":"instock","bundle_stock_quantity":null,"bundle_virtual":false,"bundle_layout":"","bundle_add_to_cart_form_location":"","bundle_editable_in_cart":false,"bundle_sold_individually_context":"","bundle_item_grouping":"","bundle_min_size":"","bundle_max_size":"","bundle_price":[],"bundled_items":[],"bundle_sell_ids":[],"acf":[],"_links":{"self":[{"href":"https:\/\/www.raschvin.com\/sv\/wp-json\/wp\/v2\/product\/94875","targetHints":{"allow":["GET"]}}],"collection":[{"href":"https:\/\/www.raschvin.com\/sv\/wp-json\/wp\/v2\/product"}],"about":[{"href":"https:\/\/www.raschvin.com\/sv\/wp-json\/wp\/v2\/types\/product"}],"wp:featuredmedia":[{"embeddable":true,"href":"https:\/\/www.raschvin.com\/sv\/wp-json\/wp\/v2\/media\/94891"}],"wp:attachment":[{"href":"https:\/\/www.raschvin.com\/sv\/wp-json\/wp\/v2\/media?parent=94875"}],"wp:term":[{"taxonomy":"product_brand","embeddable":true,"href":"https:\/\/www.raschvin.com\/sv\/wp-json\/wp\/v2\/product_brand?post=94875"},{"taxonomy":"product_cat","embeddable":true,"href":"https:\/\/www.raschvin.com\/sv\/wp-json\/wp\/v2\/product_cat?post=94875"},{"taxonomy":"product_tag","embeddable":true,"href":"https:\/\/www.raschvin.com\/sv\/wp-json\/wp\/v2\/product_tag?post=94875"}],"curies":[{"name":"wp","href":"https:\/\/api.w.org\/{rel}","templated":true}]}}