{"id":94532,"date":"2025-08-11T08:03:04","date_gmt":"2025-08-11T06:03:04","guid":{"rendered":"https:\/\/www.raschvin.com\/produkt\/contrapunto-albarino-2024-75-cl\/"},"modified":"2025-08-11T08:03:04","modified_gmt":"2025-08-11T06:03:04","slug":"contrapunto-albarino-2024-75-cl","status":"publish","type":"product","link":"https:\/\/www.raschvin.com\/sv\/produkt\/contrapunto-albarino-2024-75-cl\/","title":{"rendered":"Contrapunto Albari\u00f1o 2024 75 cl."},"content":{"rendered":"<p>Det var en gl\u00e4djens dag n\u00e4r Bodegas Granbaz\u00e1n meddelade att de hade skapat ett nytt vin. Deras Albari\u00f1o-viner \u00e4r s\u00e5 eftertraktade att det alltid \u00e4r en utmaning f\u00f6r oss att f\u00e5 hem tillr\u00e4ckligt m\u00e5nga flaskor. Men med ankomsten av Contrapunto ser framtiden pl\u00f6tsligt ljus ut.<br \/>\nGranbaz\u00e1n sj\u00e4lva kallar vinet \u201cderas friskaste Albari\u00f1o\u201d, och s\u00e5 snart det hamnar i glaset f\u00f6rst\u00e5r man varf\u00f6r. Aromer av citrus, blommor och stenfrukt v\u00e4ller upp, och vinets vibrerande friskhet f\u00e5r det att sprudla av energi. Det \u00e4r precis den typ av vitt vin man l\u00e4ngtar efter n\u00e4r t\u00f6rsten ska sl\u00e4ckas. Dessutom passar det perfekt till b\u00e5de fisk och skaldjur.<\/p>\n<p>Servera vid 12\u00b0C eller direkt fr\u00e5n kylsk\u00e5pet f\u00f6r en uppfriskande Albari\u00f1o-upplevelse som bara Granbaz\u00e1n kan skapa.<\/p>\n<p>93\/100 po\u00e4ng | Flaskehalsen<br \/>\n\u201cImponerande kvalitet f\u00f6r priset. \u00c4ven om vinet kan upplevas som n\u00e5got \u00e5terh\u00e5llsamt i fyllighet, \u00e4r det sublimt i sin friskhet och de unga, krispiga tonerna g\u00f6r det till en klassisk galicier som fungerar lika bra som ett uppfriskande glas p\u00e5 egen hand, till en varierad tapastallrik eller till en fin och l\u00e4tt fiskr\u00e4tt.\u201d<\/p>\n<p>BODEGAS GRANBAZ\u00c1N<\/p>\n<p>Gynnad av sina granithaltiga jordar och svala, kustn\u00e4ra l\u00e4ge producerar Granbaz\u00e1n ultramineraliska, salta, strukturerade och intensivt uttrycksfulla viner som verkligen speglar sitt unika ursprung.<\/p>\n<p>Producenten \u00e4r en sann favorit bland vinkritiker och f\u00e5r konsekvent h\u00f6ga omd\u00f6men i den internationella vinpressen. B\u00e5de Jancis Robinson och The Wine Enthusiast har prisat husets viner till skyarna \u2014 f\u00f6r att n\u00e4mna bara ett par exempel.<\/p>\n","protected":false},"excerpt":{"rendered":"<p>Bodegas Granbaz\u00e1n &#8211; Spain<\/p>\n","protected":false},"featured_media":94538,"template":"","meta":{"_acf_changed":false,"rs_blank_template":"","rs_page_bg_color":"","slide_template_v7":""},"product_brand":[],"product_cat":[2788,2792],"product_tag":[],"class_list":{"0":"post-94532","1":"product","2":"type-product","3":"status-publish","4":"has-post-thumbnail","6":"product_cat-vin-sv","7":"product_cat-vitt-vin","8":"pa_aargang-2024-sv","9":"pa_drue-albarino-sv","10":"pa_land-spanien-sv","11":"pa_procent-12-5-sv","12":"pa_producent-bodegas-granbazan-sv","13":"pa_region-val-do-salnes-sv","14":"pa_serveringstemperatur-8-10-sv","15":"pa_volume-75-sv","17":"first","18":"instock","19":"featured","20":"taxable","21":"shipping-taxable","22":"purchasable","23":"product-type-simple"},"bundled_by":["119651","119961","120370"],"bundle_stock_status":"instock","bundle_stock_quantity":null,"bundle_virtual":false,"bundle_layout":"","bundle_add_to_cart_form_location":"","bundle_editable_in_cart":false,"bundle_sold_individually_context":"","bundle_item_grouping":"","bundle_min_size":"","bundle_max_size":"","bundle_price":[],"bundled_items":[],"bundle_sell_ids":[],"acf":[],"_links":{"self":[{"href":"https:\/\/www.raschvin.com\/sv\/wp-json\/wp\/v2\/product\/94532","targetHints":{"allow":["GET"]}}],"collection":[{"href":"https:\/\/www.raschvin.com\/sv\/wp-json\/wp\/v2\/product"}],"about":[{"href":"https:\/\/www.raschvin.com\/sv\/wp-json\/wp\/v2\/types\/product"}],"wp:featuredmedia":[{"embeddable":true,"href":"https:\/\/www.raschvin.com\/sv\/wp-json\/wp\/v2\/media\/94538"}],"wp:attachment":[{"href":"https:\/\/www.raschvin.com\/sv\/wp-json\/wp\/v2\/media?parent=94532"}],"wp:term":[{"taxonomy":"product_brand","embeddable":true,"href":"https:\/\/www.raschvin.com\/sv\/wp-json\/wp\/v2\/product_brand?post=94532"},{"taxonomy":"product_cat","embeddable":true,"href":"https:\/\/www.raschvin.com\/sv\/wp-json\/wp\/v2\/product_cat?post=94532"},{"taxonomy":"product_tag","embeddable":true,"href":"https:\/\/www.raschvin.com\/sv\/wp-json\/wp\/v2\/product_tag?post=94532"}],"curies":[{"name":"wp","href":"https:\/\/api.w.org\/{rel}","templated":true}]}}