{"id":94476,"date":"2025-08-10T10:46:16","date_gmt":"2025-08-10T08:46:16","guid":{"rendered":"https:\/\/www.raschvin.com\/?post_type=product&#038;p=94476"},"modified":"2025-08-10T10:54:59","modified_gmt":"2025-08-10T08:54:59","slug":"louis-jadot-couvent-des-jacobins-bourgogne-rouge-pinot-noir-2022-75-cl-kopier","status":"publish","type":"product","link":"https:\/\/www.raschvin.com\/sv\/produkt\/louis-jadot-couvent-des-jacobins-bourgogne-rouge-pinot-noir-2022-75-cl-kopier\/","title":{"rendered":"Louis Jadot &#8211; Gevrey-Chambertin Pinot Noir 2023 75 cl."},"content":{"rendered":"<p>Gevrey-Chambertin \u00e4r den nordligaste av de st\u00f6rre kommunerna i C\u00f4te de Nuits, med 26 Premier Crus och 8 Grands Crus. Louis Jadots Gevrey-Chambertin-viner produceras av druvor fr\u00e5n f\u00f6rl\u00e4ngningen av sluttningarna med Grands Crus och Premier Crus. Dessa ving\u00e5rdar varierar en hel del i kvalitet, och ofta \u00e4r producentens namn viktigare att notera h\u00e4r \u00e4n n\u00e5gon annanstans i Bourgogne. Louis Jadots viner \u00e4r givetvis av mycket h\u00f6g kvalitet och druvorna kvalitetskontrolleras f\u00f6r varje \u00e5rg\u00e5ng. Musten j\u00e4ser i 3\u20134 veckor och lagras d\u00e4refter p\u00e5 ekfat i 12\u201315 m\u00e5nader. Jadots Gevrey-Chambertin representerar kommunens typiska karakt\u00e4rsdrag: djup f\u00e4rg, en m\u00e5ngfacetterad symfoni av b\u00e4r och bouquet enbart av r\u00f6d frukt, tanniner, struktur och en l\u00e5ng, uth\u00e5llig eftersmak.<br \/>\nProducerad av Maison Louis Jadot<br \/>\nLouis Jadot tillh\u00f6r Bourgognes mest historiska och prestigefyllda vinproducenter f\u00f6r b\u00e5de vita och r\u00f6da viner. Louis Henri Denis Jadot kom till Beaune fr\u00e5n Belgien i slutet av 1700-talet och k\u00f6pte flera ving\u00e5rdar, bland annat den legendariska monopol-ving\u00e5rden \u201dBeaune 1er Cru Clos des Ursules\u201d, som \u00e4n idag \u00e4r en av husets signaturviner. Maison Louis Jadot grundades 1859. Egendomen \u00e4ger totalt 150 hektar ving\u00e5rdar, varav 70 hektar ligger i C\u00f4te d\u2019Or. Idag betraktar vissa felaktigt Louis Jadot som en n\u00e9gociant som k\u00f6per druvor fr\u00e5n lokala vinodlare, men upp till 70 % av vinerna kommer fr\u00e5n egendomens egna marker. Att Louis Jadot idag \u00e4r en av de mest ansedda vinproducenterna i Bourgogne beror i h\u00f6g grad p\u00e5 den ber\u00f6mde och karismatiske vinmakaren Jacques Lardi\u00e8re, som skapade och profilerade vinerna fr\u00e5n 1970 till sin pensionering 2012. Han eftertr\u00e4ddes av Fr\u00e9d\u00e9ric Barnier, som med stor respekt f\u00f6r Lardi\u00e8res arbete har tagit \u00f6ver arvet och uppgiften. Att samtliga viner produceras p\u00e5 en extremt h\u00f6g niv\u00e5 har bland annat lett till att Louis Jadots viner finns representerade p\u00e5 19 av Frankrikes 27 trestj\u00e4rniga Michelin-restauranger.<\/p>\n","protected":false},"excerpt":{"rendered":"<p>C\u00f4te de Nuits &#8211; France<\/p>\n","protected":false},"featured_media":94494,"template":"","meta":{"_acf_changed":false,"rs_blank_template":"","rs_page_bg_color":"","slide_template_v7":""},"product_brand":[],"product_cat":[7776,2788,2798],"product_tag":[],"class_list":{"0":"post-94476","1":"product","2":"type-product","3":"status-publish","4":"has-post-thumbnail","6":"product_cat-sommer-pinot-noir-sv","7":"product_cat-vin-sv","8":"product_cat-roedvin-sv","9":"pa_aargang-2023-sv","10":"pa_drue-pinot-noir-sv","11":"pa_land-frankrike","12":"pa_procent-13-sv","13":"pa_producent-maison-louis-jadot-sv","14":"pa_region-bourgogne-sv","15":"pa_serveringstemperatur-16-17-sv","16":"pa_volume-75-sv","18":"first","19":"instock","20":"taxable","21":"shipping-taxable","22":"purchasable","23":"product-type-simple"},"bundled_by":[],"bundle_stock_status":"instock","bundle_stock_quantity":null,"bundle_virtual":false,"bundle_layout":"","bundle_add_to_cart_form_location":"","bundle_editable_in_cart":false,"bundle_sold_individually_context":"","bundle_item_grouping":"","bundle_min_size":"","bundle_max_size":"","bundle_price":[],"bundled_items":[],"bundle_sell_ids":[],"acf":[],"_links":{"self":[{"href":"https:\/\/www.raschvin.com\/sv\/wp-json\/wp\/v2\/product\/94476","targetHints":{"allow":["GET"]}}],"collection":[{"href":"https:\/\/www.raschvin.com\/sv\/wp-json\/wp\/v2\/product"}],"about":[{"href":"https:\/\/www.raschvin.com\/sv\/wp-json\/wp\/v2\/types\/product"}],"wp:featuredmedia":[{"embeddable":true,"href":"https:\/\/www.raschvin.com\/sv\/wp-json\/wp\/v2\/media\/94494"}],"wp:attachment":[{"href":"https:\/\/www.raschvin.com\/sv\/wp-json\/wp\/v2\/media?parent=94476"}],"wp:term":[{"taxonomy":"product_brand","embeddable":true,"href":"https:\/\/www.raschvin.com\/sv\/wp-json\/wp\/v2\/product_brand?post=94476"},{"taxonomy":"product_cat","embeddable":true,"href":"https:\/\/www.raschvin.com\/sv\/wp-json\/wp\/v2\/product_cat?post=94476"},{"taxonomy":"product_tag","embeddable":true,"href":"https:\/\/www.raschvin.com\/sv\/wp-json\/wp\/v2\/product_tag?post=94476"}],"curies":[{"name":"wp","href":"https:\/\/api.w.org\/{rel}","templated":true}]}}