{"id":93934,"date":"2025-07-31T07:38:50","date_gmt":"2025-07-31T05:38:50","guid":{"rendered":"https:\/\/www.raschvin.com\/produkt\/pago-de-los-capellanes-joven-roble-2023-75-cl\/"},"modified":"2026-02-03T17:05:40","modified_gmt":"2026-02-03T16:05:40","slug":"pago-de-los-capellanes-joven-roble-2023-75-cl","status":"publish","type":"product","link":"https:\/\/www.raschvin.com\/sv\/produkt\/pago-de-los-capellanes-joven-roble-2023-75-cl\/","title":{"rendered":"Pago de los Capellanes Joven Roble 2024 75 cl."},"content":{"rendered":"<p data-start=\"110\" data-end=\"431\">Saftigt och fruktsp\u00e4ckat r\u00f6tt vin fr\u00e5n Ribera del Duero. Kombinationen av fullmogna Tempranillo-druvor och varsam fatlagring g\u00e5r h\u00e4r upp i en h\u00f6gre enhet. Intens doft av r\u00f6da rosor och hallon, tillsammans med en touch av vanilj. I munnen \u00e4r vinet elegant med sammetslen fyllighet och en frisk fruktsyra som skapar balans.<\/p>\n<p data-start=\"433\" data-end=\"833\">Framst\u00e4llt till 100 % av Tempranillo-druvor som sk\u00f6rdas fr\u00e5n gamla vinmarker. Efter en kort period d\u00e5 vinet ligger och drar ur extrakt fr\u00e5n skalen, startar den naturliga alkoholj\u00e4sningen. Vinet h\u00e5lls stabilt kring 20 grader f\u00f6r att bevara s\u00e5 mycket druvkarakt\u00e4r som m\u00f6jligt. Efter avslutad malolaktisk j\u00e4sning lagras denna Joven i 5 m\u00e5nader p\u00e5 franska ekfat f\u00f6r att samla och integrera vinets aromer.<\/p>\n<p data-start=\"835\" data-end=\"958\">Ett vin som med sin saftighet och friska fruktsyra kan m\u00f6ta allt fr\u00e5n fetare k\u00f6tt till kryddig marinad och syrlig dressing.<\/p>\n","protected":false},"excerpt":{"rendered":"<p>Ribera del Duero &#8211; Spain <\/p>\n","protected":false},"featured_media":93941,"template":"","meta":{"_acf_changed":false,"rs_blank_template":"","rs_page_bg_color":"","slide_template_v7":""},"product_brand":[],"product_cat":[2788,2798],"product_tag":[],"class_list":{"0":"post-93934","1":"product","2":"type-product","3":"status-publish","4":"has-post-thumbnail","6":"product_cat-vin-sv","7":"product_cat-roedvin-sv","8":"pa_aargang-2024-sv","9":"pa_drue-tempranillo-sv","10":"pa_land-spanien-sv","11":"pa_procent-14-5-sv","12":"pa_producent-bodegas-pago-de-los-capellanes-sv","13":"pa_region-ribera-del-duero-sv","14":"pa_serveringstemperatur-16-18-sv","15":"pa_volume-75-sv","17":"first","18":"instock","19":"taxable","20":"shipping-taxable","21":"purchasable","22":"product-type-simple"},"bundled_by":["119961"],"bundle_stock_status":"instock","bundle_stock_quantity":null,"bundle_virtual":false,"bundle_layout":"","bundle_add_to_cart_form_location":"","bundle_editable_in_cart":false,"bundle_sold_individually_context":"","bundle_item_grouping":"","bundle_min_size":"","bundle_max_size":"","bundle_price":[],"bundled_items":[],"bundle_sell_ids":[],"acf":[],"_links":{"self":[{"href":"https:\/\/www.raschvin.com\/sv\/wp-json\/wp\/v2\/product\/93934","targetHints":{"allow":["GET"]}}],"collection":[{"href":"https:\/\/www.raschvin.com\/sv\/wp-json\/wp\/v2\/product"}],"about":[{"href":"https:\/\/www.raschvin.com\/sv\/wp-json\/wp\/v2\/types\/product"}],"wp:featuredmedia":[{"embeddable":true,"href":"https:\/\/www.raschvin.com\/sv\/wp-json\/wp\/v2\/media\/93941"}],"wp:attachment":[{"href":"https:\/\/www.raschvin.com\/sv\/wp-json\/wp\/v2\/media?parent=93934"}],"wp:term":[{"taxonomy":"product_brand","embeddable":true,"href":"https:\/\/www.raschvin.com\/sv\/wp-json\/wp\/v2\/product_brand?post=93934"},{"taxonomy":"product_cat","embeddable":true,"href":"https:\/\/www.raschvin.com\/sv\/wp-json\/wp\/v2\/product_cat?post=93934"},{"taxonomy":"product_tag","embeddable":true,"href":"https:\/\/www.raschvin.com\/sv\/wp-json\/wp\/v2\/product_tag?post=93934"}],"curies":[{"name":"wp","href":"https:\/\/api.w.org\/{rel}","templated":true}]}}