{"id":93454,"date":"2025-07-23T10:06:18","date_gmt":"2025-07-23T08:06:18","guid":{"rendered":"https:\/\/www.raschvin.com\/?post_type=product&#038;p=93454"},"modified":"2025-07-23T10:10:48","modified_gmt":"2025-07-23T08:10:48","slug":"yellow-spot-aged-12-years-mitchell-son-70-cl-46-kopier","status":"publish","type":"product","link":"https:\/\/www.raschvin.com\/sv\/produkt\/yellow-spot-aged-12-years-mitchell-son-70-cl-46-kopier\/","title":{"rendered":"Red Spot &#8211; Aged 15 Years Mitchell &#038; Son 70 cl. 46%"},"content":{"rendered":"<p>Red Spot 15 Year Old \u00e4r den mest mogna och exklusiva utg\u00e5van i den historiska Spot-serien. Den \u00e5terlanserades av Mitchell &#038; Son och destilleras p\u00e5 det v\u00e4lk\u00e4nda Midleton Distillery i County Cork. H\u00e4r f\u00f6renas \u00f6ver hundra \u00e5rs tradition med hantverk och finess.<\/p>\n<p>Whiskeyn lagras i minst 15 \u00e5r p\u00e5 tre olika fattyper: amerikanska bourbonfat, spanska Oloroso sherryfat och sicilianska Marsala-vinsfat. Denna ovanliga kombination skapar en whiskey med stor komplexitet, djup och elegans.<\/p>\n<p>Doften \u00e4r varm och inbjudande med toner av bakat \u00e4pple, pepparkaka, torkad mango, svarta k\u00f6rsb\u00e4r och rostad ek. En mjuk ton av hasseln\u00f6t och l\u00e4der ger ytterligare dimension.<\/p>\n<p>I smaken \u00e4r Red Spot fyllig, mjuk och mycket balanserad. H\u00e4r samsas s\u00f6tma fr\u00e5n Marsala-vin med sm\u00f6rkola, kokta frukter, kryddor och vanilj. Den typiska pot still-karakt\u00e4ren ger livfull kryddighet och struktur.<\/p>\n<p>Eftersmaken \u00e4r l\u00e5ng, varm och nyanserad med inslag av brynt sm\u00f6r, fruktkaka, rostade n\u00f6tter och ugnsbakade r\u00f6da frukter. Den stannar kvar l\u00e4nge och avsl\u00f6jar whiskeyns rika sj\u00e4l.<\/p>\n<p>Med en alkoholhalt p\u00e5 46\u202f% och utan kylfiltrering bevaras whiskeyns naturliga kraft och textur. Red Spot \u00e4r skapad f\u00f6r att avnjutas l\u00e5ngsamt \u2013 perfekt f\u00f6r samlare, finsmakare eller den som vill uppleva irl\u00e4ndsk whiskey n\u00e4r den \u00e4r som allra b\u00e4st.<\/p>\n","protected":false},"excerpt":{"rendered":"<p>Single Pot Still Irish Whiskey<\/p>\n","protected":false},"featured_media":93461,"template":"","meta":{"_acf_changed":false,"rs_blank_template":"","rs_page_bg_color":"","slide_template_v7":""},"product_brand":[],"product_cat":[2392,4768,9519],"product_tag":[],"class_list":{"0":"post-93454","1":"product","2":"type-product","3":"status-publish","4":"has-post-thumbnail","6":"product_cat-whisky-sv","7":"product_cat-irish-whiskey","8":"product_cat-single-pot-still-irish-whiskey","9":"pa_land-irland-sv","10":"pa_procent-46-sv","11":"pa_producent-mitchell-son-sv","12":"pa_volume-70-sv-2","14":"first","15":"instock","16":"taxable","17":"shipping-taxable","18":"purchasable","19":"product-type-simple"},"bundled_by":[],"bundle_stock_status":"instock","bundle_stock_quantity":null,"bundle_virtual":false,"bundle_layout":"","bundle_add_to_cart_form_location":"","bundle_editable_in_cart":false,"bundle_sold_individually_context":"","bundle_item_grouping":"","bundle_min_size":"","bundle_max_size":"","bundle_price":[],"bundled_items":[],"bundle_sell_ids":[],"acf":[],"_links":{"self":[{"href":"https:\/\/www.raschvin.com\/sv\/wp-json\/wp\/v2\/product\/93454","targetHints":{"allow":["GET"]}}],"collection":[{"href":"https:\/\/www.raschvin.com\/sv\/wp-json\/wp\/v2\/product"}],"about":[{"href":"https:\/\/www.raschvin.com\/sv\/wp-json\/wp\/v2\/types\/product"}],"wp:featuredmedia":[{"embeddable":true,"href":"https:\/\/www.raschvin.com\/sv\/wp-json\/wp\/v2\/media\/93461"}],"wp:attachment":[{"href":"https:\/\/www.raschvin.com\/sv\/wp-json\/wp\/v2\/media?parent=93454"}],"wp:term":[{"taxonomy":"product_brand","embeddable":true,"href":"https:\/\/www.raschvin.com\/sv\/wp-json\/wp\/v2\/product_brand?post=93454"},{"taxonomy":"product_cat","embeddable":true,"href":"https:\/\/www.raschvin.com\/sv\/wp-json\/wp\/v2\/product_cat?post=93454"},{"taxonomy":"product_tag","embeddable":true,"href":"https:\/\/www.raschvin.com\/sv\/wp-json\/wp\/v2\/product_tag?post=93454"}],"curies":[{"name":"wp","href":"https:\/\/api.w.org\/{rel}","templated":true}]}}