{"id":93220,"date":"2025-07-19T07:12:24","date_gmt":"2025-07-19T05:12:24","guid":{"rendered":"https:\/\/www.raschvin.com\/produkt\/kilkerran-12-years-glengyle-distillery-70-cl-46\/"},"modified":"2025-07-19T07:12:24","modified_gmt":"2025-07-19T05:12:24","slug":"kilkerran-12-years-glengyle-distillery-70-cl-46","status":"publish","type":"product","link":"https:\/\/www.raschvin.com\/sv\/produkt\/kilkerran-12-years-glengyle-distillery-70-cl-46\/","title":{"rendered":"Kilkerran 12 Years &#8211; Glengyle Distillery 70 cl. 46%"},"content":{"rendered":"<p>Kilkerran 12 Year Old \u00e4r en single malt fr\u00e5n Glengyle Distillery i Campbeltown \u2013 en whiskyregion k\u00e4nd f\u00f6r sin balans mellan frukt, havss\u00e4lta och mild r\u00f6k. Whiskyn \u00e4r lagrad i 12 \u00e5r p\u00e5 en kombination av cirka 70\u202f% bourbonfat och 30\u202f% sherryfat. Den \u00e4r buteljerad vid 46\u202f% alkohol, utan kylfiltrering och med naturlig f\u00e4rg, vilket bevarar dess renhet och fulla smak.<\/p>\n<p>Doften \u00e4r rik och komplex: toner av citron, honung och nybakad sockerkaka blandas med en l\u00e4tt r\u00f6kighet, torkade aprikoser, malt och subtil ek. Man anar \u00e4ven l\u00e4der, n\u00f6tter och en viss salt havsbris i bakgrunden \u2013 ett k\u00e4nnetecken f\u00f6r Campbeltown.<\/p>\n<p>Smaken \u00e4r djup och v\u00e4lbalanserad. Inledningsvis framtr\u00e4der s\u00f6t citrus och karamell, f\u00f6ljt av kryddor som kanel och vitpeppar. Munk\u00e4nslan \u00e4r oljig och fyllig, och det finns ett l\u00e4tt jordigt och mineraliskt inslag som ger karakt\u00e4r. R\u00f6ken \u00e4r diskret men tydlig, som en smekning snarare \u00e4n en explosion.<\/p>\n<p>Eftersmaken \u00e4r l\u00e5ng och torr med toner av m\u00f6rk choklad, rostade n\u00f6tter, salt och en elegant tr\u00e4ton. Den rundas av med en friskhet som h\u00e5ller smaken levande l\u00e4nge efter sista klunken. En whisky som kombinerar tradition med tydlig karakt\u00e4r \u2013 och som b\u00e5de passar entusiaster och nyfikna utforskare.<\/p>\n","protected":false},"excerpt":{"rendered":"<p>Single Malt Scotch Whisky<\/p>\n","protected":false},"featured_media":93254,"template":"","meta":{"_acf_changed":false,"rs_blank_template":"","rs_page_bg_color":"","slide_template_v7":""},"product_brand":[],"product_cat":[2387,4651,2392],"product_tag":[],"class_list":{"0":"post-93220","1":"product","2":"type-product","3":"status-publish","4":"has-post-thumbnail","6":"product_cat-avec-sv","7":"product_cat-single-malt-sv","8":"product_cat-whisky-sv","9":"pa_land-skottland","10":"pa_procent-46-sv","11":"pa_producent-glengyle-sv","12":"pa_region-campbeltown-sv","13":"pa_volume-70-sv-2","15":"first","16":"instock","17":"sale","18":"taxable","19":"shipping-taxable","20":"purchasable","21":"product-type-simple"},"bundled_by":[],"bundle_stock_status":"instock","bundle_stock_quantity":null,"bundle_virtual":false,"bundle_layout":"","bundle_add_to_cart_form_location":"","bundle_editable_in_cart":false,"bundle_sold_individually_context":"","bundle_item_grouping":"","bundle_min_size":"","bundle_max_size":"","bundle_price":[],"bundled_items":[],"bundle_sell_ids":[],"acf":[],"_links":{"self":[{"href":"https:\/\/www.raschvin.com\/sv\/wp-json\/wp\/v2\/product\/93220","targetHints":{"allow":["GET"]}}],"collection":[{"href":"https:\/\/www.raschvin.com\/sv\/wp-json\/wp\/v2\/product"}],"about":[{"href":"https:\/\/www.raschvin.com\/sv\/wp-json\/wp\/v2\/types\/product"}],"wp:featuredmedia":[{"embeddable":true,"href":"https:\/\/www.raschvin.com\/sv\/wp-json\/wp\/v2\/media\/93254"}],"wp:attachment":[{"href":"https:\/\/www.raschvin.com\/sv\/wp-json\/wp\/v2\/media?parent=93220"}],"wp:term":[{"taxonomy":"product_brand","embeddable":true,"href":"https:\/\/www.raschvin.com\/sv\/wp-json\/wp\/v2\/product_brand?post=93220"},{"taxonomy":"product_cat","embeddable":true,"href":"https:\/\/www.raschvin.com\/sv\/wp-json\/wp\/v2\/product_cat?post=93220"},{"taxonomy":"product_tag","embeddable":true,"href":"https:\/\/www.raschvin.com\/sv\/wp-json\/wp\/v2\/product_tag?post=93220"}],"curies":[{"name":"wp","href":"https:\/\/api.w.org\/{rel}","templated":true}]}}