{"id":93217,"date":"2025-07-19T06:58:08","date_gmt":"2025-07-19T04:58:08","guid":{"rendered":"https:\/\/www.raschvin.com\/?post_type=product&#038;p=93217"},"modified":"2025-07-19T07:07:31","modified_gmt":"2025-07-19T05:07:31","slug":"arran-port-cask-finish-70-cl-50-kopier","status":"publish","type":"product","link":"https:\/\/www.raschvin.com\/sv\/produkt\/arran-port-cask-finish-70-cl-50-kopier\/","title":{"rendered":"Arran 25 Years Old 70 cl. 46%"},"content":{"rendered":"<p>Arran 25 Year Old \u00e4r den \u00e4ldsta whiskyn i Arrans ordinarie sortiment och en symbol f\u00f6r destilleriets mognad och hantverkskunnande. Den har lagrats i 25 \u00e5r i en kombination av bourbonfat och sherry hogsheads, med ett sista \u00e5rs finish p\u00e5 f\u00f6rstafyllda och refill-sherryfat. Den buteljeras vid 46 % alkohol, utan kylfiltrering och med naturlig f\u00e4rg.<\/p>\n<p>Doften \u00e4r djup och komplex med inslag av torkade fikon, sultanrussin och svarta k\u00f6rsb\u00e4r, fint balanserat med mjuk ek, muscovadosocker och en aning muskot. Smaken \u00e4r rik och fyllig \u2013 h\u00e4r m\u00f6ts fruktkaka, m\u00f6rk choklad, apelsinzest, kanel, rostade mandlar och manukahonung. En fin ton av vitpeppar lyfter helheten. Eftersmaken \u00e4r l\u00e5ng, gr\u00e4ddig och v\u00e4rmande med noter av n\u00f6tter, torkad frukt och diskreta kryddor.<\/p>\n<p>Det h\u00e4r \u00e4r en whisky f\u00f6r finsmakaren \u2013 mogen, balanserad och utan r\u00f6k \u2013 som erbjuder djup och elegans i varje droppe.<\/p>\n","protected":false},"excerpt":{"rendered":"<p>Single Malt Scotch Whisky<\/p>\n","protected":false},"featured_media":93236,"template":"","meta":{"_acf_changed":false,"rs_blank_template":"","rs_page_bg_color":"","slide_template_v7":""},"product_brand":[],"product_cat":[2392,9248,9433],"product_tag":[],"class_list":{"0":"post-93217","1":"product","2":"type-product","3":"status-publish","4":"has-post-thumbnail","6":"product_cat-whisky-sv","7":"product_cat-scotch-whisky","8":"product_cat-single-malt-scotch-whisky","9":"pa_land-skottland","10":"pa_procent-46-sv","11":"pa_producent-arran-sv","12":"pa_region-island-sv","13":"pa_volume-70-sv-2","15":"first","16":"instock","17":"sale","18":"taxable","19":"shipping-taxable","20":"purchasable","21":"product-type-simple"},"bundled_by":[],"bundle_stock_status":"instock","bundle_stock_quantity":null,"bundle_virtual":false,"bundle_layout":"","bundle_add_to_cart_form_location":"","bundle_editable_in_cart":false,"bundle_sold_individually_context":"","bundle_item_grouping":"","bundle_min_size":"","bundle_max_size":"","bundle_price":[],"bundled_items":[],"bundle_sell_ids":[],"acf":[],"_links":{"self":[{"href":"https:\/\/www.raschvin.com\/sv\/wp-json\/wp\/v2\/product\/93217","targetHints":{"allow":["GET"]}}],"collection":[{"href":"https:\/\/www.raschvin.com\/sv\/wp-json\/wp\/v2\/product"}],"about":[{"href":"https:\/\/www.raschvin.com\/sv\/wp-json\/wp\/v2\/types\/product"}],"wp:featuredmedia":[{"embeddable":true,"href":"https:\/\/www.raschvin.com\/sv\/wp-json\/wp\/v2\/media\/93236"}],"wp:attachment":[{"href":"https:\/\/www.raschvin.com\/sv\/wp-json\/wp\/v2\/media?parent=93217"}],"wp:term":[{"taxonomy":"product_brand","embeddable":true,"href":"https:\/\/www.raschvin.com\/sv\/wp-json\/wp\/v2\/product_brand?post=93217"},{"taxonomy":"product_cat","embeddable":true,"href":"https:\/\/www.raschvin.com\/sv\/wp-json\/wp\/v2\/product_cat?post=93217"},{"taxonomy":"product_tag","embeddable":true,"href":"https:\/\/www.raschvin.com\/sv\/wp-json\/wp\/v2\/product_tag?post=93217"}],"curies":[{"name":"wp","href":"https:\/\/api.w.org\/{rel}","templated":true}]}}