{"id":93113,"date":"2025-07-18T07:16:26","date_gmt":"2025-07-18T05:16:26","guid":{"rendered":"https:\/\/www.raschvin.com\/?post_type=product&#038;p=93113"},"modified":"2025-07-18T07:21:57","modified_gmt":"2025-07-18T05:21:57","slug":"arran-machrie-moor-cask-strength-70-cl-562-kopier-2","status":"publish","type":"product","link":"https:\/\/www.raschvin.com\/sv\/produkt\/arran-machrie-moor-cask-strength-70-cl-562-kopier-2\/","title":{"rendered":"Arran Machrie Moor 10 Years Old 70 cl. 46%"},"content":{"rendered":"<p>Machrie Moor 10 Years Old \u00e4r en uttrycksfull single malt fr\u00e5n Isle of Arran, d\u00e4r den vilda naturen och gamla legender sm\u00e4lter samman med konsten att skapa whisky. Whiskyn har f\u00e5tt sitt namn efter Machrie Moor \u2013 ett kargt och vindpinat torvlandskap p\u00e5 \u00f6ns v\u00e4stkust, k\u00e4nt f\u00f6r sina stencirklar och mytiska ber\u00e4ttelser. Den speglar naturens r\u00e5a sk\u00f6nhet och whiskyns eleganta karakt\u00e4r.<\/p>\n<p>Denna utg\u00e5va produceras p\u00e5 Lochranza Distillery och \u00e4r en av f\u00e5 r\u00f6kiga tappningar fr\u00e5n Arran. Med en r\u00f6kighet p\u00e5 cirka 20 ppm f\u00e5r man en balanserad och mjuk r\u00f6kton som samspelar med Arrans fruktiga destillat. Whiskyn \u00e4r lagrad i 10 \u00e5r p\u00e5 first-fill bourbonfat, \u00e4r varken kylfiltrerad eller f\u00e4rgad \u2013 vilket ger en \u00e4kta och of\u00f6rvanskad smak.<\/p>\n<p>Doften bjuder p\u00e5 citrus, honung, gr\u00f6na \u00e4pplen och vanilj, inb\u00e4ddat i en torr, mineralisk torvr\u00f6k. Smaken \u00e4r fyllig och rund med inslag av mogen frukt, rostade ektoner, en aning s\u00e4lta och finst\u00e4md r\u00f6kighet. Eftersmaken \u00e4r l\u00e5ng, ren och varm med kvarh\u00e4ngande toner av r\u00f6k och s\u00f6t malt.<\/p>\n<p>Machrie Moor 10 Years Old passar den nyfikne whisky\u00e4lskaren som vill utforska r\u00f6k utan att g\u00e5 in i det allra tyngsta. En v\u00e4lbalanserad och elegant whisky som visar Arrans m\u00e5ngsidighet och erbjuder en minnesv\u00e4rd smakupplevelse.<\/p>\n","protected":false},"excerpt":{"rendered":"<p>Single Malt Scotch Whisky<\/p>\n","protected":false},"featured_media":93173,"template":"","meta":{"_acf_changed":false,"rs_blank_template":"","rs_page_bg_color":"","slide_template_v7":""},"product_brand":[],"product_cat":[2387,4651,2392],"product_tag":[],"class_list":{"0":"post-93113","1":"product","2":"type-product","3":"status-publish","4":"has-post-thumbnail","6":"product_cat-avec-sv","7":"product_cat-single-malt-sv","8":"product_cat-whisky-sv","9":"pa_land-skottland","10":"pa_procent-46-sv","11":"pa_producent-arran-sv","12":"pa_region-island-sv","13":"pa_volume-70-sv-2","15":"first","16":"instock","17":"sale","18":"taxable","19":"shipping-taxable","20":"purchasable","21":"product-type-simple"},"bundled_by":[],"bundle_stock_status":"instock","bundle_stock_quantity":null,"bundle_virtual":false,"bundle_layout":"","bundle_add_to_cart_form_location":"","bundle_editable_in_cart":false,"bundle_sold_individually_context":"","bundle_item_grouping":"","bundle_min_size":"","bundle_max_size":"","bundle_price":[],"bundled_items":[],"bundle_sell_ids":[],"acf":[],"_links":{"self":[{"href":"https:\/\/www.raschvin.com\/sv\/wp-json\/wp\/v2\/product\/93113","targetHints":{"allow":["GET"]}}],"collection":[{"href":"https:\/\/www.raschvin.com\/sv\/wp-json\/wp\/v2\/product"}],"about":[{"href":"https:\/\/www.raschvin.com\/sv\/wp-json\/wp\/v2\/types\/product"}],"wp:featuredmedia":[{"embeddable":true,"href":"https:\/\/www.raschvin.com\/sv\/wp-json\/wp\/v2\/media\/93173"}],"wp:attachment":[{"href":"https:\/\/www.raschvin.com\/sv\/wp-json\/wp\/v2\/media?parent=93113"}],"wp:term":[{"taxonomy":"product_brand","embeddable":true,"href":"https:\/\/www.raschvin.com\/sv\/wp-json\/wp\/v2\/product_brand?post=93113"},{"taxonomy":"product_cat","embeddable":true,"href":"https:\/\/www.raschvin.com\/sv\/wp-json\/wp\/v2\/product_cat?post=93113"},{"taxonomy":"product_tag","embeddable":true,"href":"https:\/\/www.raschvin.com\/sv\/wp-json\/wp\/v2\/product_tag?post=93113"}],"curies":[{"name":"wp","href":"https:\/\/api.w.org\/{rel}","templated":true}]}}