{"id":93042,"date":"2025-07-17T07:35:48","date_gmt":"2025-07-17T05:35:48","guid":{"rendered":"https:\/\/www.raschvin.com\/?post_type=product&#038;p=93042"},"modified":"2025-07-17T07:40:33","modified_gmt":"2025-07-17T05:40:33","slug":"arran-denmark-private-cask-11-years-2013-70-cl-577-kopier","status":"publish","type":"product","link":"https:\/\/www.raschvin.com\/sv\/produkt\/arran-denmark-private-cask-11-years-2013-70-cl-577-kopier\/","title":{"rendered":"Arran Denmark Premium Cask 15 Years 2008 70 cl. 55,4%"},"content":{"rendered":"<p>Denna exklusiva butikslagring \u00e4r destillerad den 15 oktober 2008 och buteljerad den 31 juli 2024. Med en lagringstid p\u00e5 15 \u00e5r p\u00e5 ett enda first-fill Oloroso-hogshead (fat nr 2008\/979) ger denna whisky en rik och personlig karakt\u00e4r. Tappad p\u00e5 caskstyrka (55,4\u202f%) och med bara 296 flaskor, \u00e4r den mycket eftertraktad.<\/p>\n<p>Doften \u00e4r djup och omf\u00e5ngsrik med toner av torkad frukt som russin och fikon, ljus choklad, kola och honung \u2013 med ett diskret kryddigt eko. Oloroso-fatets inflytande \u00e4r tydligt, men smakprofilen h\u00e5ller Bandet elegant och balanserat.<\/p>\n<p>Smaken \u00e4r fyllig och silkig, med s\u00f6tma fr\u00e5n sherryn, inslag av mj\u00f6lkchoklad, toffee och mjuka kryddor som kanel mot en grund av rostade ektoner. Trots h\u00f6g alkoholstyrka \u00e4r helhetsintrycket mjukt och harmoniskt.<\/p>\n<p>Eftersmaken \u00e4r l\u00e5ng och v\u00e4rmande, med mjuk kryddighet, en l\u00e4tt torr ekfinish och en behaglig s\u00f6t touch. Obekl\u00e4dd av tillsatser \u2013 ingen kylfiltrering och naturlig f\u00e4rg \u2013 ger denna whisky en autentisk och kraftfull upplevelse i Arrans prestigefyllda caskstrength-tradition.<\/p>\n","protected":false},"excerpt":{"rendered":"<p>Single Malt Scotch Whisky<\/p>\n","protected":false},"featured_media":93061,"template":"","meta":{"_acf_changed":false,"rs_blank_template":"","rs_page_bg_color":"","slide_template_v7":""},"product_brand":[],"product_cat":[2387,4651,2392],"product_tag":[],"class_list":{"0":"post-93042","1":"product","2":"type-product","3":"status-publish","4":"has-post-thumbnail","6":"product_cat-avec-sv","7":"product_cat-single-malt-sv","8":"product_cat-whisky-sv","9":"pa_land-skottland","10":"pa_procent-55-4-sv","11":"pa_producent-arran-sv","12":"pa_region-island-sv","13":"pa_volume-70-sv-2","15":"first","16":"instock","17":"taxable","18":"shipping-taxable","19":"purchasable","20":"product-type-simple"},"bundled_by":[],"bundle_stock_status":"instock","bundle_stock_quantity":null,"bundle_virtual":false,"bundle_layout":"","bundle_add_to_cart_form_location":"","bundle_editable_in_cart":false,"bundle_sold_individually_context":"","bundle_item_grouping":"","bundle_min_size":"","bundle_max_size":"","bundle_price":[],"bundled_items":[],"bundle_sell_ids":[],"acf":[],"_links":{"self":[{"href":"https:\/\/www.raschvin.com\/sv\/wp-json\/wp\/v2\/product\/93042","targetHints":{"allow":["GET"]}}],"collection":[{"href":"https:\/\/www.raschvin.com\/sv\/wp-json\/wp\/v2\/product"}],"about":[{"href":"https:\/\/www.raschvin.com\/sv\/wp-json\/wp\/v2\/types\/product"}],"wp:featuredmedia":[{"embeddable":true,"href":"https:\/\/www.raschvin.com\/sv\/wp-json\/wp\/v2\/media\/93061"}],"wp:attachment":[{"href":"https:\/\/www.raschvin.com\/sv\/wp-json\/wp\/v2\/media?parent=93042"}],"wp:term":[{"taxonomy":"product_brand","embeddable":true,"href":"https:\/\/www.raschvin.com\/sv\/wp-json\/wp\/v2\/product_brand?post=93042"},{"taxonomy":"product_cat","embeddable":true,"href":"https:\/\/www.raschvin.com\/sv\/wp-json\/wp\/v2\/product_cat?post=93042"},{"taxonomy":"product_tag","embeddable":true,"href":"https:\/\/www.raschvin.com\/sv\/wp-json\/wp\/v2\/product_tag?post=93042"}],"curies":[{"name":"wp","href":"https:\/\/api.w.org\/{rel}","templated":true}]}}