{"id":93038,"date":"2025-07-17T07:26:25","date_gmt":"2025-07-17T05:26:25","guid":{"rendered":"https:\/\/www.raschvin.com\/?post_type=product&#038;p=93038"},"modified":"2025-07-17T07:33:46","modified_gmt":"2025-07-17T05:33:46","slug":"arran-amarone-cask-finish-70-cl-50-kopier","status":"publish","type":"product","link":"https:\/\/www.raschvin.com\/sv\/produkt\/arran-amarone-cask-finish-70-cl-50-kopier\/","title":{"rendered":"Arran Denmark Private Cask 11 Years 2013 70 cl. 57,7%"},"content":{"rendered":"<p>Denna exklusiva single malt fr\u00e5n Arran \u00e4r buteljerad specifikt f\u00f6r den danska marknaden och erbjuder en intensiv och smakrik upplevelse. Destillerad i maj 2013 och buteljerad i juli 2024, har whiskyn lagrats i 11 \u00e5r p\u00e5 ett noggrant utvalt sherry butt, och tappats p\u00e5 flaska vid fatstyrka \u2013 kraftfulla 57,7\u202f%.<\/p>\n<p>Doften \u00e4r rik och komplex med inslag av torkad frukt, russin, dadlar, m\u00f6rk choklad, kola och nyrostat kaffe. V\u00e4rmen fr\u00e5n kryddor som kanel och muskot ger extra djup.<\/p>\n<p>Smaken \u00e4r fyllig, rund och sammetslen, med tydliga toner av sherry, torkad frukt, choklad och kryddor. Ekfatets influens balanserar s\u00f6tman och ger whiskyn struktur och elegans.<\/p>\n<p>Eftersmaken \u00e4r l\u00e5ng och behagligt kryddig, med toner av n\u00f6tter, kakao och en l\u00e4tt torr avslutning. Whiskyn \u00e4r varken kylfiltrerad eller f\u00e4rgad \u2013 en autentisk, kraftfull och v\u00e4lbalanserad upplevelse f\u00f6r dig som uppskattar sherryfatslagrad whisky i sin fulla prakt.<\/p>\n","protected":false},"excerpt":{"rendered":"<p>Single Malt Scotch Whisky<\/p>\n","protected":false},"featured_media":93064,"template":"","meta":{"_acf_changed":false,"rs_blank_template":"","rs_page_bg_color":"","slide_template_v7":""},"product_brand":[],"product_cat":[2387,4651,2392],"product_tag":[],"class_list":{"0":"post-93038","1":"product","2":"type-product","3":"status-publish","4":"has-post-thumbnail","6":"product_cat-avec-sv","7":"product_cat-single-malt-sv","8":"product_cat-whisky-sv","9":"pa_land-skottland","10":"pa_procent-57-7-sv","11":"pa_producent-arran-sv","12":"pa_region-island-sv","13":"pa_volume-70-sv-2","15":"first","16":"instock","17":"taxable","18":"shipping-taxable","19":"purchasable","20":"product-type-simple"},"bundled_by":[],"bundle_stock_status":"instock","bundle_stock_quantity":null,"bundle_virtual":false,"bundle_layout":"","bundle_add_to_cart_form_location":"","bundle_editable_in_cart":false,"bundle_sold_individually_context":"","bundle_item_grouping":"","bundle_min_size":"","bundle_max_size":"","bundle_price":[],"bundled_items":[],"bundle_sell_ids":[],"acf":[],"_links":{"self":[{"href":"https:\/\/www.raschvin.com\/sv\/wp-json\/wp\/v2\/product\/93038","targetHints":{"allow":["GET"]}}],"collection":[{"href":"https:\/\/www.raschvin.com\/sv\/wp-json\/wp\/v2\/product"}],"about":[{"href":"https:\/\/www.raschvin.com\/sv\/wp-json\/wp\/v2\/types\/product"}],"wp:featuredmedia":[{"embeddable":true,"href":"https:\/\/www.raschvin.com\/sv\/wp-json\/wp\/v2\/media\/93064"}],"wp:attachment":[{"href":"https:\/\/www.raschvin.com\/sv\/wp-json\/wp\/v2\/media?parent=93038"}],"wp:term":[{"taxonomy":"product_brand","embeddable":true,"href":"https:\/\/www.raschvin.com\/sv\/wp-json\/wp\/v2\/product_brand?post=93038"},{"taxonomy":"product_cat","embeddable":true,"href":"https:\/\/www.raschvin.com\/sv\/wp-json\/wp\/v2\/product_cat?post=93038"},{"taxonomy":"product_tag","embeddable":true,"href":"https:\/\/www.raschvin.com\/sv\/wp-json\/wp\/v2\/product_tag?post=93038"}],"curies":[{"name":"wp","href":"https:\/\/api.w.org\/{rel}","templated":true}]}}