{"id":92917,"date":"2025-07-15T07:38:04","date_gmt":"2025-07-15T05:38:04","guid":{"rendered":"https:\/\/www.raschvin.com\/?post_type=product&#038;p=92917"},"modified":"2026-03-04T11:26:24","modified_gmt":"2026-03-04T10:26:24","slug":"schola-sarmenti-nauna-primitivo-negroamaro-salento-igt-75-cl-kopier","status":"publish","type":"product","link":"https:\/\/www.raschvin.com\/sv\/produkt\/schola-sarmenti-nauna-primitivo-negroamaro-salento-igt-75-cl-kopier\/","title":{"rendered":"Schola Sarmenti \u2013 Masserie Negroamaro Ros\u00e9 2025 75 cl."},"content":{"rendered":"<p>Schola Sarmenti Masserei Negroamaro \u00e4r en elegant och fruktig ros\u00e9 gjord p\u00e5 100 % Negroamaro-druvor fr\u00e5n Salento i s\u00f6dra Italien. Druvorna kommer fr\u00e5n cirka 15 \u00e5r gamla vinstockar som odlas enligt den klassiska Guyot-metoden, vilket s\u00e4kerst\u00e4ller h\u00f6g kvalitet och koncentration. Sk\u00f6rden sker f\u00f6r hand med noggrann sortering, och j\u00e4sningen sker varsamt i st\u00e5ltankar vid l\u00e5g temperatur f\u00f6r att bevara fr\u00e4sch\u00f6r och druvans karakt\u00e4r.<\/p>\n<p>Vinet har en ljus rubinr\u00f6d f\u00e4rg och en livlig doft med inslag av r\u00f6da b\u00e4r s\u00e5som jordgubbar och hallon, tillsammans med mjuka florala toner. Smaken \u00e4r frisk, krispig och v\u00e4lbalanserad med en tydlig mineralitet som speglar terroiren i Salento, d\u00e4r havets n\u00e4rhet ger vinet en h\u00e4rlig s\u00e4lta. Denna ros\u00e9 \u00e4r l\u00e4tt och elegant med en behaglig friskhet som g\u00f6r den l\u00e4tt att njuta av.<\/p>\n<p>Masserei Negroamaro passar utm\u00e4rkt som aperitif eller till l\u00e4ttare r\u00e4tter som skaldjur, sushi, antipasti och f\u00e4rska ostar. Serveras b\u00e4st kyld vid 12\u201314 \u00b0C.<\/p>\n","protected":false},"excerpt":{"rendered":"<p>Puglia \u2013 Italy<\/p>\n","protected":false},"featured_media":92953,"template":"","meta":{"_acf_changed":false,"rs_blank_template":"","rs_page_bg_color":"","slide_template_v7":""},"product_brand":[],"product_cat":[2796,7779,2788],"product_tag":[],"class_list":{"0":"post-92917","1":"product","2":"type-product","3":"status-publish","4":"has-post-thumbnail","6":"product_cat-rosevin-sv","7":"product_cat-sommar-rose","8":"product_cat-vin-sv","9":"pa_aargang-2025-sv","10":"pa_drue-negroamaro-sv","11":"pa_land-italien-sv","12":"pa_procent-13-sv","13":"pa_producent-schola-sarmenti-sv","14":"pa_region-puglia-sv","15":"pa_serveringstemperatur-12-14-sv","16":"pa_volume-75-sv","18":"first","19":"instock","20":"taxable","21":"shipping-taxable","22":"purchasable","23":"product-type-simple"},"bundled_by":[],"bundle_stock_status":"instock","bundle_stock_quantity":null,"bundle_virtual":false,"bundle_layout":"","bundle_add_to_cart_form_location":"","bundle_editable_in_cart":false,"bundle_sold_individually_context":"","bundle_item_grouping":"","bundle_min_size":"","bundle_max_size":"","bundle_price":[],"bundled_items":[],"bundle_sell_ids":[],"acf":[],"_links":{"self":[{"href":"https:\/\/www.raschvin.com\/sv\/wp-json\/wp\/v2\/product\/92917","targetHints":{"allow":["GET"]}}],"collection":[{"href":"https:\/\/www.raschvin.com\/sv\/wp-json\/wp\/v2\/product"}],"about":[{"href":"https:\/\/www.raschvin.com\/sv\/wp-json\/wp\/v2\/types\/product"}],"wp:featuredmedia":[{"embeddable":true,"href":"https:\/\/www.raschvin.com\/sv\/wp-json\/wp\/v2\/media\/92953"}],"wp:attachment":[{"href":"https:\/\/www.raschvin.com\/sv\/wp-json\/wp\/v2\/media?parent=92917"}],"wp:term":[{"taxonomy":"product_brand","embeddable":true,"href":"https:\/\/www.raschvin.com\/sv\/wp-json\/wp\/v2\/product_brand?post=92917"},{"taxonomy":"product_cat","embeddable":true,"href":"https:\/\/www.raschvin.com\/sv\/wp-json\/wp\/v2\/product_cat?post=92917"},{"taxonomy":"product_tag","embeddable":true,"href":"https:\/\/www.raschvin.com\/sv\/wp-json\/wp\/v2\/product_tag?post=92917"}],"curies":[{"name":"wp","href":"https:\/\/api.w.org\/{rel}","templated":true}]}}