{"id":92865,"date":"2025-07-14T19:22:07","date_gmt":"2025-07-14T17:22:07","guid":{"rendered":"https:\/\/www.raschvin.com\/?post_type=product&#038;p=92865"},"modified":"2025-07-14T19:28:25","modified_gmt":"2025-07-14T17:28:25","slug":"the-glenallachie-aged-12-years-70-cl-46-kopier","status":"publish","type":"product","link":"https:\/\/www.raschvin.com\/sv\/produkt\/the-glenallachie-aged-12-years-70-cl-46-kopier\/","title":{"rendered":"The Glenallachie Aged 15 Years 70 cl. 46%"},"content":{"rendered":"<p>The GlenAllachie 15 Years \u00e4r en f\u00e4ngslande och djupt nyanserad single malt fr\u00e5n Speyside. Under ledning av den ikoniske blendern Billy Walker har denna butelj snabbt blivit ett flaggskepp i destilleriets sortiment.<\/p>\n<p>Whiskyn \u00e4r f\u00f6rst lagrad p\u00e5 amerikanska bourbonfat och genomg\u00e5r sedan en l\u00e5ng efterlagring p\u00e5 spanska sherryfat \u2013 en kombination av Pedro Xim\u00e9nez och Oloroso puncheons och hogsheads. Den buteljeras vid 46 % alkohol, utan kylfiltrering och med naturlig f\u00e4rg f\u00f6r att bevara alla \u00e4kta smaktoner.<\/p>\n<p>I glaset har den en djup mahognyf\u00e4rg. Doften \u00e4r rik och inbjudande med m\u00f6rka k\u00f6rsb\u00e4r, fikon, toffee, gyllene sirap och rostade hasseln\u00f6tter. Underliggande nyanser av l\u00e4der, apelsinskal och kryddor ger extra djup.<\/p>\n<p>Smaken \u00e4r fyllig och oljig med lager av katrinplommon, m\u00f6rk choklad, brunt socker, kanel, espresso och ingef\u00e4ra. Den v\u00e4lbalanserade kryddigheten bryter av sherrys\u00f6tman p\u00e5 ett elegant s\u00e4tt.<\/p>\n<p>Eftersmaken \u00e4r l\u00e5ng, varm och komplex med inslag av torkad frukt, kakao, n\u00f6tighet och mjuka ekkryddor.<\/p>\n<p>Ofta beskriven som en &#8221;sherrybomb&#8221;, men h\u00e4r handlar det inte om att \u00f6verv\u00e4ldiga \u2013 snarare om balans, elegans och hantverk i toppklass. En klassisk Speyside-whisky med sj\u00e4l, djup och karakt\u00e4r.<\/p>\n","protected":false},"excerpt":{"rendered":"<p>Speyside Single Malt Scotch Whisky<\/p>\n","protected":false},"featured_media":92876,"template":"","meta":{"_acf_changed":false,"rs_blank_template":"","rs_page_bg_color":"","slide_template_v7":""},"product_brand":[],"product_cat":[2387,4651,2392],"product_tag":[],"class_list":{"0":"post-92865","1":"product","2":"type-product","3":"status-publish","4":"has-post-thumbnail","6":"product_cat-avec-sv","7":"product_cat-single-malt-sv","8":"product_cat-whisky-sv","9":"pa_land-skottland","10":"pa_procent-46-sv","11":"pa_producent-the-glenallachie-sv","12":"pa_region-speyside-sv","13":"pa_volume-70-sv-2","15":"first","16":"instock","17":"sale","18":"taxable","19":"shipping-taxable","20":"purchasable","21":"product-type-simple"},"bundled_by":[],"bundle_stock_status":"instock","bundle_stock_quantity":null,"bundle_virtual":false,"bundle_layout":"","bundle_add_to_cart_form_location":"","bundle_editable_in_cart":false,"bundle_sold_individually_context":"","bundle_item_grouping":"","bundle_min_size":"","bundle_max_size":"","bundle_price":[],"bundled_items":[],"bundle_sell_ids":[],"acf":[],"_links":{"self":[{"href":"https:\/\/www.raschvin.com\/sv\/wp-json\/wp\/v2\/product\/92865","targetHints":{"allow":["GET"]}}],"collection":[{"href":"https:\/\/www.raschvin.com\/sv\/wp-json\/wp\/v2\/product"}],"about":[{"href":"https:\/\/www.raschvin.com\/sv\/wp-json\/wp\/v2\/types\/product"}],"wp:featuredmedia":[{"embeddable":true,"href":"https:\/\/www.raschvin.com\/sv\/wp-json\/wp\/v2\/media\/92876"}],"wp:attachment":[{"href":"https:\/\/www.raschvin.com\/sv\/wp-json\/wp\/v2\/media?parent=92865"}],"wp:term":[{"taxonomy":"product_brand","embeddable":true,"href":"https:\/\/www.raschvin.com\/sv\/wp-json\/wp\/v2\/product_brand?post=92865"},{"taxonomy":"product_cat","embeddable":true,"href":"https:\/\/www.raschvin.com\/sv\/wp-json\/wp\/v2\/product_cat?post=92865"},{"taxonomy":"product_tag","embeddable":true,"href":"https:\/\/www.raschvin.com\/sv\/wp-json\/wp\/v2\/product_tag?post=92865"}],"curies":[{"name":"wp","href":"https:\/\/api.w.org\/{rel}","templated":true}]}}