{"id":92602,"date":"2025-07-20T07:40:38","date_gmt":"2025-07-20T05:40:38","guid":{"rendered":"https:\/\/www.raschvin.com\/?post_type=product&p=92602"},"modified":"2025-07-20T07:40:38","modified_gmt":"2025-07-20T05:40:38","slug":"sir-edwards-finest-100-cl-40","status":"publish","type":"product","link":"https:\/\/www.raschvin.com\/sv\/produkt\/sir-edwards-finest-100-cl-40\/","title":{"rendered":"Sir Edward\u2019s Finest 100 cl. 40%"},"content":{"rendered":"<p>Sir Edward\u2019s \u00e4r en klassisk blended skotsk whisky som produceras av La Martiniquaise, en av Frankrikes st\u00f6rsta spritkoncerner. F\u00f6retaget grundades 1934 och \u00e4r k\u00e4nt f\u00f6r sin breda portf\u00f6lj av kvalitetsprodukter inom sprit, med n\u00e4rvaro \u00f6ver hela v\u00e4rlden. Sir Edward\u2019s \u00e4r en av deras mest framst\u00e5ende whiskyvarum\u00e4rken och tillverkas i Skottland under noggrann \u00f6vervakning av erfarna master blenders.<\/p>\n<p>Whiskyn \u00e4r en blandning av noga utvalda malt- och grainwhiskys som lagrats mellan tre och \u00e5tta \u00e5r p\u00e5 amerikanska ekfat. Denna lagring ger whiskyn en rund, mjuk och balanserad karakt\u00e4r med b\u00e5de djup och finess.<\/p>\n<p>I doften finner man inslag av honung, vanilj, ek och torkad frukt. Smaken \u00e4r len med toner av karamell, kryddor, rostad ek och en f\u00f6rsiktig antydan till r\u00f6kighet som tillf\u00f6r komplexitet utan att ta \u00f6ver. Eftersmaken \u00e4r varm, maltig och balanserad.<\/p>\n<p>Sir Edward\u2019s passar utm\u00e4rkt att njuta av som den \u00e4r, med is, eller som bas i klassiska whiskybaserade drinkar. En m\u00e5ngsidig och prisv\u00e4rd whisky med genuin skotsk k\u00e4nsla.<\/p>\n","protected":false},"excerpt":{"rendered":"<p>Blended Scotch Whisky<\/p>\n","protected":false},"featured_media":92611,"template":"","meta":{"_acf_changed":false,"rs_blank_template":"","rs_page_bg_color":"","slide_template_v7":""},"product_brand":[],"product_cat":[2387,4765,2392],"product_tag":[],"class_list":{"0":"post-92602","1":"product","2":"type-product","3":"status-publish","4":"has-post-thumbnail","6":"product_cat-avec-sv","7":"product_cat-blended-sv","8":"product_cat-whisky-sv","9":"pa_land-skottland","10":"pa_procent-40-sv-2","11":"pa_producent-la-martiniquaise-sv","12":"pa_volume-100-sv","14":"first","15":"instock","16":"sale","17":"taxable","18":"shipping-taxable","19":"purchasable","20":"product-type-simple"},"bundled_by":[],"bundle_stock_status":"instock","bundle_stock_quantity":null,"bundle_virtual":false,"bundle_layout":"","bundle_add_to_cart_form_location":"","bundle_editable_in_cart":false,"bundle_sold_individually_context":"","bundle_item_grouping":"","bundle_min_size":"","bundle_max_size":"","bundle_price":[],"bundled_items":[],"bundle_sell_ids":[],"acf":[],"_links":{"self":[{"href":"https:\/\/www.raschvin.com\/sv\/wp-json\/wp\/v2\/product\/92602","targetHints":{"allow":["GET"]}}],"collection":[{"href":"https:\/\/www.raschvin.com\/sv\/wp-json\/wp\/v2\/product"}],"about":[{"href":"https:\/\/www.raschvin.com\/sv\/wp-json\/wp\/v2\/types\/product"}],"wp:featuredmedia":[{"embeddable":true,"href":"https:\/\/www.raschvin.com\/sv\/wp-json\/wp\/v2\/media\/92611"}],"wp:attachment":[{"href":"https:\/\/www.raschvin.com\/sv\/wp-json\/wp\/v2\/media?parent=92602"}],"wp:term":[{"taxonomy":"product_brand","embeddable":true,"href":"https:\/\/www.raschvin.com\/sv\/wp-json\/wp\/v2\/product_brand?post=92602"},{"taxonomy":"product_cat","embeddable":true,"href":"https:\/\/www.raschvin.com\/sv\/wp-json\/wp\/v2\/product_cat?post=92602"},{"taxonomy":"product_tag","embeddable":true,"href":"https:\/\/www.raschvin.com\/sv\/wp-json\/wp\/v2\/product_tag?post=92602"}],"curies":[{"name":"wp","href":"https:\/\/api.w.org\/{rel}","templated":true}]}}