{"id":92507,"date":"2025-07-09T12:46:30","date_gmt":"2025-07-09T10:46:30","guid":{"rendered":"https:\/\/www.raschvin.com\/?post_type=product&#038;p=92507"},"modified":"2025-07-09T13:34:43","modified_gmt":"2025-07-09T11:34:43","slug":"laphroaig-10-years-sherry-oak-finish-70-cl-48-kopier","status":"publish","type":"product","link":"https:\/\/www.raschvin.com\/sv\/produkt\/laphroaig-10-years-sherry-oak-finish-70-cl-48-kopier\/","title":{"rendered":"Laphroaig 10 Years Cask Strength Batch #17 70 cl. 58,3%"},"content":{"rendered":"<p>Laphroaig 10 Years Cask Strength Batch 17 \u00e4r en kraftfull och of\u00f6rfalskad single malt fr\u00e5n Islay. Whiskyn har lagrats i \u00f6ver 10 \u00e5r p\u00e5 amerikanska bourbonfat och buteljerats vid naturlig fatstyrka p\u00e5 58,3\u202f%. Den representerar Laphroaigs mest intensiva uttryck \u2013 r\u00f6kig, havsn\u00e4ra och med en tydlig medicinsk ton.<\/p>\n<p>Denna utg\u00e5va \u00e4r ej kylembitterad, vilket bevarar alla naturliga oljor och smak\u00e4mnen. Doften \u00e4r djup och kraftfull med toner av torvr\u00f6k, jod, ljung, vanilj och grillad citron. Smaken \u00e4r fyllig och oljig med inslag av bakat \u00e4pple, kola, s\u00e4lta, t\u00e5ng, \u00f6rtig r\u00f6k och svalkande mentol. Eftersmaken \u00e4r l\u00e5ng, pepprig och r\u00f6kig med inslag av l\u00e4der, torkade \u00f6rter och s\u00f6t r\u00f6k.<\/p>\n<p>Batch 17 \u00e4r ett m\u00e4ktigt uttryck av Laphroaigs sj\u00e4l \u2013 vild, komplex och balanserad. Den avnjuts b\u00e4st som den \u00e4r eller med n\u00e5gra droppar vatten f\u00f6r att sl\u00e4ppa fram alla nyanser.<\/p>\n","protected":false},"excerpt":{"rendered":"<p>Islay Single Malt Scotch Whisky<\/p>\n","protected":false},"featured_media":92555,"template":"","meta":{"_acf_changed":false,"rs_blank_template":"","rs_page_bg_color":"","slide_template_v7":""},"product_brand":[],"product_cat":[2387,4651,2392],"product_tag":[],"class_list":{"0":"post-92507","1":"product","2":"type-product","3":"status-publish","4":"has-post-thumbnail","6":"product_cat-avec-sv","7":"product_cat-single-malt-sv","8":"product_cat-whisky-sv","9":"pa_land-skottland","10":"pa_procent-58-3-sv","11":"pa_producent-laphroaig-sv","12":"pa_region-islay-sv","13":"pa_volume-70-sv-2","15":"first","16":"instock","17":"taxable","18":"shipping-taxable","19":"purchasable","20":"product-type-simple"},"bundled_by":[],"bundle_stock_status":"instock","bundle_stock_quantity":null,"bundle_virtual":false,"bundle_layout":"","bundle_add_to_cart_form_location":"","bundle_editable_in_cart":false,"bundle_sold_individually_context":"","bundle_item_grouping":"","bundle_min_size":"","bundle_max_size":"","bundle_price":[],"bundled_items":[],"bundle_sell_ids":[],"acf":[],"_links":{"self":[{"href":"https:\/\/www.raschvin.com\/sv\/wp-json\/wp\/v2\/product\/92507","targetHints":{"allow":["GET"]}}],"collection":[{"href":"https:\/\/www.raschvin.com\/sv\/wp-json\/wp\/v2\/product"}],"about":[{"href":"https:\/\/www.raschvin.com\/sv\/wp-json\/wp\/v2\/types\/product"}],"wp:featuredmedia":[{"embeddable":true,"href":"https:\/\/www.raschvin.com\/sv\/wp-json\/wp\/v2\/media\/92555"}],"wp:attachment":[{"href":"https:\/\/www.raschvin.com\/sv\/wp-json\/wp\/v2\/media?parent=92507"}],"wp:term":[{"taxonomy":"product_brand","embeddable":true,"href":"https:\/\/www.raschvin.com\/sv\/wp-json\/wp\/v2\/product_brand?post=92507"},{"taxonomy":"product_cat","embeddable":true,"href":"https:\/\/www.raschvin.com\/sv\/wp-json\/wp\/v2\/product_cat?post=92507"},{"taxonomy":"product_tag","embeddable":true,"href":"https:\/\/www.raschvin.com\/sv\/wp-json\/wp\/v2\/product_tag?post=92507"}],"curies":[{"name":"wp","href":"https:\/\/api.w.org\/{rel}","templated":true}]}}