{"id":92486,"date":"2025-07-09T11:23:54","date_gmt":"2025-07-09T09:23:54","guid":{"rendered":"https:\/\/www.raschvin.com\/?post_type=product&#038;p=92486"},"modified":"2025-07-09T11:29:20","modified_gmt":"2025-07-09T09:29:20","slug":"smaa-shots-party-pack-mix-tubes-5x2-cl-164-kopier","status":"publish","type":"product","link":"https:\/\/www.raschvin.com\/sv\/produkt\/smaa-shots-party-pack-mix-tubes-5x2-cl-164-kopier\/","title":{"rendered":"SM\u00c5 SHOTS Party-Pack Mix Tubes 8&#215;2 cl. 16,4%"},"content":{"rendered":"<p>De popul\u00e4ra SM\u00c5 SHOTS finns nu i ett 8-pack.<br \/>\nR\u00f6ren \u00e4r tillverkade i ett splitterfritt material med ett fastmonterat f\u00f6rslutningssystem som sitter kvar p\u00e5 r\u00f6ret efter \u00f6ppning \u2013 perfekt att ta med p\u00e5 spr\u00e5ng.<\/p>\n<p>SM\u00c5 SHOTS 8-PACK R\u00d6R inneh\u00e5ller 2 x 4 r\u00f6r:<\/p>\n<p>SM\u00c5 SURE Sour Lemon Sorbet<br \/>\nSM\u00c5 SURE Sour Raspberry<br \/>\nSM\u00c5 FUGLE<br \/>\nSM\u00c5 BATS<br \/>\nV\u00e5ra r\u00f6r \u00e4r tillverkade i 100\u202f% \u00e5tervinningsbar plast.<br \/>\nR\u00f6r, korkar och etiketter \u00e4r gjorda av samma material, vilket g\u00f6r att de tomma r\u00f6ren kan \u00e5tervinnas utan ytterligare sortering.<br \/>\nMaterialet \u00e4r helt splitterfritt.<br \/>\nMed fastmonterat f\u00f6rslutningssystem som sitter kvar p\u00e5 r\u00f6ret efter \u00f6ppning.<br \/>\nEnkel st\u00e4dning efter t.ex. festivaler och konserter.<\/p>\n","protected":false},"excerpt":{"rendered":"<p>Danish Sweet &#038; Sour Spirit Drink<\/p>\n","protected":false},"featured_media":92521,"template":"","meta":{"_acf_changed":false,"rs_blank_template":"","rs_page_bg_color":"","slide_template_v7":""},"product_brand":[],"product_cat":[4716,2387,4670,4666,2407,2390,2402],"product_tag":[],"class_list":{"0":"post-92486","1":"product","2":"type-product","3":"status-publish","4":"has-post-thumbnail","6":"product_cat-andra-likorer","7":"product_cat-avec-sv","8":"product_cat-frukt","9":"product_cat-lakrits-sprit","10":"product_cat-shots-sv","11":"product_cat-sprit","12":"product_cat-sprit-sv","13":"pa_land-danmark-sv","14":"pa_procent-16-4-sv","15":"pa_producent-spritfabrikken-danmark-sv","16":"pa_volume-16-sv","18":"first","19":"instock","20":"taxable","21":"shipping-taxable","22":"purchasable","23":"product-type-simple"},"bundled_by":[],"bundle_stock_status":"instock","bundle_stock_quantity":null,"bundle_virtual":false,"bundle_layout":"","bundle_add_to_cart_form_location":"","bundle_editable_in_cart":false,"bundle_sold_individually_context":"","bundle_item_grouping":"","bundle_min_size":"","bundle_max_size":"","bundle_price":[],"bundled_items":[],"bundle_sell_ids":[],"acf":[],"_links":{"self":[{"href":"https:\/\/www.raschvin.com\/sv\/wp-json\/wp\/v2\/product\/92486","targetHints":{"allow":["GET"]}}],"collection":[{"href":"https:\/\/www.raschvin.com\/sv\/wp-json\/wp\/v2\/product"}],"about":[{"href":"https:\/\/www.raschvin.com\/sv\/wp-json\/wp\/v2\/types\/product"}],"wp:featuredmedia":[{"embeddable":true,"href":"https:\/\/www.raschvin.com\/sv\/wp-json\/wp\/v2\/media\/92521"}],"wp:attachment":[{"href":"https:\/\/www.raschvin.com\/sv\/wp-json\/wp\/v2\/media?parent=92486"}],"wp:term":[{"taxonomy":"product_brand","embeddable":true,"href":"https:\/\/www.raschvin.com\/sv\/wp-json\/wp\/v2\/product_brand?post=92486"},{"taxonomy":"product_cat","embeddable":true,"href":"https:\/\/www.raschvin.com\/sv\/wp-json\/wp\/v2\/product_cat?post=92486"},{"taxonomy":"product_tag","embeddable":true,"href":"https:\/\/www.raschvin.com\/sv\/wp-json\/wp\/v2\/product_tag?post=92486"}],"curies":[{"name":"wp","href":"https:\/\/api.w.org\/{rel}","templated":true}]}}