{"id":92468,"date":"2025-07-09T08:49:31","date_gmt":"2025-07-09T06:49:31","guid":{"rendered":"https:\/\/www.raschvin.com\/produkt\/sainte-gabelle-colombard-sauvignon-blanc-2024-75-cl\/"},"modified":"2025-07-09T08:49:31","modified_gmt":"2025-07-09T06:49:31","slug":"sainte-gabelle-colombard-sauvignon-blanc-2024-75-cl","status":"publish","type":"product","link":"https:\/\/www.raschvin.com\/sv\/produkt\/sainte-gabelle-colombard-sauvignon-blanc-2024-75-cl\/","title":{"rendered":"Sainte Gabelle Colombard-Sauvignon Blanc 2024 75 cl."},"content":{"rendered":"<p>Denna enast\u00e5ende pris\/kvalitets-vinnare \u00e4r torr, frisk och mycket aromatisk \u2013 inte olik en Sancerre, men lyckligtvis utan det tresiffriga priset som ofta f\u00f6ljer med f\u00f6rebilden fr\u00e5n Loire.<\/p>\n<p>Familjen Le Menn producerar livfulla, aromatiska viner fr\u00e5n sina egna ving\u00e5rdar \u2013 viner som inte kr\u00e4ver en vinkurs f\u00f6r att uppskattas.<\/p>\n<p>Vinet \u00e4r en blandning av colombard och sauvignon blanc \u2013 tv\u00e5 aromatiskt n\u00e4rbesl\u00e4ktade druvsorter, b\u00e5da med frisk syra, intensiva blommiga aromer och l\u00e5g fyllighet. Stilen bevaras skickligt genom kallj\u00e4sning i rostfria st\u00e5ltankar. D\u00e4refter lagras vinet ocks\u00e5 p\u00e5 st\u00e5ltank tillsammans med sin f\u00e4llning (fing\u00e4ret) fram till blandning och buteljering.<\/p>\n<p>Citron och grapefrukt, nyslaget gr\u00e4s, fl\u00e4derblom, svarta vinb\u00e4rsblad och tropiska toner \u00e5t passionsfrukt utg\u00f6r den aromatiska k\u00e4rnan i vinet, som \u00e4r torrt utan att vara skarpt \u2013 och har helt enkelt en eftertraktad drickbarhet.<\/p>\n<p>M\u00e5nga har detta vin som sin favoritaperitif, men det \u00e4r ocks\u00e5 mycket m\u00e5ngsidigt som matvin \u2013 till exempel till sushi, r\u00f6kt lax, en gr\u00f6nsallad med f\u00e4rsk getost, r\u00e4kmacka eller l\u00e4ttare fiskr\u00e4tter.<\/p>\n<p>Sainte Gabelle Colombard &#8211; Sauvignon Blanc \u00e4r njutbar att dricka och bevarar samtidigt sin ungdomliga friskhet.<\/p>\n<p>Vi rekommenderar en serveringstemperatur p\u00e5 ca 7\u201310\u00b0C.<\/p>\n","protected":false},"excerpt":{"rendered":"<p>C\u00f4tes de Gascogne IGP &#8211; France<\/p>\n","protected":false},"featured_media":92474,"template":"","meta":{"_acf_changed":false,"rs_blank_template":"","rs_page_bg_color":"","slide_template_v7":""},"product_brand":[],"product_cat":[2788,2792],"product_tag":[],"class_list":{"0":"post-92468","1":"product","2":"type-product","3":"status-publish","4":"has-post-thumbnail","6":"product_cat-vin-sv","7":"product_cat-vitt-vin","8":"pa_aargang-2024-sv","9":"pa_drue-sauvignon-blanc-sv","10":"pa_drue-colombard-sv","11":"pa_land-frankrike","12":"pa_procent-13-5-sv","13":"pa_producent-le-menn-sv","14":"pa_region-gascogne-sv","15":"pa_serveringstemperatur-7-10-sv","16":"pa_volume-75-sv","18":"first","19":"instock","20":"taxable","21":"shipping-taxable","22":"purchasable","23":"product-type-simple"},"bundled_by":["119659","119707","120405"],"bundle_stock_status":"instock","bundle_stock_quantity":null,"bundle_virtual":false,"bundle_layout":"","bundle_add_to_cart_form_location":"","bundle_editable_in_cart":false,"bundle_sold_individually_context":"","bundle_item_grouping":"","bundle_min_size":"","bundle_max_size":"","bundle_price":[],"bundled_items":[],"bundle_sell_ids":[],"acf":[],"_links":{"self":[{"href":"https:\/\/www.raschvin.com\/sv\/wp-json\/wp\/v2\/product\/92468","targetHints":{"allow":["GET"]}}],"collection":[{"href":"https:\/\/www.raschvin.com\/sv\/wp-json\/wp\/v2\/product"}],"about":[{"href":"https:\/\/www.raschvin.com\/sv\/wp-json\/wp\/v2\/types\/product"}],"wp:featuredmedia":[{"embeddable":true,"href":"https:\/\/www.raschvin.com\/sv\/wp-json\/wp\/v2\/media\/92474"}],"wp:attachment":[{"href":"https:\/\/www.raschvin.com\/sv\/wp-json\/wp\/v2\/media?parent=92468"}],"wp:term":[{"taxonomy":"product_brand","embeddable":true,"href":"https:\/\/www.raschvin.com\/sv\/wp-json\/wp\/v2\/product_brand?post=92468"},{"taxonomy":"product_cat","embeddable":true,"href":"https:\/\/www.raschvin.com\/sv\/wp-json\/wp\/v2\/product_cat?post=92468"},{"taxonomy":"product_tag","embeddable":true,"href":"https:\/\/www.raschvin.com\/sv\/wp-json\/wp\/v2\/product_tag?post=92468"}],"curies":[{"name":"wp","href":"https:\/\/api.w.org\/{rel}","templated":true}]}}