{"id":92465,"date":"2025-07-09T08:24:59","date_gmt":"2025-07-09T06:24:59","guid":{"rendered":"https:\/\/www.raschvin.com\/?post_type=product&#038;p=92465"},"modified":"2025-07-09T08:30:26","modified_gmt":"2025-07-09T06:30:26","slug":"mcpeterson-chardonnay-2023-75-cl-kopier","status":"publish","type":"product","link":"https:\/\/www.raschvin.com\/sv\/produkt\/mcpeterson-chardonnay-2023-75-cl-kopier\/","title":{"rendered":"McPeterson Shiraz 2021 75 cl."},"content":{"rendered":"<p>En god, l\u00e4ttdrucken och prisv\u00e4rd Barossa Shiraz \u00e4r en sv\u00e5r kombination \u2013 men McPeterson har h\u00e4r lyckats skapa ett v\u00e4lgjort vin som inte t\u00f6mmer r\u00f6dvinsbudgeten.<\/p>\n<p>N\u00e4r man pratar om australiskt r\u00f6dvin, dyker oftast Barossa Valley Shiraz upp f\u00f6rst i tankarna. Och \u00e4ven om de ikoniska vinerna h\u00e4rifr\u00e5n tillh\u00f6r v\u00e4rldseliten, s\u00e5 \u00e4r priserna tyv\u00e4rr ofta d\u00e4refter. McPeterson Barossa Valley Shiraz spelar i en annan liga \u00e4n toppvinerna, men det \u00e4r \u00e5 andra sidan ett \u00e4rligt, gott och prisv\u00e4rt r\u00f6dvin fr\u00e5n ett trendigt omr\u00e5de.<\/p>\n<p>Doft och smak domineras av b\u00e4raromer med b\u00e5de r\u00f6d och m\u00f6rk frukt, kryddade med lite lakrits och varma kryddor. Stilen \u00e4r medelfyllig, torr och r\u00e4ttfram. McPeterson Shiraz \u00e4r ett vardagsvin som man dricker till den mat man tycker om.<\/p>\n<p>Det beh\u00f6ver inte alltid vara en perfekt match mellan mat och vin \u2013 ibland ska man bara \u00e4ta och dricka det man gillar, utan att t\u00e4nka f\u00f6r mycket. Det blir oftast b\u00e4st s\u00e5.<\/p>\n<p>Vinet \u00e4r redo att drickas nu och b\u00f6r serveras vid 15\u201318\u00b0C.<\/p>\n","protected":false},"excerpt":{"rendered":"<p>Barossa Valley &#8211; Australia<\/p>\n","protected":false},"featured_media":92478,"template":"","meta":{"_acf_changed":false,"rs_blank_template":"","rs_page_bg_color":"","slide_template_v7":""},"product_brand":[],"product_cat":[2788,2798],"product_tag":[],"class_list":{"0":"post-92465","1":"product","2":"type-product","3":"status-publish","4":"has-post-thumbnail","6":"product_cat-vin-sv","7":"product_cat-roedvin-sv","8":"pa_aargang-2021-sv","9":"pa_drue-shiraz-sv","10":"pa_land-australien-sv","11":"pa_procent-14-5-sv","12":"pa_producent-mcpherson-wines-sv","13":"pa_region-barossa-valley-sv","14":"pa_serveringstemperatur-15-18-sv","15":"pa_volume-75-sv","17":"first","18":"instock","19":"taxable","20":"shipping-taxable","21":"purchasable","22":"product-type-simple"},"bundled_by":["119760","119813"],"bundle_stock_status":"instock","bundle_stock_quantity":null,"bundle_virtual":false,"bundle_layout":"","bundle_add_to_cart_form_location":"","bundle_editable_in_cart":false,"bundle_sold_individually_context":"","bundle_item_grouping":"","bundle_min_size":"","bundle_max_size":"","bundle_price":[],"bundled_items":[],"bundle_sell_ids":[],"acf":[],"_links":{"self":[{"href":"https:\/\/www.raschvin.com\/sv\/wp-json\/wp\/v2\/product\/92465","targetHints":{"allow":["GET"]}}],"collection":[{"href":"https:\/\/www.raschvin.com\/sv\/wp-json\/wp\/v2\/product"}],"about":[{"href":"https:\/\/www.raschvin.com\/sv\/wp-json\/wp\/v2\/types\/product"}],"wp:featuredmedia":[{"embeddable":true,"href":"https:\/\/www.raschvin.com\/sv\/wp-json\/wp\/v2\/media\/92478"}],"wp:attachment":[{"href":"https:\/\/www.raschvin.com\/sv\/wp-json\/wp\/v2\/media?parent=92465"}],"wp:term":[{"taxonomy":"product_brand","embeddable":true,"href":"https:\/\/www.raschvin.com\/sv\/wp-json\/wp\/v2\/product_brand?post=92465"},{"taxonomy":"product_cat","embeddable":true,"href":"https:\/\/www.raschvin.com\/sv\/wp-json\/wp\/v2\/product_cat?post=92465"},{"taxonomy":"product_tag","embeddable":true,"href":"https:\/\/www.raschvin.com\/sv\/wp-json\/wp\/v2\/product_tag?post=92465"}],"curies":[{"name":"wp","href":"https:\/\/api.w.org\/{rel}","templated":true}]}}