{"id":92462,"date":"2025-07-09T08:21:01","date_gmt":"2025-07-09T06:21:01","guid":{"rendered":"https:\/\/www.raschvin.com\/produkt\/mcpeterson-chardonnay-2023-75-cl\/"},"modified":"2025-07-09T08:21:01","modified_gmt":"2025-07-09T06:21:01","slug":"mcpeterson-chardonnay-2023-75-cl","status":"publish","type":"product","link":"https:\/\/www.raschvin.com\/sv\/produkt\/mcpeterson-chardonnay-2023-75-cl\/","title":{"rendered":"McPeterson Chardonnay 2023 75 cl."},"content":{"rendered":"<p>McPeterson Chardonnay \u00e4r ett torrt, fylligt, charmigt och l\u00e4ttillg\u00e4ngligt australiskt vitt vin d\u00e4r fatlagring och frukt harmoniserar p\u00e5 b\u00e4sta s\u00e4tt.<\/p>\n<p>Chardonnay-druvorna kommer fr\u00e5n Limestone Coast, som ligger ungef\u00e4r mitt emellan Adelaide och Melbourne. Som namnet antyder inneh\u00e5ller jorden kalksten fr\u00e5n nedbrutna fossiler. De svalare delarna av Limestone Coast l\u00e4mpar sig v\u00e4l f\u00f6r vitvinsdruvor, och s\u00e4rskilt chardonnay trivs utm\u00e4rkt h\u00e4r.<\/p>\n<p>Ekfaten har anv\u00e4nts med omtanke, vilket ger en subtil, kr\u00e4mig ton utan att ta \u00f6ver fruktens uttryck.<\/p>\n<p>Doft och smak bjuder p\u00e5 inslag av melon, vit persika och citrus, blandat med lite tropisk frukt och kryddiga toner av vanilj. Smaken \u00e4r fyllig med balanserad struktur, fin rond\u00f6r och en perfekt avrundad avslutning.<\/p>\n<p>Vinets stil tilltalar inte bara en bred publik \u2013 det passar ocks\u00e5 till en m\u00e4ngd matr\u00e4tter: allt fr\u00e5n havets l\u00e4ckerheter till kyckling, gr\u00e4ddiga pastar\u00e4tter och ljusa k\u00f6ttr\u00e4tter som kalvfrikass\u00e9 \u2013 allt fungerar med det h\u00e4r vinet.<\/p>\n<p>Avnjut vinet nu eller inom de n\u00e4rmaste \u00e5ren, serverat vid cirka 8\u201312\u00b0C.<\/p>\n","protected":false},"excerpt":{"rendered":"<p>Limestone Coast &#8211; Australia<\/p>\n","protected":false},"featured_media":92471,"template":"","meta":{"_acf_changed":false,"rs_blank_template":"","rs_page_bg_color":"","slide_template_v7":""},"product_brand":[],"product_cat":[2788,2792],"product_tag":[],"class_list":{"0":"post-92462","1":"product","2":"type-product","3":"status-publish","4":"has-post-thumbnail","6":"product_cat-vin-sv","7":"product_cat-vitt-vin","8":"pa_aargang-2023-sv","9":"pa_drue-chardonnay-sv","10":"pa_land-australien-sv","11":"pa_procent-13-5-sv","12":"pa_producent-mcpherson-wines-sv","13":"pa_region-limestone-coast-sv","14":"pa_serveringstemperatur-8-12-sv","15":"pa_volume-75-sv","17":"first","18":"instock","19":"taxable","20":"shipping-taxable","21":"purchasable","22":"product-type-simple"},"bundled_by":["119623"],"bundle_stock_status":"instock","bundle_stock_quantity":null,"bundle_virtual":false,"bundle_layout":"","bundle_add_to_cart_form_location":"","bundle_editable_in_cart":false,"bundle_sold_individually_context":"","bundle_item_grouping":"","bundle_min_size":"","bundle_max_size":"","bundle_price":[],"bundled_items":[],"bundle_sell_ids":[],"acf":[],"_links":{"self":[{"href":"https:\/\/www.raschvin.com\/sv\/wp-json\/wp\/v2\/product\/92462","targetHints":{"allow":["GET"]}}],"collection":[{"href":"https:\/\/www.raschvin.com\/sv\/wp-json\/wp\/v2\/product"}],"about":[{"href":"https:\/\/www.raschvin.com\/sv\/wp-json\/wp\/v2\/types\/product"}],"wp:featuredmedia":[{"embeddable":true,"href":"https:\/\/www.raschvin.com\/sv\/wp-json\/wp\/v2\/media\/92471"}],"wp:attachment":[{"href":"https:\/\/www.raschvin.com\/sv\/wp-json\/wp\/v2\/media?parent=92462"}],"wp:term":[{"taxonomy":"product_brand","embeddable":true,"href":"https:\/\/www.raschvin.com\/sv\/wp-json\/wp\/v2\/product_brand?post=92462"},{"taxonomy":"product_cat","embeddable":true,"href":"https:\/\/www.raschvin.com\/sv\/wp-json\/wp\/v2\/product_cat?post=92462"},{"taxonomy":"product_tag","embeddable":true,"href":"https:\/\/www.raschvin.com\/sv\/wp-json\/wp\/v2\/product_tag?post=92462"}],"curies":[{"name":"wp","href":"https:\/\/api.w.org\/{rel}","templated":true}]}}