{"id":92383,"date":"2025-07-08T08:48:20","date_gmt":"2025-07-08T06:48:20","guid":{"rendered":"https:\/\/www.raschvin.com\/?post_type=product&#038;p=92383"},"modified":"2025-07-08T08:52:41","modified_gmt":"2025-07-08T06:52:41","slug":"velier-foursquare-fidelitas-2004-70-cl-55-kopier","status":"publish","type":"product","link":"https:\/\/www.raschvin.com\/sv\/produkt\/velier-foursquare-fidelitas-2004-70-cl-55-kopier\/","title":{"rendered":"Velier FOURSQUARE Sassafras 70 cl. 61%"},"content":{"rendered":"<p>Foursquare Sassafras \u00e4r en exklusiv och kraftfull rom fr\u00e5n Foursquare Distillery p\u00e5 Barbados, framtagen i samarbete med det italienska buteljeringshuset Velier. Denna rom \u00e4r en s\u00e5 kallad single blended \u2013 en kombination av b\u00e5de pot still- och column still-destillat fr\u00e5n samma destilleri. Sassafras har lagrats i totalt 14 \u00e5r i tropiskt klimat: f\u00f6rst tre \u00e5r p\u00e5 bourbonfat och d\u00e4refter elva \u00e5r p\u00e5 cognacsfat. Den \u00e4r buteljerad vid 61\u202f% alkoholstyrka, utan tillsatser eller kylfiltrering.<\/p>\n<p>Aromen \u00e4r djup och komplex med toner av vanilj, kokos, torkad frukt och kryddig ek. Cognacsfaten tillf\u00f6r en elegant fruktighet och struktur. Smaken \u00e4r fyllig och intensiv med inslag av karamell, m\u00f6rk choklad, rostad kokos och en l\u00e5ng, kryddig avslutning med tydlig ekkarakt\u00e4r.<\/p>\n<p>Foursquare Distillery \u00e4r ett av v\u00e4rldens mest respekterade romdestillerier. Bel\u00e4get p\u00e5 Barbados och drivet av Richard Seale, \u00e4r det k\u00e4nt f\u00f6r sin kompromissl\u00f6sa kvalitet, transparens och traditionella produktionsmetoder. Inga tillsatser, ingen s\u00f6tning, bara ren rom lagrad i tropiskt klimat. Samarbetet med Velier och Luca Gargano har lett till flera ikoniska utg\u00e5vor \u2013 d\u00e4ribland Sassafras \u2013 som efterfr\u00e5gas av rom\u00e4lskare v\u00e4rlden \u00f6ver.<\/p>\n","protected":false},"excerpt":{"rendered":"<p>Single Blended Rum \u2013 Barbados<\/p>\n","protected":false},"featured_media":92412,"template":"","meta":{"_acf_changed":false,"rs_blank_template":"","rs_page_bg_color":"","slide_template_v7":""},"product_brand":[],"product_cat":[2387,4634,2391],"product_tag":[],"class_list":{"0":"post-92383","1":"product","2":"type-product","3":"status-publish","4":"has-post-thumbnail","6":"product_cat-avec-sv","7":"product_cat-premium-aged-sv","8":"product_cat-rom-sv","9":"pa_land-barbados-sv","10":"pa_procent-61-sv","11":"pa_producent-foursquare-sv","12":"pa_traefad-cognac-sv","13":"pa_volume-70-sv-2","15":"first","16":"instock","17":"taxable","18":"shipping-taxable","19":"purchasable","20":"product-type-simple"},"bundled_by":[],"bundle_stock_status":"instock","bundle_stock_quantity":2,"bundle_virtual":false,"bundle_layout":"","bundle_add_to_cart_form_location":"","bundle_editable_in_cart":false,"bundle_sold_individually_context":"","bundle_item_grouping":"","bundle_min_size":"","bundle_max_size":"","bundle_price":[],"bundled_items":[],"bundle_sell_ids":[],"acf":[],"_links":{"self":[{"href":"https:\/\/www.raschvin.com\/sv\/wp-json\/wp\/v2\/product\/92383","targetHints":{"allow":["GET"]}}],"collection":[{"href":"https:\/\/www.raschvin.com\/sv\/wp-json\/wp\/v2\/product"}],"about":[{"href":"https:\/\/www.raschvin.com\/sv\/wp-json\/wp\/v2\/types\/product"}],"wp:featuredmedia":[{"embeddable":true,"href":"https:\/\/www.raschvin.com\/sv\/wp-json\/wp\/v2\/media\/92412"}],"wp:attachment":[{"href":"https:\/\/www.raschvin.com\/sv\/wp-json\/wp\/v2\/media?parent=92383"}],"wp:term":[{"taxonomy":"product_brand","embeddable":true,"href":"https:\/\/www.raschvin.com\/sv\/wp-json\/wp\/v2\/product_brand?post=92383"},{"taxonomy":"product_cat","embeddable":true,"href":"https:\/\/www.raschvin.com\/sv\/wp-json\/wp\/v2\/product_cat?post=92383"},{"taxonomy":"product_tag","embeddable":true,"href":"https:\/\/www.raschvin.com\/sv\/wp-json\/wp\/v2\/product_tag?post=92383"}],"curies":[{"name":"wp","href":"https:\/\/api.w.org\/{rel}","templated":true}]}}