{"id":92069,"date":"2025-07-03T20:05:17","date_gmt":"2025-07-03T18:05:17","guid":{"rendered":"https:\/\/www.raschvin.com\/produkt\/koskenkorva-rhubarb-spritz-75-cl-8\/"},"modified":"2025-07-03T20:05:17","modified_gmt":"2025-07-03T18:05:17","slug":"koskenkorva-rhubarb-spritz-75-cl-8","status":"publish","type":"product","link":"https:\/\/www.raschvin.com\/sv\/produkt\/koskenkorva-rhubarb-spritz-75-cl-8\/","title":{"rendered":"Koskenkorva Rhubarb Spritz 75 cl. 8%"},"content":{"rendered":"<p>Koskenkorva Rhubarb Spritz \u00e4r en l\u00e4tt mousserande cocktail med en frisk ton av rabarber och en hint av hallon. Den \u00e4r baserad p\u00e5 naturliga aromer och rabarberextrakt fr\u00e5n Sundsvall \u2013 perfekt balanserad och inte f\u00f6r s\u00f6t.<\/p>\n<p>Den \u00e4r f\u00e4rdig att serveras direkt fr\u00e5n flaskan och passar utm\u00e4rkt till mysiga stunder med v\u00e4nner. Servera Koskenkorva Rhubarb Spritz iskall eller \u00f6ver is \u2013 g\u00e4rna med lite f\u00e4rsk frukt f\u00f6r det lilla extra.<\/p>\n","protected":false},"excerpt":{"rendered":"<p>Flavored Sparkling Wine<\/p>\n","protected":false},"featured_media":92156,"template":"","meta":{"_acf_changed":false,"rs_blank_template":"","rs_page_bg_color":"","slide_template_v7":""},"product_brand":[],"product_cat":[2779,2776,4590,2402],"product_tag":[],"class_list":{"0":"post-92069","1":"product","2":"type-product","3":"status-publish","4":"has-post-thumbnail","6":"product_cat-andra","7":"product_cat-mousserende-sv","8":"product_cat-ready-to-drink-sv","9":"product_cat-sprit-sv","10":"pa_champagne-type-ready-to-drink-rtd-sv","11":"pa_land-finland-sv","12":"pa_procent-8-sv","13":"pa_producent-koskenkorva-sv","14":"pa_serveringstemperatur-8-10-sv","15":"pa_volume-75-sv","17":"first","18":"instock","19":"featured","20":"taxable","21":"shipping-taxable","22":"purchasable","23":"product-type-simple"},"bundled_by":[],"bundle_stock_status":"instock","bundle_stock_quantity":null,"bundle_virtual":false,"bundle_layout":"","bundle_add_to_cart_form_location":"","bundle_editable_in_cart":false,"bundle_sold_individually_context":"","bundle_item_grouping":"","bundle_min_size":"","bundle_max_size":"","bundle_price":[],"bundled_items":[],"bundle_sell_ids":[],"acf":[],"_links":{"self":[{"href":"https:\/\/www.raschvin.com\/sv\/wp-json\/wp\/v2\/product\/92069","targetHints":{"allow":["GET"]}}],"collection":[{"href":"https:\/\/www.raschvin.com\/sv\/wp-json\/wp\/v2\/product"}],"about":[{"href":"https:\/\/www.raschvin.com\/sv\/wp-json\/wp\/v2\/types\/product"}],"wp:featuredmedia":[{"embeddable":true,"href":"https:\/\/www.raschvin.com\/sv\/wp-json\/wp\/v2\/media\/92156"}],"wp:attachment":[{"href":"https:\/\/www.raschvin.com\/sv\/wp-json\/wp\/v2\/media?parent=92069"}],"wp:term":[{"taxonomy":"product_brand","embeddable":true,"href":"https:\/\/www.raschvin.com\/sv\/wp-json\/wp\/v2\/product_brand?post=92069"},{"taxonomy":"product_cat","embeddable":true,"href":"https:\/\/www.raschvin.com\/sv\/wp-json\/wp\/v2\/product_cat?post=92069"},{"taxonomy":"product_tag","embeddable":true,"href":"https:\/\/www.raschvin.com\/sv\/wp-json\/wp\/v2\/product_tag?post=92069"}],"curies":[{"name":"wp","href":"https:\/\/api.w.org\/{rel}","templated":true}]}}